{"id":24458,"date":"2026-03-16T00:45:29","date_gmt":"2026-03-15T22:45:29","guid":{"rendered":"https:\/\/originhobbies.com\/shop\/uncategorized\/oshm1232-omp-m1-v3-pro-main-rotor-blade-grip-bearing-set\/"},"modified":"2026-04-28T17:28:56","modified_gmt":"2026-04-28T15:28:56","slug":"oshm1232-omp-m1-v3-pro-main-rotor-blade-grip-bearing-set","status":"publish","type":"product","link":"https:\/\/originhobbies.com\/fi\/shop\/helicopter-parts\/omphobby-spare-parts\/omphobby-m1-v3-pro-spare-parts\/oshm1232-omp-m1-v3-pro-main-rotor-blade-grip-bearing-set\/","title":{"rendered":"OSHM1232 OMP M1 V3 Pro Main Rotor Blade  Grip Bearing Set"},"content":{"rendered":"<p>Main Rotor Blade  Grip Bearing Set for OMPHobby M1 V3 Pro Helicopter, OSHM1232<\/p>\n<h4>Sis\u00e4lt\u00e4\u00e4<\/h4>\n<p>Bearing \u03a62.5*\u03a66*2.6*4 washer \u03a62.5*\u03a64.8*0.4*2 Thrust bearing\u03a62.5x\u03a66&#215;3*2 Washer \u03a62.5x\u03a63.5&#215;0.2*2<\/p>","protected":false},"excerpt":{"rendered":"<p>Main Rotor Blade Grip Bearing Set for OMPHobby M1 V3 Pro Helicopter, OSHM1232 Includes Bearing \u03a62.5*\u03a66*2.6*4 washer \u03a62.5*\u03a64.8*0.4*2 Thrust bearing\u03a62.5x\u03a66&#215;3*2 Washer \u03a62.5x\u03a63.5&#215;0.2*2<\/p>","protected":false},"featured_media":24457,"comment_status":"open","ping_status":"closed","template":"","meta":{"_eb_attr":""},"product_brand":[],"product_cat":[453],"product_tag":[],"class_list":["post-24458","product","type-product","status-publish","has-post-thumbnail","product_cat-omphobby-m1-v3-pro-spare-parts","first","instock","taxable","shipping-taxable","purchasable","product-type-simple"],"jetpack_sharing_enabled":true,"_links":{"self":[{"href":"https:\/\/originhobbies.com\/fi\/wp-json\/wp\/v2\/product\/24458","targetHints":{"allow":["GET"]}}],"collection":[{"href":"https:\/\/originhobbies.com\/fi\/wp-json\/wp\/v2\/product"}],"about":[{"href":"https:\/\/originhobbies.com\/fi\/wp-json\/wp\/v2\/types\/product"}],"replies":[{"embeddable":true,"href":"https:\/\/originhobbies.com\/fi\/wp-json\/wp\/v2\/comments?post=24458"}],"wp:featuredmedia":[{"embeddable":true,"href":"https:\/\/originhobbies.com\/fi\/wp-json\/wp\/v2\/media\/24457"}],"wp:attachment":[{"href":"https:\/\/originhobbies.com\/fi\/wp-json\/wp\/v2\/media?parent=24458"}],"wp:term":[{"taxonomy":"product_brand","embeddable":true,"href":"https:\/\/originhobbies.com\/fi\/wp-json\/wp\/v2\/product_brand?post=24458"},{"taxonomy":"product_cat","embeddable":true,"href":"https:\/\/originhobbies.com\/fi\/wp-json\/wp\/v2\/product_cat?post=24458"},{"taxonomy":"product_tag","embeddable":true,"href":"https:\/\/originhobbies.com\/fi\/wp-json\/wp\/v2\/product_tag?post=24458"}],"curies":[{"name":"wp","href":"https:\/\/api.w.org\/{rel}","templated":true}]}}