{"id":24450,"date":"2026-03-16T00:45:25","date_gmt":"2026-03-15T22:45:25","guid":{"rendered":"https:\/\/originhobbies.com\/shop\/uncategorized\/oshm1228-omp-m1-v3-pro-main-rotor-yoke\/"},"modified":"2026-04-28T15:52:14","modified_gmt":"2026-04-28T13:52:14","slug":"oshm1228-omp-m1-v3-pro-main-rotor-yoke","status":"publish","type":"product","link":"https:\/\/originhobbies.com\/fi\/shop\/helicopter-parts\/omphobby-spare-parts\/omphobby-m1-v3-pro-spare-parts\/oshm1228-omp-m1-v3-pro-main-rotor-yoke\/","title":{"rendered":"OSHM1228 OMP M1 V3 Pro Main Rotor Yoke"},"content":{"rendered":"<p>Main Rotor Yoke for OMPHobby M1 V3 Pro Helicopter, OSHM1228<\/p>\n<h4>Sis\u00e4lt\u00e4\u00e4<\/h4>\n<p>Main Rotor Yoke*1<\/p>","protected":false},"excerpt":{"rendered":"<p>Main Rotor Yoke for OMPHobby M1 V3 Pro Helicopter, OSHM1228 Includes Main Rotor Yoke*1<\/p>","protected":false},"featured_media":24449,"comment_status":"open","ping_status":"closed","template":"","meta":{"_eb_attr":""},"product_brand":[],"product_cat":[453],"product_tag":[],"class_list":["post-24450","product","type-product","status-publish","has-post-thumbnail","product_cat-omphobby-m1-v3-pro-spare-parts","first","instock","taxable","shipping-taxable","purchasable","product-type-simple"],"jetpack_sharing_enabled":true,"_links":{"self":[{"href":"https:\/\/originhobbies.com\/fi\/wp-json\/wp\/v2\/product\/24450","targetHints":{"allow":["GET"]}}],"collection":[{"href":"https:\/\/originhobbies.com\/fi\/wp-json\/wp\/v2\/product"}],"about":[{"href":"https:\/\/originhobbies.com\/fi\/wp-json\/wp\/v2\/types\/product"}],"replies":[{"embeddable":true,"href":"https:\/\/originhobbies.com\/fi\/wp-json\/wp\/v2\/comments?post=24450"}],"wp:featuredmedia":[{"embeddable":true,"href":"https:\/\/originhobbies.com\/fi\/wp-json\/wp\/v2\/media\/24449"}],"wp:attachment":[{"href":"https:\/\/originhobbies.com\/fi\/wp-json\/wp\/v2\/media?parent=24450"}],"wp:term":[{"taxonomy":"product_brand","embeddable":true,"href":"https:\/\/originhobbies.com\/fi\/wp-json\/wp\/v2\/product_brand?post=24450"},{"taxonomy":"product_cat","embeddable":true,"href":"https:\/\/originhobbies.com\/fi\/wp-json\/wp\/v2\/product_cat?post=24450"},{"taxonomy":"product_tag","embeddable":true,"href":"https:\/\/originhobbies.com\/fi\/wp-json\/wp\/v2\/product_tag?post=24450"}],"curies":[{"name":"wp","href":"https:\/\/api.w.org\/{rel}","templated":true}]}}