{"id":24105,"date":"2026-02-26T15:39:55","date_gmt":"2026-02-26T13:39:55","guid":{"rendered":"https:\/\/originhobbies.com\/?post_type=product&#038;p=24105"},"modified":"2026-04-06T01:03:12","modified_gmt":"2026-04-05T23:03:12","slug":"omphobby-m1-v3-pro-rc-helicopter-bnf","status":"publish","type":"product","link":"https:\/\/originhobbies.com\/fi\/shop\/rc-helicopters\/helicopter-rtf-bnf-kits\/omphobby-m1\/omphobby-m1-v3-pro-rc-helicopter-bnf\/","title":{"rendered":"OMPHobby M1 V3 Pro RC-helikopteri BnF"},"content":{"rendered":"<p><br>M1 V3 PRO has been completely re-designed from ground up with the OFS3+ flight controller system with integared ExpressLRS receiver. The M1 V3 Pro has a completely new, sleeker and more aerodynamic canopy shape and adopts the four beautiful paint schemes known from M5, M6 and M7R. Coming in Cosmic Orange, Solar Yellow, Nebula Pink and Aurora Green, this helicopter will have a paint scheme for everyone!<\/p>\n\n\n<div class=\"wp-block-image\">\n<figure class=\"aligncenter size-large\"><img loading=\"lazy\" decoding=\"async\" width=\"1024\" height=\"738\" src=\"https:\/\/originhobbies.com\/wp-content\/uploads\/2026\/02\/m1-v3-pro-pc-1y-1024x738.jpg\" alt=\"\" class=\"wp-image-24245\" srcset=\"https:\/\/originhobbies.com\/wp-content\/uploads\/2026\/02\/m1-v3-pro-pc-1y-1024x738.jpg 1024w, https:\/\/originhobbies.com\/wp-content\/uploads\/2026\/02\/m1-v3-pro-pc-1y-300x216.jpg 300w, https:\/\/originhobbies.com\/wp-content\/uploads\/2026\/02\/m1-v3-pro-pc-1y-768x553.jpg 768w, https:\/\/originhobbies.com\/wp-content\/uploads\/2026\/02\/m1-v3-pro-pc-1y-18x12.jpg 18w, https:\/\/originhobbies.com\/wp-content\/uploads\/2026\/02\/m1-v3-pro-pc-1y-416x300.jpg 416w, https:\/\/originhobbies.com\/wp-content\/uploads\/2026\/02\/m1-v3-pro-pc-1y.jpg 1237w\" sizes=\"auto, (max-width: 1024px) 100vw, 1024px\" \/><\/figure>\n<\/div>\n\n\n<hr class=\"wp-block-separator has-alpha-channel-opacity\"\/>\n\n\n\n<p><span style=\"color: #ff0000;\" class=\"stk-highlight\">VAROITUS!<\/span> T\u00e4m\u00e4 ei ole lelu. V\u00e4\u00e4r\u00e4nlainen k\u00e4ytt\u00f6 voi aiheuttaa vakavia vammoja. RC-simulaattoriharjoittelua suositellaan ennen kuin yrit\u00e4t lent\u00e4\u00e4 t\u00e4t\u00e4 mallia. Ei sovellu lapsille.<br><a href=\"https:\/\/originhobbies.com\/fi\/legal-disclaimer\/\">Lue lis\u00e4\u00e4!<\/a><\/p>\n\n\n\n<hr class=\"wp-block-separator has-alpha-channel-opacity\"\/>\n\n\n\n<p><strong>Note: Available on pre-order. Delivery is expected on 8th April.<\/strong><\/p>\n\n\n\n<div class=\"wp-block-columns is-layout-flex wp-container-core-columns-is-layout-28f84493 wp-block-columns-is-layout-flex\">\n<div class=\"wp-block-column is-layout-flow wp-block-column-is-layout-flow\">\n<p><strong><a href=\"https:\/\/originhobbies.com\/fi\/shop\/helikopterin-osat-2\/omp-m1-helicopter-parts\/omphobby-m1-swash-leveling-tool\/?v=75778bf8fde7\">M1 Swash leveling tool<\/a>&nbsp;toimitetaan ilmaiseksi jokaisen M1-helikopterin mukana!<\/strong><\/p>\n<\/div>\n\n\n\n<div class=\"wp-block-column is-layout-flow wp-block-column-is-layout-flow\">\n<figure class=\"wp-block-image size-full is-resized\"><img loading=\"lazy\" decoding=\"async\" width=\"700\" height=\"700\" src=\"https:\/\/originhobbies.com\/wp-content\/uploads\/2022\/05\/OH-M1-swash-tool4.jpg\" alt=\"OMPHobby M1 swash leveling tool\" class=\"wp-image-4802\" style=\"width:200px;height:auto\" srcset=\"https:\/\/originhobbies.com\/wp-content\/uploads\/2022\/05\/OH-M1-swash-tool4.jpg 700w, https:\/\/originhobbies.com\/wp-content\/uploads\/2022\/05\/OH-M1-swash-tool4-300x300.jpg 300w, https:\/\/originhobbies.com\/wp-content\/uploads\/2022\/05\/OH-M1-swash-tool4-150x150.jpg 150w, https:\/\/originhobbies.com\/wp-content\/uploads\/2022\/05\/OH-M1-swash-tool4-12x12.jpg 12w, https:\/\/originhobbies.com\/wp-content\/uploads\/2022\/05\/OH-M1-swash-tool4-324x324.jpg 324w, https:\/\/originhobbies.com\/wp-content\/uploads\/2022\/05\/OH-M1-swash-tool4-416x416.jpg 416w, https:\/\/originhobbies.com\/wp-content\/uploads\/2022\/05\/OH-M1-swash-tool4-100x100.jpg 100w\" sizes=\"auto, (max-width: 700px) 100vw, 700px\" \/><\/figure>\n<\/div>\n<\/div>\n\n\n\n<h3 class=\"wp-block-heading\">Video<\/h3>\n\n\n\n<figure class=\"wp-block-embed is-type-video is-provider-youtube wp-block-embed-youtube wp-embed-aspect-16-9 wp-has-aspect-ratio\"><div class=\"wp-block-embed__wrapper\">\n<iframe loading=\"lazy\" title=\"OMPHOBBY M1 V3 PRO - Every RPM Explained | Hover to Full Smack 3D\" width=\"980\" height=\"551\" src=\"https:\/\/www.youtube.com\/embed\/JyXh0mv17Qc?feature=oembed\" frameborder=\"0\" allow=\"accelerometer; autoplay; clipboard-write; encrypted-media; gyroscope; picture-in-picture; web-share\" referrerpolicy=\"strict-origin-when-cross-origin\" allowfullscreen><\/iframe>\n<\/div><\/figure>\n\n\n\n<h3 class=\"wp-block-heading\">Features<\/h3>\n\n\n\n<h4 class=\"wp-block-heading\">Ultra-Light full performance<\/h4>\n\n\n<div class=\"wp-block-image\">\n<figure class=\"aligncenter size-large\"><img loading=\"lazy\" decoding=\"async\" width=\"1024\" height=\"633\" src=\"https:\/\/originhobbies.com\/wp-content\/uploads\/2026\/02\/m1-v3-pro-pc-ultra-light-1024x633.png\" alt=\"\" class=\"wp-image-24241\" srcset=\"https:\/\/originhobbies.com\/wp-content\/uploads\/2026\/02\/m1-v3-pro-pc-ultra-light-1024x633.png 1024w, https:\/\/originhobbies.com\/wp-content\/uploads\/2026\/02\/m1-v3-pro-pc-ultra-light-300x185.png 300w, https:\/\/originhobbies.com\/wp-content\/uploads\/2026\/02\/m1-v3-pro-pc-ultra-light-768x475.png 768w, https:\/\/originhobbies.com\/wp-content\/uploads\/2026\/02\/m1-v3-pro-pc-ultra-light-18x12.png 18w, https:\/\/originhobbies.com\/wp-content\/uploads\/2026\/02\/m1-v3-pro-pc-ultra-light-416x257.png 416w, https:\/\/originhobbies.com\/wp-content\/uploads\/2026\/02\/m1-v3-pro-pc-ultra-light.png 1239w\" sizes=\"auto, (max-width: 1024px) 100vw, 1024px\" \/><\/figure>\n<\/div>\n\n\n<ul class=\"wp-block-list\">\n<li>Purpose-built, ultra-light 100-size micro helicopter for every skill level, from beginner to 3D expert, with 20-30% longer flight times, more power and more control authority.<\/li>\n\n\n\n<li>112g flying weight (including built-in ExpressLRS receiver) and 297mm rotor diameter produce the lightest disk loading and most mature flight feel in-class.<\/li>\n<\/ul>\n\n\n\n<h4 class=\"wp-block-heading\">OFS3+ Flight Control System<\/h4>\n\n\n<div class=\"wp-block-image\">\n<figure class=\"aligncenter size-large\"><img loading=\"lazy\" decoding=\"async\" width=\"1024\" height=\"799\" src=\"https:\/\/originhobbies.com\/wp-content\/uploads\/2026\/02\/m1-v3-pro-pc-ofs3-1024x799.png\" alt=\"OMP M1 V3 Pro with OFS3+ Flight Control System\" class=\"wp-image-24234\" srcset=\"https:\/\/originhobbies.com\/wp-content\/uploads\/2026\/02\/m1-v3-pro-pc-ofs3-1024x799.png 1024w, https:\/\/originhobbies.com\/wp-content\/uploads\/2026\/02\/m1-v3-pro-pc-ofs3-300x234.png 300w, https:\/\/originhobbies.com\/wp-content\/uploads\/2026\/02\/m1-v3-pro-pc-ofs3-768x599.png 768w, https:\/\/originhobbies.com\/wp-content\/uploads\/2026\/02\/m1-v3-pro-pc-ofs3-15x12.png 15w, https:\/\/originhobbies.com\/wp-content\/uploads\/2026\/02\/m1-v3-pro-pc-ofs3-416x325.png 416w, https:\/\/originhobbies.com\/wp-content\/uploads\/2026\/02\/m1-v3-pro-pc-ofs3.png 1101w\" sizes=\"auto, (max-width: 1024px) 100vw, 1024px\" \/><\/figure>\n<\/div>\n\n\n<ul class=\"wp-block-list\">\n<li>Controlled by OFS3+ with integrated ExpressLRS, reaching unparalleled levels of flight performance in a micro helicopter. Features include full telemetry support, app integration, tuning options through simplified LED setup or full PID access, firmware updates, as well as 3D, self-leveling and a fully-featured rescue mode.<\/li>\n\n\n\n<li>Compatible with industry standard receivers. (Crossfire CRSF, Spektrum SRXL2, DSMX, DSM2, Futaba S-BUS, Frsky F.Port)<\/li>\n\n\n\n<li>Configurable with Smartphone app or buttons<br>With the&nbsp;<strong>included Bluetooth module<\/strong>&nbsp;and Smartphone app you can access every parameter that makes OFS3 fly such as PIDF and TALY gains, rates, deadbands, filters and much more.<br>A simplified LED tuning setup like on the previous generation OFS is also available.<br><img decoding=\"async\" src=\"https:\/\/originhobbies.com\/wp-content\/uploads\/2024\/12\/omphobby_app-150x150.jpg\" alt=\"\"><br><strong>IOs App:<\/strong>&nbsp;<a href=\"https:\/\/apps.apple.com\/us\/app\/omphobby\/id6447233080\" target=\"_blank\" rel=\"noreferrer noopener nofollow\">https:\/\/apps.apple.com\/us\/app\/omphobby\/id6447233080<\/a><br><strong>Android App:<\/strong>&nbsp;<a href=\"https:\/\/play.google.com\/store\/apps\/details?id=com.omphobby.control\" target=\"_blank\" rel=\"noreferrer noopener nofollow\">https:\/\/play.google.com\/store\/apps\/details?id=com.omphobby.control<\/a><\/li>\n\n\n\n<li>Telemetry Support*<br>Full voltage and mAh telemetry lets you enjoy each and every flight to the fullest.<br>*NOTE: Currently ELRS, Crossfire, Tracer, Frsky Archer and Spektrum SRXL2 receivers can be used for telemetry. Future Telemetry support maybe added for other receivers with firmware upgrade.<\/li>\n<\/ul>\n\n\n\n<h2 class=\"wp-block-heading\">120\u00b0 Servo Layout<\/h2>\n\n\n<div class=\"wp-block-image\">\n<figure class=\"aligncenter size-large\"><img loading=\"lazy\" decoding=\"async\" width=\"1024\" height=\"869\" src=\"https:\/\/originhobbies.com\/wp-content\/uploads\/2026\/02\/m1-v3-pro-pc-servos-1024x869.png\" alt=\"\" class=\"wp-image-24237\" srcset=\"https:\/\/originhobbies.com\/wp-content\/uploads\/2026\/02\/m1-v3-pro-pc-servos-1024x869.png 1024w, https:\/\/originhobbies.com\/wp-content\/uploads\/2026\/02\/m1-v3-pro-pc-servos-300x255.png 300w, https:\/\/originhobbies.com\/wp-content\/uploads\/2026\/02\/m1-v3-pro-pc-servos-768x652.png 768w, https:\/\/originhobbies.com\/wp-content\/uploads\/2026\/02\/m1-v3-pro-pc-servos-14x12.png 14w, https:\/\/originhobbies.com\/wp-content\/uploads\/2026\/02\/m1-v3-pro-pc-servos-416x353.png 416w, https:\/\/originhobbies.com\/wp-content\/uploads\/2026\/02\/m1-v3-pro-pc-servos.png 1239w\" sizes=\"auto, (max-width: 1024px) 100vw, 1024px\" \/><\/figure>\n<\/div>\n\n\n<ul class=\"wp-block-list\">\n<li>Integrated light weight aluminum alloy servo mounting frame featuring a 120\u00b0 equally spaced layout that balances high-strength deformation resistance with lightweight performance.<\/li>\n\n\n\n<li>Maintains structural stability under complex flight conditions providing a solid hardware foundation for precise control.<\/li>\n<\/ul>\n\n\n\n<h2 class=\"wp-block-heading\">Rigid and Light-weight Airframe<\/h2>\n\n\n<div class=\"wp-block-image\">\n<figure class=\"aligncenter size-large\"><img loading=\"lazy\" decoding=\"async\" width=\"1024\" height=\"918\" src=\"https:\/\/originhobbies.com\/wp-content\/uploads\/2026\/02\/m1-v3-pro-pc-frame-1024x918.png\" alt=\"OMP M1 V3 pro airframe\" class=\"wp-image-24229\" srcset=\"https:\/\/originhobbies.com\/wp-content\/uploads\/2026\/02\/m1-v3-pro-pc-frame-1024x918.png 1024w, https:\/\/originhobbies.com\/wp-content\/uploads\/2026\/02\/m1-v3-pro-pc-frame-300x269.png 300w, https:\/\/originhobbies.com\/wp-content\/uploads\/2026\/02\/m1-v3-pro-pc-frame-768x689.png 768w, https:\/\/originhobbies.com\/wp-content\/uploads\/2026\/02\/m1-v3-pro-pc-frame-13x12.png 13w, https:\/\/originhobbies.com\/wp-content\/uploads\/2026\/02\/m1-v3-pro-pc-frame-416x373.png 416w, https:\/\/originhobbies.com\/wp-content\/uploads\/2026\/02\/m1-v3-pro-pc-frame.png 1242w\" sizes=\"auto, (max-width: 1024px) 100vw, 1024px\" \/><\/figure>\n<\/div>\n\n\n<ul class=\"wp-block-list\">\n<li>Fully redesigned airframe, based on M2 V3 design language with central main plate, servo rack, reinforcement plates and traditional skid landing gear.<\/li>\n\n\n\n<li>A central main plate forms the backbone of the frame and holds the motor, servo rack, new and improved DS2045LW V2 servos, and tail boom, while two sturdy carbon panels provide mounting points for the skids, battery, and OFS3+ flight controller. <\/li>\n<\/ul>\n\n\n\n<h2 class=\"wp-block-heading\">New Rotor Head<\/h2>\n\n\n<div class=\"wp-block-image\">\n<figure class=\"aligncenter size-large\"><img loading=\"lazy\" decoding=\"async\" width=\"1024\" height=\"777\" src=\"https:\/\/originhobbies.com\/wp-content\/uploads\/2026\/02\/m1-v3-pro-pc-head-1024x777.png\" alt=\"OMP M1 V3 Pro rotor head\" class=\"wp-image-24232\" srcset=\"https:\/\/originhobbies.com\/wp-content\/uploads\/2026\/02\/m1-v3-pro-pc-head-1024x777.png 1024w, https:\/\/originhobbies.com\/wp-content\/uploads\/2026\/02\/m1-v3-pro-pc-head-300x228.png 300w, https:\/\/originhobbies.com\/wp-content\/uploads\/2026\/02\/m1-v3-pro-pc-head-768x582.png 768w, https:\/\/originhobbies.com\/wp-content\/uploads\/2026\/02\/m1-v3-pro-pc-head-16x12.png 16w, https:\/\/originhobbies.com\/wp-content\/uploads\/2026\/02\/m1-v3-pro-pc-head-416x316.png 416w, https:\/\/originhobbies.com\/wp-content\/uploads\/2026\/02\/m1-v3-pro-pc-head.png 1242w\" sizes=\"auto, (max-width: 1024px) 100vw, 1024px\" \/><\/figure>\n<\/div>\n\n\n<ul class=\"wp-block-list\">\n<li>Completely redesigned rotor head with axial bearings and new geometry, delivering smoother and more precise control, which in combination with APEX 125 blades, delivers best control authority and stability in class from low to high RPM.<\/li>\n<\/ul>\n\n\n\n<h2 class=\"wp-block-heading\">High Efficiency Brushless Motor<\/h2>\n\n\n<div class=\"wp-block-image\">\n<figure class=\"aligncenter size-full\"><img loading=\"lazy\" decoding=\"async\" width=\"1083\" height=\"874\" src=\"https:\/\/originhobbies.com\/wp-content\/uploads\/2026\/02\/m1-v3-pro-pc-motor3.png\" alt=\"\" class=\"wp-image-24243\" srcset=\"https:\/\/originhobbies.com\/wp-content\/uploads\/2026\/02\/m1-v3-pro-pc-motor3.png 1083w, https:\/\/originhobbies.com\/wp-content\/uploads\/2026\/02\/m1-v3-pro-pc-motor3-300x242.png 300w, https:\/\/originhobbies.com\/wp-content\/uploads\/2026\/02\/m1-v3-pro-pc-motor3-1024x826.png 1024w, https:\/\/originhobbies.com\/wp-content\/uploads\/2026\/02\/m1-v3-pro-pc-motor3-768x620.png 768w, https:\/\/originhobbies.com\/wp-content\/uploads\/2026\/02\/m1-v3-pro-pc-motor3-15x12.png 15w, https:\/\/originhobbies.com\/wp-content\/uploads\/2026\/02\/m1-v3-pro-pc-motor3-416x336.png 416w\" sizes=\"auto, (max-width: 1083px) 100vw, 1083px\" \/><\/figure>\n<\/div>\n\n\n<ul class=\"wp-block-list\">\n<li>M1 V3 PRO is driven by the newly designed, highly magnetically optimized R23X-2 motor, which is built lighter yet more powerful than its predecessor on M1.<\/li>\n\n\n\n<li>The all new R23X-2 motor is designed to handle sudden high loads in 3D flying. It offers and exceptional power-to-weight ratio and efficiency, delivering explosive thrust while extending flight time during aggressive maneuvers.<\/li>\n<\/ul>\n\n\n\n<h2 class=\"wp-block-heading\">Super-light Tail System<\/h2>\n\n\n<div class=\"wp-block-image\">\n<figure class=\"aligncenter size-large\"><img loading=\"lazy\" decoding=\"async\" width=\"1024\" height=\"872\" src=\"https:\/\/originhobbies.com\/wp-content\/uploads\/2026\/02\/m1-v3-pro-pc-tail-1024x872.png\" alt=\"OMP M1 V3 Pro Tail\" class=\"wp-image-24239\" srcset=\"https:\/\/originhobbies.com\/wp-content\/uploads\/2026\/02\/m1-v3-pro-pc-tail-1024x872.png 1024w, https:\/\/originhobbies.com\/wp-content\/uploads\/2026\/02\/m1-v3-pro-pc-tail-300x256.png 300w, https:\/\/originhobbies.com\/wp-content\/uploads\/2026\/02\/m1-v3-pro-pc-tail-768x654.png 768w, https:\/\/originhobbies.com\/wp-content\/uploads\/2026\/02\/m1-v3-pro-pc-tail-14x12.png 14w, https:\/\/originhobbies.com\/wp-content\/uploads\/2026\/02\/m1-v3-pro-pc-tail-416x354.png 416w, https:\/\/originhobbies.com\/wp-content\/uploads\/2026\/02\/m1-v3-pro-pc-tail.png 1242w\" sizes=\"auto, (max-width: 1024px) 100vw, 1024px\" \/><\/figure>\n<\/div>\n\n\n<ul class=\"wp-block-list\">\n<li>A super-light tail comprising a round carbon tube with a minimalist motor mount and color-matched, double-sided printed tail fin provides top-level durability.<\/li>\n\n\n\n<li>Optimized R11X-2 motor and keyed APEX27 tail propeller deliver stronger thrust with lower noise levels, which together with OFS3+\u2019s 2nd generation TALY, surpass collective-pitch level tail control.<\/li>\n<\/ul>\n\n\n\n<h2 class=\"wp-block-heading\">New HV LiPo Battery<\/h2>\n\n\n<div class=\"wp-block-image\">\n<figure class=\"aligncenter size-large\"><img loading=\"lazy\" decoding=\"async\" width=\"1024\" height=\"845\" src=\"https:\/\/originhobbies.com\/wp-content\/uploads\/2026\/02\/m1-v3-pro-pc-battery-1024x845.png\" alt=\"OMP M1 V3 Pro Battery 400mAh HV\" class=\"wp-image-24227\" srcset=\"https:\/\/originhobbies.com\/wp-content\/uploads\/2026\/02\/m1-v3-pro-pc-battery-1024x845.png 1024w, https:\/\/originhobbies.com\/wp-content\/uploads\/2026\/02\/m1-v3-pro-pc-battery-300x248.png 300w, https:\/\/originhobbies.com\/wp-content\/uploads\/2026\/02\/m1-v3-pro-pc-battery-768x634.png 768w, https:\/\/originhobbies.com\/wp-content\/uploads\/2026\/02\/m1-v3-pro-pc-battery-15x12.png 15w, https:\/\/originhobbies.com\/wp-content\/uploads\/2026\/02\/m1-v3-pro-pc-battery-416x343.png 416w, https:\/\/originhobbies.com\/wp-content\/uploads\/2026\/02\/m1-v3-pro-pc-battery.png 1242w\" sizes=\"auto, (max-width: 1024px) 100vw, 1024px\" \/><\/figure>\n<\/div>\n\n\n<ul class=\"wp-block-list\">\n<li>Powered by a new 2S 400mAh 50C LiHV battery with gold-plated, high-current GY15 3-pin connector. (Charging cable included, connectors sold separately)<\/li>\n<\/ul>\n\n\n\n<h2 class=\"wp-block-heading\">Sleek Canopy<\/h2>\n\n\n<div class=\"wp-block-image\">\n<figure class=\"aligncenter size-large\"><img loading=\"lazy\" decoding=\"async\" width=\"1024\" height=\"767\" src=\"https:\/\/originhobbies.com\/wp-content\/uploads\/2026\/02\/m1-v3-pro-pc-canopies-1024x767.png\" alt=\"\" class=\"wp-image-24228\" srcset=\"https:\/\/originhobbies.com\/wp-content\/uploads\/2026\/02\/m1-v3-pro-pc-canopies-1024x767.png 1024w, https:\/\/originhobbies.com\/wp-content\/uploads\/2026\/02\/m1-v3-pro-pc-canopies-300x225.png 300w, https:\/\/originhobbies.com\/wp-content\/uploads\/2026\/02\/m1-v3-pro-pc-canopies-768x575.png 768w, https:\/\/originhobbies.com\/wp-content\/uploads\/2026\/02\/m1-v3-pro-pc-canopies-16x12.png 16w, https:\/\/originhobbies.com\/wp-content\/uploads\/2026\/02\/m1-v3-pro-pc-canopies-416x311.png 416w, https:\/\/originhobbies.com\/wp-content\/uploads\/2026\/02\/m1-v3-pro-pc-canopies.png 1242w\" sizes=\"auto, (max-width: 1024px) 100vw, 1024px\" \/><\/figure>\n<\/div>\n\n\n<ul class=\"wp-block-list\">\n<li>Newly designed, extremely sleek, aerodynamic and durable canopy to match other OMPHOBBY models. Available in four paint schemes: Cosmic Orange, Solar Yellow, Nebula Pink, Aurora Green.<\/li>\n\n\n\n<li>Only two screw driver sizes are required to service the entire helicopter, 1.3mm and 1.5mm hex. All proprietary or exotic screw heads have been eliminated.<\/li>\n<\/ul>\n\n\n\n<h2 class=\"wp-block-heading\">4 Color Options<\/h2>\n\n\n<div class=\"wp-block-image\">\n<figure class=\"aligncenter size-large\"><img loading=\"lazy\" decoding=\"async\" width=\"1024\" height=\"403\" src=\"https:\/\/originhobbies.com\/wp-content\/uploads\/2026\/02\/m1-v3-pro-pc-orange-1024x403.png\" alt=\"\" class=\"wp-image-24235\" srcset=\"https:\/\/originhobbies.com\/wp-content\/uploads\/2026\/02\/m1-v3-pro-pc-orange-1024x403.png 1024w, https:\/\/originhobbies.com\/wp-content\/uploads\/2026\/02\/m1-v3-pro-pc-orange-300x118.png 300w, https:\/\/originhobbies.com\/wp-content\/uploads\/2026\/02\/m1-v3-pro-pc-orange-768x302.png 768w, https:\/\/originhobbies.com\/wp-content\/uploads\/2026\/02\/m1-v3-pro-pc-orange-18x7.png 18w, https:\/\/originhobbies.com\/wp-content\/uploads\/2026\/02\/m1-v3-pro-pc-orange-416x164.png 416w, https:\/\/originhobbies.com\/wp-content\/uploads\/2026\/02\/m1-v3-pro-pc-orange.png 1078w\" sizes=\"auto, (max-width: 1024px) 100vw, 1024px\" \/><\/figure>\n<\/div>\n\n<div class=\"wp-block-image\">\n<figure class=\"aligncenter size-large\"><img loading=\"lazy\" decoding=\"async\" width=\"1024\" height=\"403\" src=\"https:\/\/originhobbies.com\/wp-content\/uploads\/2026\/02\/m1-v3-pro-pc-yellow2-1024x403.png\" alt=\"\" class=\"wp-image-24244\" srcset=\"https:\/\/originhobbies.com\/wp-content\/uploads\/2026\/02\/m1-v3-pro-pc-yellow2-1024x403.png 1024w, https:\/\/originhobbies.com\/wp-content\/uploads\/2026\/02\/m1-v3-pro-pc-yellow2-300x118.png 300w, https:\/\/originhobbies.com\/wp-content\/uploads\/2026\/02\/m1-v3-pro-pc-yellow2-768x302.png 768w, https:\/\/originhobbies.com\/wp-content\/uploads\/2026\/02\/m1-v3-pro-pc-yellow2-18x7.png 18w, https:\/\/originhobbies.com\/wp-content\/uploads\/2026\/02\/m1-v3-pro-pc-yellow2-416x164.png 416w, https:\/\/originhobbies.com\/wp-content\/uploads\/2026\/02\/m1-v3-pro-pc-yellow2.png 1078w\" sizes=\"auto, (max-width: 1024px) 100vw, 1024px\" \/><\/figure>\n<\/div>\n\n<div class=\"wp-block-image\">\n<figure class=\"aligncenter size-large\"><img loading=\"lazy\" decoding=\"async\" width=\"1024\" height=\"403\" src=\"https:\/\/originhobbies.com\/wp-content\/uploads\/2026\/02\/m1-v3-pro-pc-pink-1024x403.png\" alt=\"\" class=\"wp-image-24236\" srcset=\"https:\/\/originhobbies.com\/wp-content\/uploads\/2026\/02\/m1-v3-pro-pc-pink-1024x403.png 1024w, https:\/\/originhobbies.com\/wp-content\/uploads\/2026\/02\/m1-v3-pro-pc-pink-300x118.png 300w, https:\/\/originhobbies.com\/wp-content\/uploads\/2026\/02\/m1-v3-pro-pc-pink-768x302.png 768w, https:\/\/originhobbies.com\/wp-content\/uploads\/2026\/02\/m1-v3-pro-pc-pink-18x7.png 18w, https:\/\/originhobbies.com\/wp-content\/uploads\/2026\/02\/m1-v3-pro-pc-pink-416x164.png 416w, https:\/\/originhobbies.com\/wp-content\/uploads\/2026\/02\/m1-v3-pro-pc-pink.png 1078w\" sizes=\"auto, (max-width: 1024px) 100vw, 1024px\" \/><\/figure>\n<\/div>\n\n<div class=\"wp-block-image\">\n<figure class=\"aligncenter size-large\"><img loading=\"lazy\" decoding=\"async\" width=\"1024\" height=\"403\" src=\"https:\/\/originhobbies.com\/wp-content\/uploads\/2026\/02\/m1-v3-pro-pc-green-1024x403.png\" alt=\"\" class=\"wp-image-24231\" srcset=\"https:\/\/originhobbies.com\/wp-content\/uploads\/2026\/02\/m1-v3-pro-pc-green-1024x403.png 1024w, https:\/\/originhobbies.com\/wp-content\/uploads\/2026\/02\/m1-v3-pro-pc-green-300x118.png 300w, https:\/\/originhobbies.com\/wp-content\/uploads\/2026\/02\/m1-v3-pro-pc-green-768x302.png 768w, https:\/\/originhobbies.com\/wp-content\/uploads\/2026\/02\/m1-v3-pro-pc-green-18x7.png 18w, https:\/\/originhobbies.com\/wp-content\/uploads\/2026\/02\/m1-v3-pro-pc-green-416x164.png 416w, https:\/\/originhobbies.com\/wp-content\/uploads\/2026\/02\/m1-v3-pro-pc-green.png 1078w\" sizes=\"auto, (max-width: 1024px) 100vw, 1024px\" \/><\/figure>\n<\/div>\n\n\n<h3 class=\"wp-block-heading\">Tekniset tiedot<\/h3>\n\n\n\n<ul class=\"wp-block-list\">\n<li><strong>Flight Controller:<\/strong> OFS3+<\/li>\n\n\n\n<li><strong>Vastaanotin:<\/strong>&nbsp;Integrated ExpressLRS receiver. 3 Ports for external receivers<br>SBUS: S-FHSS (Futaba)<br>DSMx: Spektrum DSMx\/DSM2<br>CRSF: Crossfire\/SRXL2\/Frsky <\/li>\n\n\n\n<li><strong>Main motor<\/strong>: Sunnysky R23X-2<\/li>\n\n\n\n<li><strong>Tail motor:<\/strong>&nbsp;Sunnysky R11X-2<\/li>\n\n\n\n<li><strong>Main blade length:<\/strong> 297 mm<\/li>\n\n\n\n<li><strong>Main rotor blades:<\/strong>&nbsp;APEX 125<\/li>\n\n\n\n<li><strong>Tail blade length:<\/strong> 46.5 mm<\/li>\n\n\n\n<li><strong>Tail rotor blades:<\/strong>&nbsp;APEX 27<\/li>\n\n\n\n<li><strong>Paino:<\/strong>&nbsp;~110g<\/li>\n\n\n\n<li><strong>Akku:<\/strong>&nbsp;<a href=\"https:\/\/originhobbies.com\/fi\/shop\/helikopterin-osat-2\/omphobby-spare-parts\/omphobby-m1-v3-pro-spare-parts\/oshm1256-omp-m1-v3-pro-lipo-battery-7-6v-2s-400mah-50c\/\" data-type=\"product\" data-id=\"24248\">2s 400mAh 50C LiHV<\/a> (1 battery included)<\/li>\n\n\n\n<li><strong>Servot:&nbsp;<\/strong>DS2045LW V2 Digital sub micro, metal gears, poly carbonate case<\/li>\n<\/ul>\n\n\n\n<h3 class=\"wp-block-heading\">Sis\u00e4lt\u00e4\u00e4<\/h3>\n\n\n\n<ul class=\"wp-block-list\">\n<li>1x Helicopter<\/li>\n\n\n\n<li>1x Integrated ExpressLRS receiver<\/li>\n\n\n\n<li>1x Battery 400mAh<\/li>\n\n\n\n<li>1x Battery Charging adapter cable for XT60<\/li>\n\n\n\n<li>1x Bluetooth Module<\/li>\n\n\n\n<li>1x Spare parts bag<\/li>\n\n\n\n<li>1x Flight controller settings sheet<\/li>\n\n\n\n<li>1x Swash leveling tool (OriginHobbies only)<\/li>\n<\/ul>\n\n\n\n<h3 class=\"wp-block-heading\">Lataukset<\/h3>\n\n\n\n<ul class=\"wp-block-list\">\n<li>OMP Hobby M1 V3 Pro User Manual (coming soon)<\/li>\n<\/ul>\n\n\n\n<h3 class=\"wp-block-heading\">Size<\/h3>\n\n\n<div class=\"wp-block-image\">\n<figure class=\"aligncenter size-large\"><img loading=\"lazy\" decoding=\"async\" width=\"1024\" height=\"968\" src=\"https:\/\/originhobbies.com\/wp-content\/uploads\/2026\/02\/m1-v3-pro-pc-size-1024x968.png\" alt=\"OMP M1 V3 Pro Size\" class=\"wp-image-24238\" srcset=\"https:\/\/originhobbies.com\/wp-content\/uploads\/2026\/02\/m1-v3-pro-pc-size-1024x968.png 1024w, https:\/\/originhobbies.com\/wp-content\/uploads\/2026\/02\/m1-v3-pro-pc-size-300x284.png 300w, https:\/\/originhobbies.com\/wp-content\/uploads\/2026\/02\/m1-v3-pro-pc-size-768x726.png 768w, https:\/\/originhobbies.com\/wp-content\/uploads\/2026\/02\/m1-v3-pro-pc-size-13x12.png 13w, https:\/\/originhobbies.com\/wp-content\/uploads\/2026\/02\/m1-v3-pro-pc-size-416x393.png 416w, https:\/\/originhobbies.com\/wp-content\/uploads\/2026\/02\/m1-v3-pro-pc-size.png 1155w\" sizes=\"auto, (max-width: 1024px) 100vw, 1024px\" \/><\/figure>\n<\/div>","protected":false},"excerpt":{"rendered":"<p>M1 V3 PRO has been completely re-designed from ground up with the OFS3+ flight controller system with integared ExpressLRS receiver. The M1 V3 Pro has a completely new, sleeker and more aerodynamic canopy shape and adopts the four beautiful paint schemes known from M5, M6 and M7R. Coming in Cosmic Orange, Solar Yellow, Nebula Pink [&hellip;]<\/p>\n","protected":false},"featured_media":24124,"comment_status":"open","ping_status":"closed","template":"","meta":{"_eb_attr":""},"product_brand":[],"product_cat":[244,23],"product_tag":[],"class_list":{"0":"post-24105","1":"product","2":"type-product","3":"status-publish","4":"has-post-thumbnail","6":"product_cat-omphobby-m1","7":"product_cat-helicopter-rtf-bnf-kits","9":"first","10":"instock","11":"taxable","12":"shipping-taxable","13":"purchasable","14":"product-type-variable","15":"has-default-attributes"},"jetpack_sharing_enabled":true,"_links":{"self":[{"href":"https:\/\/originhobbies.com\/fi\/wp-json\/wp\/v2\/product\/24105","targetHints":{"allow":["GET"]}}],"collection":[{"href":"https:\/\/originhobbies.com\/fi\/wp-json\/wp\/v2\/product"}],"about":[{"href":"https:\/\/originhobbies.com\/fi\/wp-json\/wp\/v2\/types\/product"}],"replies":[{"embeddable":true,"href":"https:\/\/originhobbies.com\/fi\/wp-json\/wp\/v2\/comments?post=24105"}],"wp:featuredmedia":[{"embeddable":true,"href":"https:\/\/originhobbies.com\/fi\/wp-json\/wp\/v2\/media\/24124"}],"wp:attachment":[{"href":"https:\/\/originhobbies.com\/fi\/wp-json\/wp\/v2\/media?parent=24105"}],"wp:term":[{"taxonomy":"product_brand","embeddable":true,"href":"https:\/\/originhobbies.com\/fi\/wp-json\/wp\/v2\/product_brand?post=24105"},{"taxonomy":"product_cat","embeddable":true,"href":"https:\/\/originhobbies.com\/fi\/wp-json\/wp\/v2\/product_cat?post=24105"},{"taxonomy":"product_tag","embeddable":true,"href":"https:\/\/originhobbies.com\/fi\/wp-json\/wp\/v2\/product_tag?post=24105"}],"curies":[{"name":"wp","href":"https:\/\/api.w.org\/{rel}","templated":true}]}}