{"id":23963,"date":"2026-02-14T10:45:56","date_gmt":"2026-02-14T08:45:56","guid":{"rendered":"https:\/\/originhobbies.com\/?post_type=product&#038;p=23963"},"modified":"2026-05-02T18:32:46","modified_gmt":"2026-05-02T16:32:46","slug":"flywing-fs97-right-landing-gear-for-mh60-t","status":"publish","type":"product","link":"https:\/\/originhobbies.com\/fi\/shop\/helicopter-parts\/flywing-spare-parts\/flywing-mh-60t-jayhawk-spare-parts\/flywing-fs97-right-landing-gear-for-mh60-t\/","title":{"rendered":"Flywing FS97 Right Landing Gear for MH60-T"},"content":{"rendered":"<p>Flywing FS97 Right Landing Gear for MH60-T<\/p>\n<h4>Compatible helicopters<\/h4>\n<p>MH60-T<\/p>\n<h4>Sis\u00e4lt\u00e4\u00e4<\/h4>\n<ul>\n<li>1x Right Landing Gear<\/li>\n<li>2x Mounting screws<\/li>\n<\/ul>","protected":false},"excerpt":{"rendered":"<p>Flywing FS97 Right Landing Gear for MH60-T Compatible helicopters MH60-T Includes 1x Right Landing Gear 2x Mounting screws<\/p>","protected":false},"featured_media":23961,"comment_status":"open","ping_status":"closed","template":"","meta":{"_eb_attr":""},"product_brand":[],"product_cat":[371,435],"product_tag":[],"class_list":{"0":"post-23963","1":"product","2":"type-product","3":"status-publish","4":"has-post-thumbnail","6":"product_cat-flywing-spare-parts","7":"product_cat-flywing-mh-60t-jayhawk-spare-parts","9":"first","10":"instock","11":"taxable","12":"shipping-taxable","13":"purchasable","14":"product-type-simple"},"jetpack_sharing_enabled":true,"_links":{"self":[{"href":"https:\/\/originhobbies.com\/fi\/wp-json\/wp\/v2\/product\/23963","targetHints":{"allow":["GET"]}}],"collection":[{"href":"https:\/\/originhobbies.com\/fi\/wp-json\/wp\/v2\/product"}],"about":[{"href":"https:\/\/originhobbies.com\/fi\/wp-json\/wp\/v2\/types\/product"}],"replies":[{"embeddable":true,"href":"https:\/\/originhobbies.com\/fi\/wp-json\/wp\/v2\/comments?post=23963"}],"wp:featuredmedia":[{"embeddable":true,"href":"https:\/\/originhobbies.com\/fi\/wp-json\/wp\/v2\/media\/23961"}],"wp:attachment":[{"href":"https:\/\/originhobbies.com\/fi\/wp-json\/wp\/v2\/media?parent=23963"}],"wp:term":[{"taxonomy":"product_brand","embeddable":true,"href":"https:\/\/originhobbies.com\/fi\/wp-json\/wp\/v2\/product_brand?post=23963"},{"taxonomy":"product_cat","embeddable":true,"href":"https:\/\/originhobbies.com\/fi\/wp-json\/wp\/v2\/product_cat?post=23963"},{"taxonomy":"product_tag","embeddable":true,"href":"https:\/\/originhobbies.com\/fi\/wp-json\/wp\/v2\/product_tag?post=23963"}],"curies":[{"name":"wp","href":"https:\/\/api.w.org\/{rel}","templated":true}]}}