{"id":23856,"date":"2026-02-10T23:49:35","date_gmt":"2026-02-10T21:49:35","guid":{"rendered":"https:\/\/originhobbies.com\/shop\/uncategorized\/oshm2484-omp-m2-v3-sport-swashplate-inner-ring-silver\/"},"modified":"2026-04-06T01:03:12","modified_gmt":"2026-04-05T23:03:12","slug":"oshm2484-omp-m2-v3-sport-swashplate-inner-ring-silver","status":"publish","type":"product","link":"https:\/\/originhobbies.com\/fi\/shop\/helicopter-parts\/omphobby-spare-parts\/omp-m2-v3-pro-spare-parts\/oshm2484-omp-m2-v3-sport-swashplate-inner-ring-silver\/","title":{"rendered":"OSHM2484 OMP M2 V3 Sport Swashplate Inner Ring (Silver)"},"content":{"rendered":"<p>Swashplate Inner Ring (Silver) for OMPHobby M2 V3 Sport Helicopter, OSHM2484<\/p>\n<h4>Sis\u00e4lt\u00e4\u00e4<\/h4>\n<p>Swashplate Inner Ring*1pcs<\/p>","protected":false},"excerpt":{"rendered":"<p>Swashplate Inner Ring (Silver) for OMPHobby M2 V3 Sport Helicopter, OSHM2484 Includes Swashplate Inner Ring*1pcs<\/p>","protected":false},"featured_media":23855,"comment_status":"open","ping_status":"closed","template":"","meta":{"_eb_attr":""},"product_brand":[],"product_cat":[370],"product_tag":[],"class_list":{"0":"post-23856","1":"product","2":"type-product","3":"status-publish","4":"has-post-thumbnail","6":"product_cat-omp-m2-v3-pro-spare-parts","8":"first","9":"instock","10":"taxable","11":"shipping-taxable","12":"purchasable","13":"product-type-simple"},"jetpack_sharing_enabled":true,"_links":{"self":[{"href":"https:\/\/originhobbies.com\/fi\/wp-json\/wp\/v2\/product\/23856","targetHints":{"allow":["GET"]}}],"collection":[{"href":"https:\/\/originhobbies.com\/fi\/wp-json\/wp\/v2\/product"}],"about":[{"href":"https:\/\/originhobbies.com\/fi\/wp-json\/wp\/v2\/types\/product"}],"replies":[{"embeddable":true,"href":"https:\/\/originhobbies.com\/fi\/wp-json\/wp\/v2\/comments?post=23856"}],"wp:featuredmedia":[{"embeddable":true,"href":"https:\/\/originhobbies.com\/fi\/wp-json\/wp\/v2\/media\/23855"}],"wp:attachment":[{"href":"https:\/\/originhobbies.com\/fi\/wp-json\/wp\/v2\/media?parent=23856"}],"wp:term":[{"taxonomy":"product_brand","embeddable":true,"href":"https:\/\/originhobbies.com\/fi\/wp-json\/wp\/v2\/product_brand?post=23856"},{"taxonomy":"product_cat","embeddable":true,"href":"https:\/\/originhobbies.com\/fi\/wp-json\/wp\/v2\/product_cat?post=23856"},{"taxonomy":"product_tag","embeddable":true,"href":"https:\/\/originhobbies.com\/fi\/wp-json\/wp\/v2\/product_tag?post=23856"}],"curies":[{"name":"wp","href":"https:\/\/api.w.org\/{rel}","templated":true}]}}