{"id":23846,"date":"2026-02-10T23:49:29","date_gmt":"2026-02-10T21:49:29","guid":{"rendered":"https:\/\/originhobbies.com\/shop\/uncategorized\/oshm2480-omp-m2-v3-sport-tail-motor-mounting-set-silver\/"},"modified":"2026-04-28T15:52:38","modified_gmt":"2026-04-28T13:52:38","slug":"oshm2480-omp-m2-v3-sport-tail-motor-mounting-set-silver","status":"publish","type":"product","link":"https:\/\/originhobbies.com\/fi\/shop\/helicopter-parts\/omphobby-spare-parts\/omp-m2-v3-pro-spare-parts\/oshm2480-omp-m2-v3-sport-tail-motor-mounting-set-silver\/","title":{"rendered":"OSHM2480 OMP M2 V3 Sport Tail Motor Mounting Set (Silver)"},"content":{"rendered":"<p>Tail Motor Mounting Set (Silver) for OMPHobby M2 V3 Sport Helicopter, OSHM2480<\/p>\n<h4>Sis\u00e4lt\u00e4\u00e4<\/h4>\n<p>Tail Motor Mounting*1<\/p>","protected":false},"excerpt":{"rendered":"<p>Tail Motor Mounting Set (Silver) for OMPHobby M2 V3 Sport Helicopter, OSHM2480 Includes Tail Motor Mounting*1<\/p>","protected":false},"featured_media":23845,"comment_status":"open","ping_status":"closed","template":"","meta":{"_eb_attr":""},"product_brand":[],"product_cat":[370],"product_tag":[],"class_list":["post-23846","product","type-product","status-publish","has-post-thumbnail","product_cat-omp-m2-v3-pro-spare-parts","first","instock","taxable","shipping-taxable","product-type-simple"],"jetpack_sharing_enabled":true,"_links":{"self":[{"href":"https:\/\/originhobbies.com\/fi\/wp-json\/wp\/v2\/product\/23846","targetHints":{"allow":["GET"]}}],"collection":[{"href":"https:\/\/originhobbies.com\/fi\/wp-json\/wp\/v2\/product"}],"about":[{"href":"https:\/\/originhobbies.com\/fi\/wp-json\/wp\/v2\/types\/product"}],"replies":[{"embeddable":true,"href":"https:\/\/originhobbies.com\/fi\/wp-json\/wp\/v2\/comments?post=23846"}],"wp:featuredmedia":[{"embeddable":true,"href":"https:\/\/originhobbies.com\/fi\/wp-json\/wp\/v2\/media\/23845"}],"wp:attachment":[{"href":"https:\/\/originhobbies.com\/fi\/wp-json\/wp\/v2\/media?parent=23846"}],"wp:term":[{"taxonomy":"product_brand","embeddable":true,"href":"https:\/\/originhobbies.com\/fi\/wp-json\/wp\/v2\/product_brand?post=23846"},{"taxonomy":"product_cat","embeddable":true,"href":"https:\/\/originhobbies.com\/fi\/wp-json\/wp\/v2\/product_cat?post=23846"},{"taxonomy":"product_tag","embeddable":true,"href":"https:\/\/originhobbies.com\/fi\/wp-json\/wp\/v2\/product_tag?post=23846"}],"curies":[{"name":"wp","href":"https:\/\/api.w.org\/{rel}","templated":true}]}}