{"id":22887,"date":"2026-01-06T23:47:53","date_gmt":"2026-01-06T21:47:53","guid":{"rendered":"https:\/\/originhobbies.com\/shop\/uncategorized\/oshm7273-omp-m7r-m7r-main-blade-grip-bushing5-7\/"},"modified":"2026-04-06T01:03:34","modified_gmt":"2026-04-05T23:03:34","slug":"oshm7273-omp-m7r-m7r-main-blade-grip-bushing5-7","status":"publish","type":"product","link":"https:\/\/originhobbies.com\/fi\/shop\/helicopter-parts\/omphobby-spare-parts\/omphobby-m7r-spare-parts\/oshm7273-omp-m7r-m7r-main-blade-grip-bushing5-7\/","title":{"rendered":"OSHM7273 OMP M7R Main Blade Grip Washer Bushing (5.7)"},"content":{"rendered":"<p>Main Blade Grip Washer Bushing (5.7) for OMPHobby M7R Helicopter, OSHM7273<\/p>\n<h4>Sis\u00e4lt\u00e4\u00e4<\/h4>\n<p>Main Rotor Blade Washer-1 (x4) (7R-082)<br \/>\nMain Rotor Blade Washer Bushing-1 (x4) (7-080)<br \/>\nHex Bolt (Half Thread) M5x34 (x2) (7-272)<br \/>\nM5 Nyloc Nut (x2) (7-165)<\/p>","protected":false},"excerpt":{"rendered":"<p>Main Blade Grip Washer Bushing (5.7) for OMPHobby M7R Helicopter, OSHM7273 Includes Main Rotor Blade Washer-1 (x4) (7R-082) Main Rotor Blade Washer Bushing-1 (x4) (7-080) Hex Bolt (Half Thread) M5x34 (x2) (7-272) M5 Nyloc Nut (x2) (7-165)<\/p>","protected":false},"featured_media":22886,"comment_status":"open","ping_status":"closed","template":"","meta":{"_eb_attr":""},"product_brand":[],"product_cat":[416],"product_tag":[],"class_list":{"0":"post-22887","1":"product","2":"type-product","3":"status-publish","4":"has-post-thumbnail","6":"product_cat-omphobby-m7r-spare-parts","8":"first","9":"instock","10":"taxable","11":"shipping-taxable","12":"purchasable","13":"product-type-simple"},"jetpack_sharing_enabled":true,"_links":{"self":[{"href":"https:\/\/originhobbies.com\/fi\/wp-json\/wp\/v2\/product\/22887","targetHints":{"allow":["GET"]}}],"collection":[{"href":"https:\/\/originhobbies.com\/fi\/wp-json\/wp\/v2\/product"}],"about":[{"href":"https:\/\/originhobbies.com\/fi\/wp-json\/wp\/v2\/types\/product"}],"replies":[{"embeddable":true,"href":"https:\/\/originhobbies.com\/fi\/wp-json\/wp\/v2\/comments?post=22887"}],"wp:featuredmedia":[{"embeddable":true,"href":"https:\/\/originhobbies.com\/fi\/wp-json\/wp\/v2\/media\/22886"}],"wp:attachment":[{"href":"https:\/\/originhobbies.com\/fi\/wp-json\/wp\/v2\/media?parent=22887"}],"wp:term":[{"taxonomy":"product_brand","embeddable":true,"href":"https:\/\/originhobbies.com\/fi\/wp-json\/wp\/v2\/product_brand?post=22887"},{"taxonomy":"product_cat","embeddable":true,"href":"https:\/\/originhobbies.com\/fi\/wp-json\/wp\/v2\/product_cat?post=22887"},{"taxonomy":"product_tag","embeddable":true,"href":"https:\/\/originhobbies.com\/fi\/wp-json\/wp\/v2\/product_tag?post=22887"}],"curies":[{"name":"wp","href":"https:\/\/api.w.org\/{rel}","templated":true}]}}