{"id":22863,"date":"2026-01-06T23:47:41","date_gmt":"2026-01-06T21:47:41","guid":{"rendered":"https:\/\/originhobbies.com\/shop\/uncategorized\/oshm7259-omp-m7r-battery-panel-slide-rail-l\/"},"modified":"2026-04-06T01:03:34","modified_gmt":"2026-04-05T23:03:34","slug":"oshm7259-omp-m7r-battery-panel-slide-rail-l","status":"publish","type":"product","link":"https:\/\/originhobbies.com\/fi\/shop\/helicopter-parts\/omphobby-spare-parts\/omphobby-m7r-spare-parts\/oshm7259-omp-m7r-battery-panel-slide-rail-l\/","title":{"rendered":"OSHM7259 OMP M7R Battery Panel Slide Rail L"},"content":{"rendered":"<p>Battery Panel Slide Rail L for OMPHobby M7R Helicopter, OSHM7259<\/p>\n<h4>Sis\u00e4lt\u00e4\u00e4<\/h4>\n<p>Battery Tray Guide Rail &#8211; L (x1) (7R-261)<\/p>","protected":false},"excerpt":{"rendered":"<p>Battery Panel Slide Rail L for OMPHobby M7R Helicopter, OSHM7259 Includes Battery Tray Guide Rail &#8211; L (x1) (7R-261)<\/p>","protected":false},"featured_media":22862,"comment_status":"open","ping_status":"closed","template":"","meta":{"_eb_attr":""},"product_brand":[],"product_cat":[416],"product_tag":[],"class_list":{"0":"post-22863","1":"product","2":"type-product","3":"status-publish","4":"has-post-thumbnail","6":"product_cat-omphobby-m7r-spare-parts","8":"first","9":"instock","10":"taxable","11":"shipping-taxable","12":"purchasable","13":"product-type-simple"},"jetpack_sharing_enabled":true,"_links":{"self":[{"href":"https:\/\/originhobbies.com\/fi\/wp-json\/wp\/v2\/product\/22863","targetHints":{"allow":["GET"]}}],"collection":[{"href":"https:\/\/originhobbies.com\/fi\/wp-json\/wp\/v2\/product"}],"about":[{"href":"https:\/\/originhobbies.com\/fi\/wp-json\/wp\/v2\/types\/product"}],"replies":[{"embeddable":true,"href":"https:\/\/originhobbies.com\/fi\/wp-json\/wp\/v2\/comments?post=22863"}],"wp:featuredmedia":[{"embeddable":true,"href":"https:\/\/originhobbies.com\/fi\/wp-json\/wp\/v2\/media\/22862"}],"wp:attachment":[{"href":"https:\/\/originhobbies.com\/fi\/wp-json\/wp\/v2\/media?parent=22863"}],"wp:term":[{"taxonomy":"product_brand","embeddable":true,"href":"https:\/\/originhobbies.com\/fi\/wp-json\/wp\/v2\/product_brand?post=22863"},{"taxonomy":"product_cat","embeddable":true,"href":"https:\/\/originhobbies.com\/fi\/wp-json\/wp\/v2\/product_cat?post=22863"},{"taxonomy":"product_tag","embeddable":true,"href":"https:\/\/originhobbies.com\/fi\/wp-json\/wp\/v2\/product_tag?post=22863"}],"curies":[{"name":"wp","href":"https:\/\/api.w.org\/{rel}","templated":true}]}}