{"id":22791,"date":"2026-01-06T23:47:04","date_gmt":"2026-01-06T21:47:04","guid":{"rendered":"https:\/\/originhobbies.com\/shop\/uncategorized\/oshm7221-omp-m7r-battery-quick-release-assembly\/"},"modified":"2026-04-06T01:03:34","modified_gmt":"2026-04-05T23:03:34","slug":"oshm7221-omp-m7r-battery-quick-release-assembly","status":"publish","type":"product","link":"https:\/\/originhobbies.com\/fi\/shop\/helicopter-parts\/omphobby-spare-parts\/omphobby-m7r-spare-parts\/oshm7221-omp-m7r-battery-quick-release-assembly\/","title":{"rendered":"OSHM7221 OMP M7R Battery Quick Release Assembly"},"content":{"rendered":"<p>Battery Quick Release Assembly for OMPHobby M7R Helicopter, OSHM7221<\/p>\n<h4>Sis\u00e4lt\u00e4\u00e4<\/h4>\n<p>Quick Release Spacer (x2) (7R-267)<br \/>\nButton Head Screw M2.5&#215;8 (x4) (7-147)<br \/>\nBattery Quick Release Assembly (x1) (Factory Assembled)<br \/>\n&#8211; Quick Release Base (7-042)<br \/>\n&#8211; Quick Release Knob (7-041)<br \/>\n&#8211; Quick Release Spring (7-060)<br \/>\n&#8211; Quick Release Pin (7-058)<br \/>\n&#8211; Washer (\u00d82.5x\u00d87&#215;1) (7-194)<br \/>\n&#8211; Button Head Screw M2.5&#215;6 (7-146)<\/p>","protected":false},"excerpt":{"rendered":"<p>Battery Quick Release Assembly for OMPHobby M7R Helicopter, OSHM7221 Includes Quick Release Spacer (x2) (7R-267) Button Head Screw M2.5&#215;8 (x4) (7-147) Battery Quick Release Assembly (x1) (Factory Assembled) &#8211; Quick Release Base (7-042) &#8211; Quick Release Knob (7-041) &#8211; Quick Release Spring (7-060) &#8211; Quick Release Pin (7-058) &#8211; Washer (\u00d82.5x\u00d87&#215;1) (7-194) &#8211; Button Head [&hellip;]<\/p>\n","protected":false},"featured_media":22790,"comment_status":"open","ping_status":"closed","template":"","meta":{"_eb_attr":""},"product_brand":[],"product_cat":[416],"product_tag":[],"class_list":{"0":"post-22791","1":"product","2":"type-product","3":"status-publish","4":"has-post-thumbnail","6":"product_cat-omphobby-m7r-spare-parts","8":"first","9":"instock","10":"taxable","11":"shipping-taxable","12":"purchasable","13":"product-type-simple"},"jetpack_sharing_enabled":true,"_links":{"self":[{"href":"https:\/\/originhobbies.com\/fi\/wp-json\/wp\/v2\/product\/22791","targetHints":{"allow":["GET"]}}],"collection":[{"href":"https:\/\/originhobbies.com\/fi\/wp-json\/wp\/v2\/product"}],"about":[{"href":"https:\/\/originhobbies.com\/fi\/wp-json\/wp\/v2\/types\/product"}],"replies":[{"embeddable":true,"href":"https:\/\/originhobbies.com\/fi\/wp-json\/wp\/v2\/comments?post=22791"}],"wp:featuredmedia":[{"embeddable":true,"href":"https:\/\/originhobbies.com\/fi\/wp-json\/wp\/v2\/media\/22790"}],"wp:attachment":[{"href":"https:\/\/originhobbies.com\/fi\/wp-json\/wp\/v2\/media?parent=22791"}],"wp:term":[{"taxonomy":"product_brand","embeddable":true,"href":"https:\/\/originhobbies.com\/fi\/wp-json\/wp\/v2\/product_brand?post=22791"},{"taxonomy":"product_cat","embeddable":true,"href":"https:\/\/originhobbies.com\/fi\/wp-json\/wp\/v2\/product_cat?post=22791"},{"taxonomy":"product_tag","embeddable":true,"href":"https:\/\/originhobbies.com\/fi\/wp-json\/wp\/v2\/product_tag?post=22791"}],"curies":[{"name":"wp","href":"https:\/\/api.w.org\/{rel}","templated":true}]}}