{"id":22104,"date":"2025-12-21T21:59:59","date_gmt":"2025-12-21T19:59:59","guid":{"rendered":"https:\/\/originhobbies.com\/?post_type=product&#038;p=22104"},"modified":"2026-04-16T21:13:23","modified_gmt":"2026-04-16T19:13:23","slug":"flywing-ace-receiver-connection-cable-for-ace-controller","status":"publish","type":"product","link":"https:\/\/originhobbies.com\/fi\/shop\/helicopter-parts\/flywing-spare-parts\/flywing-ec-135-spare-parts\/flywing-ace-receiver-connection-cable-for-ace-controller\/","title":{"rendered":"Flywing ACE Receiver adapter cable for ACE Controller FS122"},"content":{"rendered":"<p>Flywing ACE Receiver adapter cable for ACE Controller allows you to connect a S-BUS receiver with JR port to the Flywing ACE controller with JST-XH port.<\/p>\n<p>Part#: FS122<\/p>\n<h4>Compatible helicopters<\/h4>\n<p>Bell-206 ACE, Bell-412 ACE, BO-105 ACE, EC-135 ACE, UH1 ACE, FW450L-v3 ACE<\/p>\n<h4>Sis\u00e4lt\u00e4\u00e4<\/h4>\n<p>1 x ACE receiver connection cable<\/p>","protected":false},"excerpt":{"rendered":"<p>Flywing ACE Receiver adapter cable for ACE Controller allows you to connect a S-BUS receiver with JR port to the Flywing ACE controller with JST-XH port. Part#: FS122 Compatible helicopters Bell-206 ACE, Bell-412 ACE, BO-105 ACE, EC-135 ACE, UH1 ACE, FW450L-v3 ACE Includes 1 x ACE receiver connection cable<\/p>","protected":false},"featured_media":24201,"comment_status":"open","ping_status":"closed","template":"","meta":{"_eb_attr":""},"product_brand":[],"product_cat":[372,403,310,311,387,371,331,435,312],"product_tag":[],"class_list":{"0":"post-22104","1":"product","2":"type-product","3":"status-publish","4":"has-post-thumbnail","6":"product_cat-flywing-ec-135-spare-parts","7":"product_cat-flywing-gps-flight-controllers","8":"product_cat-flywing-fw450l-v3-spare-parts","9":"product_cat-flywing-bell-206-v3-spare-parts","10":"product_cat-flywing-bell-412-spare-parts","11":"product_cat-flywing-spare-parts","12":"product_cat-flywing-bo-105-spare-parts","13":"product_cat-flywing-mh-60t-jayhawk-spare-parts","14":"product_cat-flywing-uh-1-huey-v4-spare-parts","16":"first","17":"instock","18":"taxable","19":"shipping-taxable","20":"purchasable","21":"product-type-simple"},"jetpack_sharing_enabled":true,"_links":{"self":[{"href":"https:\/\/originhobbies.com\/fi\/wp-json\/wp\/v2\/product\/22104","targetHints":{"allow":["GET"]}}],"collection":[{"href":"https:\/\/originhobbies.com\/fi\/wp-json\/wp\/v2\/product"}],"about":[{"href":"https:\/\/originhobbies.com\/fi\/wp-json\/wp\/v2\/types\/product"}],"replies":[{"embeddable":true,"href":"https:\/\/originhobbies.com\/fi\/wp-json\/wp\/v2\/comments?post=22104"}],"wp:featuredmedia":[{"embeddable":true,"href":"https:\/\/originhobbies.com\/fi\/wp-json\/wp\/v2\/media\/24201"}],"wp:attachment":[{"href":"https:\/\/originhobbies.com\/fi\/wp-json\/wp\/v2\/media?parent=22104"}],"wp:term":[{"taxonomy":"product_brand","embeddable":true,"href":"https:\/\/originhobbies.com\/fi\/wp-json\/wp\/v2\/product_brand?post=22104"},{"taxonomy":"product_cat","embeddable":true,"href":"https:\/\/originhobbies.com\/fi\/wp-json\/wp\/v2\/product_cat?post=22104"},{"taxonomy":"product_tag","embeddable":true,"href":"https:\/\/originhobbies.com\/fi\/wp-json\/wp\/v2\/product_tag?post=22104"}],"curies":[{"name":"wp","href":"https:\/\/api.w.org\/{rel}","templated":true}]}}