{"id":18850,"date":"2025-07-01T20:51:50","date_gmt":"2025-07-01T18:51:50","guid":{"rendered":"http:\/\/originhobbies.com\/?post_type=product&#038;p=18850"},"modified":"2026-04-06T01:04:08","modified_gmt":"2026-04-05T23:04:08","slug":"flywing-fs88-main-rotor-housing-assembly-for-quick-4-blade-rotor-head-v2","status":"publish","type":"product","link":"https:\/\/originhobbies.com\/fi\/shop\/helicopter-parts\/flywing-spare-parts\/flywing-uh-1-huey-v4-spare-parts\/flywing-fs88-main-rotor-housing-assembly-for-quick-4-blade-rotor-head-v2\/","title":{"rendered":"Flywing FS88 Main Rotor Feathering Shaft Housing Assembly for  Quick 4 Blade Rotor v2"},"content":{"rendered":"<p>Flywing FS88 Main rotor Feathering shaft housing assembly with feathering shaft for Quick 4 blade rotor head v2 for Flywing helicopters<\/p>\n<h4>Compatible helicopters<\/h4>\n<p>All 4 bladed Flywing Scale helicopters<\/p>\n<h4>Sis\u00e4lt\u00e4\u00e4<\/h4>\n<p>Main Rotor Housing assembly for Quick 4 Blade head V2<\/p>","protected":false},"excerpt":{"rendered":"<p>Flywing FS88 Main rotor Feathering shaft housing assembly with feathering shaft for Quick 4 blade rotor head v2 for Flywing helicopters Compatible helicopters All 4 bladed Flywing Scale helicopters Includes Main Rotor Housing assembly for Quick 4 Blade head V2<\/p>","protected":false},"featured_media":18851,"comment_status":"open","ping_status":"closed","template":"","meta":{"_eb_attr":""},"product_brand":[],"product_cat":[312,311,371,387,331,372,435],"product_tag":[],"class_list":{"0":"post-18850","1":"product","2":"type-product","3":"status-publish","4":"has-post-thumbnail","6":"product_cat-flywing-uh-1-huey-v4-spare-parts","7":"product_cat-flywing-bell-206-v3-spare-parts","8":"product_cat-flywing-spare-parts","9":"product_cat-flywing-bell-412-spare-parts","10":"product_cat-flywing-bo-105-spare-parts","11":"product_cat-flywing-ec-135-spare-parts","12":"product_cat-flywing-mh-60t-jayhawk-spare-parts","14":"first","15":"instock","16":"taxable","17":"shipping-taxable","18":"purchasable","19":"product-type-simple"},"jetpack_sharing_enabled":true,"_links":{"self":[{"href":"https:\/\/originhobbies.com\/fi\/wp-json\/wp\/v2\/product\/18850","targetHints":{"allow":["GET"]}}],"collection":[{"href":"https:\/\/originhobbies.com\/fi\/wp-json\/wp\/v2\/product"}],"about":[{"href":"https:\/\/originhobbies.com\/fi\/wp-json\/wp\/v2\/types\/product"}],"replies":[{"embeddable":true,"href":"https:\/\/originhobbies.com\/fi\/wp-json\/wp\/v2\/comments?post=18850"}],"wp:featuredmedia":[{"embeddable":true,"href":"https:\/\/originhobbies.com\/fi\/wp-json\/wp\/v2\/media\/18851"}],"wp:attachment":[{"href":"https:\/\/originhobbies.com\/fi\/wp-json\/wp\/v2\/media?parent=18850"}],"wp:term":[{"taxonomy":"product_brand","embeddable":true,"href":"https:\/\/originhobbies.com\/fi\/wp-json\/wp\/v2\/product_brand?post=18850"},{"taxonomy":"product_cat","embeddable":true,"href":"https:\/\/originhobbies.com\/fi\/wp-json\/wp\/v2\/product_cat?post=18850"},{"taxonomy":"product_tag","embeddable":true,"href":"https:\/\/originhobbies.com\/fi\/wp-json\/wp\/v2\/product_tag?post=18850"}],"curies":[{"name":"wp","href":"https:\/\/api.w.org\/{rel}","templated":true}]}}