{"id":18846,"date":"2025-07-01T20:40:00","date_gmt":"2025-07-01T18:40:00","guid":{"rendered":"http:\/\/originhobbies.com\/?post_type=product&#038;p=18846"},"modified":"2026-04-06T01:04:08","modified_gmt":"2026-04-05T23:04:08","slug":"flywing-fs89-main-rotor-housing-for-4-blade-head","status":"publish","type":"product","link":"https:\/\/originhobbies.com\/fi\/shop\/helicopter-parts\/flywing-spare-parts\/flywing-fs89-main-rotor-housing-for-4-blade-head\/","title":{"rendered":"Flywing FS89 Main Rotor Housing for Quick 4 Blade head v2"},"content":{"rendered":"<p>Flywing FS89 Main Rotor Housing for Quick 4 Blade head v2 for Flywing helicopters<\/p>\n<p><strong>NOTE: It is not recommended to assemble this at customer side. Please buy the complete <a href=\"https:\/\/originhobbies.com\/fi\/shop\/helikopterin-osat-2\/flywing-spare-parts\/flywing-bell-206-v3-spare-parts\/flywing-fs88-main-rotor-housing-assembly-for-quick-4-blade-rotor-head-v2\/\">housing assembly with feathering shaft FS88<\/a><\/strong><\/p>\n<h4>Compatible helicopters<\/h4>\n<p>All 4 bladed Flywing Scale helicopters<\/p>\n<h4>Sis\u00e4lt\u00e4\u00e4<\/h4>\n<p>Main Rotor Housing for Quick 4 Blade head V2<\/p>","protected":false},"excerpt":{"rendered":"<p>Flywing FS89 Main Rotor Housing for Quick 4 Blade head v2 for Flywing helicopters NOTE: It is not recommended to assemble this at customer side. Please buy the complete housing assembly with feathering shaft FS88 Compatible helicopters All 4 bladed Flywing Scale helicopters Includes Main Rotor Housing for Quick 4 Blade head V2<\/p>","protected":false},"featured_media":18848,"comment_status":"open","ping_status":"closed","template":"","meta":{"_eb_attr":""},"product_brand":[],"product_cat":[371],"product_tag":[],"class_list":{"0":"post-18846","1":"product","2":"type-product","3":"status-publish","4":"has-post-thumbnail","6":"product_cat-flywing-spare-parts","8":"first","9":"outofstock","10":"taxable","11":"shipping-taxable","12":"purchasable","13":"product-type-simple"},"jetpack_sharing_enabled":true,"_links":{"self":[{"href":"https:\/\/originhobbies.com\/fi\/wp-json\/wp\/v2\/product\/18846","targetHints":{"allow":["GET"]}}],"collection":[{"href":"https:\/\/originhobbies.com\/fi\/wp-json\/wp\/v2\/product"}],"about":[{"href":"https:\/\/originhobbies.com\/fi\/wp-json\/wp\/v2\/types\/product"}],"replies":[{"embeddable":true,"href":"https:\/\/originhobbies.com\/fi\/wp-json\/wp\/v2\/comments?post=18846"}],"wp:featuredmedia":[{"embeddable":true,"href":"https:\/\/originhobbies.com\/fi\/wp-json\/wp\/v2\/media\/18848"}],"wp:attachment":[{"href":"https:\/\/originhobbies.com\/fi\/wp-json\/wp\/v2\/media?parent=18846"}],"wp:term":[{"taxonomy":"product_brand","embeddable":true,"href":"https:\/\/originhobbies.com\/fi\/wp-json\/wp\/v2\/product_brand?post=18846"},{"taxonomy":"product_cat","embeddable":true,"href":"https:\/\/originhobbies.com\/fi\/wp-json\/wp\/v2\/product_cat?post=18846"},{"taxonomy":"product_tag","embeddable":true,"href":"https:\/\/originhobbies.com\/fi\/wp-json\/wp\/v2\/product_tag?post=18846"}],"curies":[{"name":"wp","href":"https:\/\/api.w.org\/{rel}","templated":true}]}}