{"id":18639,"date":"2025-06-20T23:08:13","date_gmt":"2025-06-20T21:08:13","guid":{"rendered":"http:\/\/originhobbies.com\/shop\/uncategorized\/oshm2442-omp-m2-v3-swashplate-hub\/"},"modified":"2026-04-28T15:52:38","modified_gmt":"2026-04-28T13:52:38","slug":"oshm2442-omp-m2-v3-swashplate-hub","status":"publish","type":"product","link":"https:\/\/originhobbies.com\/fi\/shop\/helicopter-parts\/omphobby-spare-parts\/omp-m2-v3-pro-spare-parts\/oshm2442-omp-m2-v3-swashplate-hub\/","title":{"rendered":"OSHM2442 OMP M2 V3 Swashplate Hub"},"content":{"rendered":"<p>Swashplate Hub for OMPHobby M2 V3 Helicopter, OSHM2442<\/p>\n<h4>Sis\u00e4lt\u00e4\u00e4<\/h4>\n<p>Swashplate Hub*1pcs<\/p>","protected":false},"excerpt":{"rendered":"<p>Swashplate Hub for OMPHobby M2 V3 Helicopter, OSHM2442 Includes Swashplate Hub*1pcs<\/p>","protected":false},"featured_media":18638,"comment_status":"open","ping_status":"closed","template":"","meta":{"_eb_attr":""},"product_brand":[],"product_cat":[370],"product_tag":[],"class_list":["post-18639","product","type-product","status-publish","has-post-thumbnail","product_cat-omp-m2-v3-pro-spare-parts","first","instock","taxable","shipping-taxable","purchasable","product-type-simple"],"jetpack_sharing_enabled":true,"_links":{"self":[{"href":"https:\/\/originhobbies.com\/fi\/wp-json\/wp\/v2\/product\/18639","targetHints":{"allow":["GET"]}}],"collection":[{"href":"https:\/\/originhobbies.com\/fi\/wp-json\/wp\/v2\/product"}],"about":[{"href":"https:\/\/originhobbies.com\/fi\/wp-json\/wp\/v2\/types\/product"}],"replies":[{"embeddable":true,"href":"https:\/\/originhobbies.com\/fi\/wp-json\/wp\/v2\/comments?post=18639"}],"wp:featuredmedia":[{"embeddable":true,"href":"https:\/\/originhobbies.com\/fi\/wp-json\/wp\/v2\/media\/18638"}],"wp:attachment":[{"href":"https:\/\/originhobbies.com\/fi\/wp-json\/wp\/v2\/media?parent=18639"}],"wp:term":[{"taxonomy":"product_brand","embeddable":true,"href":"https:\/\/originhobbies.com\/fi\/wp-json\/wp\/v2\/product_brand?post=18639"},{"taxonomy":"product_cat","embeddable":true,"href":"https:\/\/originhobbies.com\/fi\/wp-json\/wp\/v2\/product_cat?post=18639"},{"taxonomy":"product_tag","embeddable":true,"href":"https:\/\/originhobbies.com\/fi\/wp-json\/wp\/v2\/product_tag?post=18639"}],"curies":[{"name":"wp","href":"https:\/\/api.w.org\/{rel}","templated":true}]}}