{"id":18633,"date":"2025-06-20T23:08:12","date_gmt":"2025-06-20T21:08:12","guid":{"rendered":"http:\/\/originhobbies.com\/shop\/uncategorized\/oshm2438-omp-m2-v3-wire-guide-set\/"},"modified":"2026-04-28T15:52:38","modified_gmt":"2026-04-28T13:52:38","slug":"oshm2438-omp-m2-v3-wire-guide-set","status":"publish","type":"product","link":"https:\/\/originhobbies.com\/fi\/shop\/helicopter-parts\/omphobby-spare-parts\/omp-m2-v3-pro-spare-parts\/oshm2438-omp-m2-v3-wire-guide-set\/","title":{"rendered":"OSHM2438 OMP M2 V3 Wire Guide Set"},"content":{"rendered":"<p>Wire Guide Set for OMPHobby M2 V3 Helicopter, OSHM2438<\/p>\n<h4>Sis\u00e4lt\u00e4\u00e4<\/h4>\n<p>Wire Guide L *1pcs<br \/>\nWire Guide R *1pcs<br \/>\nM1.7&#215;6 cylindrical head hexagon socket self-tapping screw &#8211; 4 pcs<\/p>","protected":false},"excerpt":{"rendered":"<p>Wire Guide Set for OMPHobby M2 V3 Helicopter, OSHM2438 Includes Wire Guide L *1pcs Wire Guide R *1pcs M1.7&#215;6 cylindrical head hexagon socket self-tapping screw &#8211; 4 pcs<\/p>","protected":false},"featured_media":18632,"comment_status":"open","ping_status":"closed","template":"","meta":{"_eb_attr":""},"product_brand":[],"product_cat":[370],"product_tag":[],"class_list":["post-18633","product","type-product","status-publish","has-post-thumbnail","product_cat-omp-m2-v3-pro-spare-parts","first","instock","taxable","shipping-taxable","purchasable","product-type-simple"],"jetpack_sharing_enabled":true,"_links":{"self":[{"href":"https:\/\/originhobbies.com\/fi\/wp-json\/wp\/v2\/product\/18633","targetHints":{"allow":["GET"]}}],"collection":[{"href":"https:\/\/originhobbies.com\/fi\/wp-json\/wp\/v2\/product"}],"about":[{"href":"https:\/\/originhobbies.com\/fi\/wp-json\/wp\/v2\/types\/product"}],"replies":[{"embeddable":true,"href":"https:\/\/originhobbies.com\/fi\/wp-json\/wp\/v2\/comments?post=18633"}],"wp:featuredmedia":[{"embeddable":true,"href":"https:\/\/originhobbies.com\/fi\/wp-json\/wp\/v2\/media\/18632"}],"wp:attachment":[{"href":"https:\/\/originhobbies.com\/fi\/wp-json\/wp\/v2\/media?parent=18633"}],"wp:term":[{"taxonomy":"product_brand","embeddable":true,"href":"https:\/\/originhobbies.com\/fi\/wp-json\/wp\/v2\/product_brand?post=18633"},{"taxonomy":"product_cat","embeddable":true,"href":"https:\/\/originhobbies.com\/fi\/wp-json\/wp\/v2\/product_cat?post=18633"},{"taxonomy":"product_tag","embeddable":true,"href":"https:\/\/originhobbies.com\/fi\/wp-json\/wp\/v2\/product_tag?post=18633"}],"curies":[{"name":"wp","href":"https:\/\/api.w.org\/{rel}","templated":true}]}}