{"id":18599,"date":"2025-06-20T23:08:03","date_gmt":"2025-06-20T21:08:03","guid":{"rendered":"http:\/\/originhobbies.com\/shop\/uncategorized\/oshm2417-omp-m2-v3-landing-skids-set\/"},"modified":"2026-05-11T05:10:03","modified_gmt":"2026-05-11T03:10:03","slug":"oshm2417-omp-m2-v3-landing-skids-set","status":"publish","type":"product","link":"https:\/\/originhobbies.com\/fi\/shop\/helicopter-parts\/omphobby-spare-parts\/omp-m2-v3-pro-spare-parts\/oshm2417-omp-m2-v3-landing-skids-set\/","title":{"rendered":"OSHM2417 OMP M2 V3 Landing Skids Set"},"content":{"rendered":"<p>Landing Skids Set for OMPHobby M2 V3 Helicopter, OSHM2417<\/p>\n<h4>Sis\u00e4lt\u00e4\u00e4<\/h4>\n<p>Landing Skids *1pcs<br \/>\nM1.7\u00d74 cylindrical head hexagon socket screw (self-tapping) &#8211; 4 pcs<\/p>","protected":false},"excerpt":{"rendered":"<p>Landing Skids Set for OMPHobby M2 V3 Helicopter, OSHM2417 Includes Landing Skids *1pcs M1.7\u00d74 cylindrical head hexagon socket screw (self-tapping) &#8211; 4 pcs<\/p>","protected":false},"featured_media":18598,"comment_status":"open","ping_status":"closed","template":"","meta":{"_eb_attr":""},"product_brand":[],"product_cat":[370],"product_tag":[],"class_list":["post-18599","product","type-product","status-publish","has-post-thumbnail","product_cat-omp-m2-v3-pro-spare-parts","first","instock","sold-individually","taxable","shipping-taxable","purchasable","product-type-simple"],"jetpack_sharing_enabled":true,"_links":{"self":[{"href":"https:\/\/originhobbies.com\/fi\/wp-json\/wp\/v2\/product\/18599","targetHints":{"allow":["GET"]}}],"collection":[{"href":"https:\/\/originhobbies.com\/fi\/wp-json\/wp\/v2\/product"}],"about":[{"href":"https:\/\/originhobbies.com\/fi\/wp-json\/wp\/v2\/types\/product"}],"replies":[{"embeddable":true,"href":"https:\/\/originhobbies.com\/fi\/wp-json\/wp\/v2\/comments?post=18599"}],"wp:featuredmedia":[{"embeddable":true,"href":"https:\/\/originhobbies.com\/fi\/wp-json\/wp\/v2\/media\/18598"}],"wp:attachment":[{"href":"https:\/\/originhobbies.com\/fi\/wp-json\/wp\/v2\/media?parent=18599"}],"wp:term":[{"taxonomy":"product_brand","embeddable":true,"href":"https:\/\/originhobbies.com\/fi\/wp-json\/wp\/v2\/product_brand?post=18599"},{"taxonomy":"product_cat","embeddable":true,"href":"https:\/\/originhobbies.com\/fi\/wp-json\/wp\/v2\/product_cat?post=18599"},{"taxonomy":"product_tag","embeddable":true,"href":"https:\/\/originhobbies.com\/fi\/wp-json\/wp\/v2\/product_tag?post=18599"}],"curies":[{"name":"wp","href":"https:\/\/api.w.org\/{rel}","templated":true}]}}