{"id":18589,"date":"2025-06-20T23:08:00","date_gmt":"2025-06-20T21:08:00","guid":{"rendered":"http:\/\/originhobbies.com\/shop\/uncategorized\/oshm2411-omp-m2-v3-swashplate-driver-joint-set\/"},"modified":"2026-05-01T11:50:04","modified_gmt":"2026-05-01T09:50:04","slug":"oshm2411-omp-m2-v3-swashplate-driver-joint-set","status":"publish","type":"product","link":"https:\/\/originhobbies.com\/fi\/shop\/helicopter-parts\/omphobby-spare-parts\/omp-m2-v3-pro-spare-parts\/oshm2411-omp-m2-v3-swashplate-driver-joint-set\/","title":{"rendered":"OSHM2411 OMP M2 V3 Swashplate Driver Joint Set"},"content":{"rendered":"<p>Swashplate Driver Joint Set for OMPHobby M2 V3 Helicopter, OSHM2411<\/p>\n<h4>Sis\u00e4lt\u00e4\u00e4<\/h4>\n<p>Swashplate Driver Joint*4pcs<\/p>","protected":false},"excerpt":{"rendered":"<p>Swashplate Driver Joint Set for OMPHobby M2 V3 Helicopter, OSHM2411 Includes Swashplate Driver Joint*4pcs<\/p>","protected":false},"featured_media":18588,"comment_status":"open","ping_status":"closed","template":"","meta":{"_eb_attr":""},"product_brand":[],"product_cat":[370],"product_tag":[],"class_list":["post-18589","product","type-product","status-publish","has-post-thumbnail","product_cat-omp-m2-v3-pro-spare-parts","first","instock","taxable","shipping-taxable","purchasable","product-type-simple"],"jetpack_sharing_enabled":true,"_links":{"self":[{"href":"https:\/\/originhobbies.com\/fi\/wp-json\/wp\/v2\/product\/18589","targetHints":{"allow":["GET"]}}],"collection":[{"href":"https:\/\/originhobbies.com\/fi\/wp-json\/wp\/v2\/product"}],"about":[{"href":"https:\/\/originhobbies.com\/fi\/wp-json\/wp\/v2\/types\/product"}],"replies":[{"embeddable":true,"href":"https:\/\/originhobbies.com\/fi\/wp-json\/wp\/v2\/comments?post=18589"}],"wp:featuredmedia":[{"embeddable":true,"href":"https:\/\/originhobbies.com\/fi\/wp-json\/wp\/v2\/media\/18588"}],"wp:attachment":[{"href":"https:\/\/originhobbies.com\/fi\/wp-json\/wp\/v2\/media?parent=18589"}],"wp:term":[{"taxonomy":"product_brand","embeddable":true,"href":"https:\/\/originhobbies.com\/fi\/wp-json\/wp\/v2\/product_brand?post=18589"},{"taxonomy":"product_cat","embeddable":true,"href":"https:\/\/originhobbies.com\/fi\/wp-json\/wp\/v2\/product_cat?post=18589"},{"taxonomy":"product_tag","embeddable":true,"href":"https:\/\/originhobbies.com\/fi\/wp-json\/wp\/v2\/product_tag?post=18589"}],"curies":[{"name":"wp","href":"https:\/\/api.w.org\/{rel}","templated":true}]}}