{"id":1782,"date":"2021-10-12T21:20:12","date_gmt":"2021-10-12T18:20:12","guid":{"rendered":"http:\/\/originhobbies.com\/?post_type=product&#038;p=1782"},"modified":"2026-04-06T01:06:46","modified_gmt":"2026-04-05T23:06:46","slug":"omp-m2-v2-bnf","status":"publish","type":"product","link":"https:\/\/originhobbies.com\/fi\/shop\/rc-helicopters\/helicopter-rtf-bnf-kits\/omp-m2-v2-bnf\/","title":{"rendered":"OMPHobby M2 V2 RC -helikopteri BnF"},"content":{"rendered":"<div class=\"post-content woocommerce-product-details__short-description\">\n<p>OMPHobby M2 V2 2021 -versio on BnF (Bind and Fly). Se k\u00e4ytt\u00e4\u00e4 hiilivahvistettua polymeeri\u00e4 servokoteloissa. M2 V2 -laitteessa on t\u00e4ysi CNC -seoskomponentit, ja siin\u00e4 on parannettu ja t\u00e4ysin konfiguroitava Flight Controller, parannettu ESC ja s\u00e4\u00e4timen toiminto, uusi &#039;&#039; kyynelpisara &#039;&#039; -puomi ja vankka laskuteline. M2 V2 -helikopteri on korkealaatuinen tuote, jonka OMPHOBBY T &amp; K-tiimi on luonut helikopterin harrastajille. Sen kompakti koko sopii joustavaan sis\u00e4lentoon ja v\u00e4kivaltaiseen ulkoiluun.<\/p>\n<hr \/>\n<p><span style=\"color: #ff0000;\">VAROITUS!<\/span> T\u00e4m\u00e4 ei ole lelu. V\u00e4\u00e4r\u00e4nlainen k\u00e4ytt\u00f6 voi aiheuttaa vakavia vammoja. RC-simulaattoriharjoittelua suositellaan ennen kuin yrit\u00e4t lent\u00e4\u00e4 t\u00e4t\u00e4 mallia. Ei sovellu lapsille.<br \/>\n<a href=\"https:\/\/originhobbies.com\/fi\/legal-disclaimer\/\">Lue lis\u00e4\u00e4!<\/a><\/p>\n<div>\n<hr \/>\n<p>Huomautus: M2-helikopterissa on sis\u00e4\u00e4nrakennettu OMPHobby-vastaanotin. Siin\u00e4 on SBUS- ja DSM2\/DSMX -satelliittiportti oman vastaanottimen liitt\u00e4mist\u00e4 varten.<\/p>\n<p><strong><a href=\"https:\/\/originhobbies.com\/fi\/shop\/helikopterin-osat-2\/omp-m2-parts\/omphobby-m2-swash-leveling-tool\/\">M2 Swash leveling tool<\/a> provided free with every M2 Helicopter purchase!<\/strong><\/p>\n<p><img loading=\"lazy\" decoding=\"async\" class=\"alignnone wp-image-4825\" src=\"https:\/\/originhobbies.com\/wp-content\/uploads\/2022\/09\/oh-m2-swash-tool5-300x300.jpg\" alt=\"OMPHobby M2 Swash leveling tool\" width=\"198\" height=\"198\" srcset=\"https:\/\/originhobbies.com\/wp-content\/uploads\/2022\/09\/oh-m2-swash-tool5-300x300.jpg 300w, https:\/\/originhobbies.com\/wp-content\/uploads\/2022\/09\/oh-m2-swash-tool5-150x150.jpg 150w, https:\/\/originhobbies.com\/wp-content\/uploads\/2022\/09\/oh-m2-swash-tool5-12x12.jpg 12w, https:\/\/originhobbies.com\/wp-content\/uploads\/2022\/09\/oh-m2-swash-tool5-324x324.jpg 324w, https:\/\/originhobbies.com\/wp-content\/uploads\/2022\/09\/oh-m2-swash-tool5-416x416.jpg 416w, https:\/\/originhobbies.com\/wp-content\/uploads\/2022\/09\/oh-m2-swash-tool5-100x100.jpg 100w, https:\/\/originhobbies.com\/wp-content\/uploads\/2022\/09\/oh-m2-swash-tool5.jpg 700w\" sizes=\"auto, (max-width: 198px) 100vw, 198px\" \/><\/p>\n<h4>Tekniset tiedot<\/h4>\n<ul>\n<li><strong>P\u00e4\u00e4moottori:<\/strong> SunnySky V4<\/li>\n<li><strong>Per\u00e4moottori:<\/strong> SunnySky R1<\/li>\n<li><strong>Servot:<\/strong> Metal gear, CNC alloy case<\/li>\n<li><strong>P\u00e4\u00e4roottorin halkaisija:<\/strong> 400 mm<\/li>\n<li><strong>Tail Rotor Diameter:<\/strong> 71 mm<\/li>\n<li><strong>Lent\u00e4v\u00e4 paino:<\/strong> Noin 315 g<\/li>\n<li><strong>Mitat:<\/strong> 408 mm*72 mm*135 mm<\/li>\n<li><strong>Akku:<\/strong> 3S 650 mAh 45C<\/li>\n<li><strong>Lentoaika:<\/strong> Suurin lentoaika 9 min - 4 min \u00e4\u00e4rimm\u00e4isiss\u00e4 3D -liikkeiss\u00e4<\/li>\n<li><strong>Sis\u00e4lt\u00e4\u00e4:<\/strong> 1 x battery, 3 x servo arms, 1 x main shaft, 1 x feathering shaft, spare screws, EPP case<\/li>\n<li><strong>Vaaditaan<\/strong>: OMPHobby T6 -l\u00e4hetin (ei sis\u00e4lly toimitukseen) tai oma l\u00e4hetin ja DSM2\/DSMX- tai SBus -vastaanotin<\/li>\n<\/ul>\n<h4>Lataukset<\/h4>\n<ul>\n<li><a href=\"https:\/\/originhobbies.com\/fi\/omphobby-m1-m2-evo-rtf-user-guides\/\">OriginHobbies RTF User guides (TX16S \/ Zorro)<\/a><\/li>\n<li><a href=\"https:\/\/originhobbies.com\/fi\/m2-v2-exp-evo-flight-controller-settings\/\">M2 Flight Controller user guide<\/a><\/li>\n<li><a href=\"https:\/\/originhobbies.com\/wp-content\/uploads\/2021\/10\/M2-V2-manual-2021-09-14.pdf\">OMP M2 V2 User Manual<\/a><\/li>\n<li><a href=\"https:\/\/originhobbies.com\/fi\/radio-setup-guides-for-omphobby-m2-omp-m1\/\">Radio Setup guides (TX16S \/ Zorro \/ Futaba T18SZ)<\/a><\/li>\n<li><a href=\"https:\/\/originhobbies.com\/fi\/omphobby-m2-part-list\/\">OMP M2 Spare Parts list<\/a><\/li>\n<li><a href=\"https:\/\/originhobbies.com\/fi\/mikado-logo-200-vs-omphobby-m2-osat-yhteensopivuus-viite\/\">Mikado Logo 200 vs OMP M2 -osien yhteensopivuusviite<\/a><\/li>\n<\/ul>\n<h4>Videot<\/h4>\n<p><iframe loading=\"lazy\" title=\"YouTube video player\" src=\"https:\/\/www.youtube.com\/embed\/bAt1AEIKLJ0\" width=\"560\" height=\"315\" frameborder=\"0\" allowfullscreen=\"allowfullscreen\"><\/iframe><\/p>\n<p><iframe loading=\"lazy\" title=\"YouTube video player\" src=\"https:\/\/www.youtube.com\/embed\/WjVVuEE8U5w\" width=\"560\" height=\"315\" frameborder=\"0\" allowfullscreen=\"allowfullscreen\"><span style=\"display: inline-block; width: 0px; overflow: hidden; line-height: 0;\" data-mce-type=\"bookmark\" class=\"mce_SELRES_start\"><\/span><\/iframe><\/p>\n<\/div>\n<\/div>","protected":false},"excerpt":{"rendered":"<p>The OMPHobby M2 V2 2021 version is BnF (Bind and Fly). It uses carbon reinforced polymer for servo cases. The M2 V2 has full CNC alloy components and features an improved and fully configurable flight controller, improved ESC with governor function, new \u2018teardrop\u2019 tail boom, robust landing gear. M2 V2 Helicopter is a high-quality product [&hellip;]<\/p>\n","protected":false},"featured_media":1825,"comment_status":"open","ping_status":"closed","template":"","meta":{"_eb_attr":""},"product_brand":[],"product_cat":[23],"product_tag":[],"class_list":{"0":"post-1782","1":"product","2":"type-product","3":"status-publish","4":"has-post-thumbnail","6":"product_cat-helicopter-rtf-bnf-kits","8":"first","9":"discontinued","10":"taxable","11":"shipping-taxable","12":"product-type-simple"},"jetpack_sharing_enabled":true,"_links":{"self":[{"href":"https:\/\/originhobbies.com\/fi\/wp-json\/wp\/v2\/product\/1782","targetHints":{"allow":["GET"]}}],"collection":[{"href":"https:\/\/originhobbies.com\/fi\/wp-json\/wp\/v2\/product"}],"about":[{"href":"https:\/\/originhobbies.com\/fi\/wp-json\/wp\/v2\/types\/product"}],"replies":[{"embeddable":true,"href":"https:\/\/originhobbies.com\/fi\/wp-json\/wp\/v2\/comments?post=1782"}],"wp:featuredmedia":[{"embeddable":true,"href":"https:\/\/originhobbies.com\/fi\/wp-json\/wp\/v2\/media\/1825"}],"wp:attachment":[{"href":"https:\/\/originhobbies.com\/fi\/wp-json\/wp\/v2\/media?parent=1782"}],"wp:term":[{"taxonomy":"product_brand","embeddable":true,"href":"https:\/\/originhobbies.com\/fi\/wp-json\/wp\/v2\/product_brand?post=1782"},{"taxonomy":"product_cat","embeddable":true,"href":"https:\/\/originhobbies.com\/fi\/wp-json\/wp\/v2\/product_cat?post=1782"},{"taxonomy":"product_tag","embeddable":true,"href":"https:\/\/originhobbies.com\/fi\/wp-json\/wp\/v2\/product_tag?post=1782"}],"curies":[{"name":"wp","href":"https:\/\/api.w.org\/{rel}","templated":true}]}}