{"id":16380,"date":"2025-04-19T22:36:27","date_gmt":"2025-04-19T20:36:27","guid":{"rendered":"http:\/\/originhobbies.com\/shop\/uncategorized\/oshb5099-omp-m5-m6-axial-bearing-f8-14\/"},"modified":"2026-04-06T01:04:50","modified_gmt":"2026-04-05T23:04:50","slug":"oshb5099-omp-m5-m6-axial-bearing-f8-14","status":"publish","type":"product","link":"https:\/\/originhobbies.com\/fi\/shop\/helicopter-parts\/omphobby-spare-parts\/omphobby-m5-spare-parts\/oshb5099-omp-m5-m6-axial-bearing-f8-14\/","title":{"rendered":"OSHB5099 OMP M5, M6 Axial Bearing F8-14"},"content":{"rendered":"<p>Axial Bearing F8-14 for OMPHobby M5, M6 Helicopter, OSHB5099<\/p>\n<h4>Sis\u00e4lt\u00e4\u00e4<\/h4>\n<p>Axial Bearing F8-14(\u00d72)(5-102)<\/p>","protected":false},"excerpt":{"rendered":"<p>Axial Bearing F8-14 for OMPHobby M5, M6 Helicopter, OSHB5099 Includes Axial Bearing F8-14(\u00d72)(5-102)<\/p>","protected":false},"featured_media":16379,"comment_status":"open","ping_status":"closed","template":"","meta":{"_eb_attr":""},"product_brand":[],"product_cat":[344,345],"product_tag":[],"class_list":{"0":"post-16380","1":"product","2":"type-product","3":"status-publish","4":"has-post-thumbnail","6":"product_cat-omphobby-m5-spare-parts","7":"product_cat-omphobby-m6-spare-parts","9":"first","10":"instock","11":"taxable","12":"shipping-taxable","13":"purchasable","14":"product-type-simple"},"jetpack_sharing_enabled":true,"_links":{"self":[{"href":"https:\/\/originhobbies.com\/fi\/wp-json\/wp\/v2\/product\/16380","targetHints":{"allow":["GET"]}}],"collection":[{"href":"https:\/\/originhobbies.com\/fi\/wp-json\/wp\/v2\/product"}],"about":[{"href":"https:\/\/originhobbies.com\/fi\/wp-json\/wp\/v2\/types\/product"}],"replies":[{"embeddable":true,"href":"https:\/\/originhobbies.com\/fi\/wp-json\/wp\/v2\/comments?post=16380"}],"wp:featuredmedia":[{"embeddable":true,"href":"https:\/\/originhobbies.com\/fi\/wp-json\/wp\/v2\/media\/16379"}],"wp:attachment":[{"href":"https:\/\/originhobbies.com\/fi\/wp-json\/wp\/v2\/media?parent=16380"}],"wp:term":[{"taxonomy":"product_brand","embeddable":true,"href":"https:\/\/originhobbies.com\/fi\/wp-json\/wp\/v2\/product_brand?post=16380"},{"taxonomy":"product_cat","embeddable":true,"href":"https:\/\/originhobbies.com\/fi\/wp-json\/wp\/v2\/product_cat?post=16380"},{"taxonomy":"product_tag","embeddable":true,"href":"https:\/\/originhobbies.com\/fi\/wp-json\/wp\/v2\/product_tag?post=16380"}],"curies":[{"name":"wp","href":"https:\/\/api.w.org\/{rel}","templated":true}]}}