{"id":16319,"date":"2025-04-19T22:28:51","date_gmt":"2025-04-19T20:28:51","guid":{"rendered":"http:\/\/originhobbies.com\/shop\/uncategorized\/oshm5122-omp-m5-15mm-servo-bushing\/"},"modified":"2026-04-28T15:53:01","modified_gmt":"2026-04-28T13:53:01","slug":"oshm5122-omp-m5-15mm-servo-bushing","status":"publish","type":"product","link":"https:\/\/originhobbies.com\/fi\/shop\/helicopter-parts\/omphobby-spare-parts\/omphobby-m5-spare-parts\/oshm5122-omp-m5-15mm-servo-bushing\/","title":{"rendered":"OSHM5122 OMP M5 15mm Servo Bushing"},"content":{"rendered":"<p>15mm Servo Bushing for OMPHobby M5 Helicopter, OSHM5122<\/p>\n<h4>Sis\u00e4lt\u00e4\u00e4<\/h4>\n<p>15mm Servo Bushing(x16)(5-134)<\/p>","protected":false},"excerpt":{"rendered":"<p>15mm Servo Bushing for OMPHobby M5 Helicopter, OSHM5122 Includes 15mm Servo Bushing(x16)(5-134)<\/p>","protected":false},"featured_media":16318,"comment_status":"open","ping_status":"closed","template":"","meta":{"_eb_attr":""},"product_brand":[],"product_cat":[344,345],"product_tag":[],"class_list":["post-16319","product","type-product","status-publish","has-post-thumbnail","product_cat-omphobby-m5-spare-parts","product_cat-omphobby-m6-spare-parts","first","instock","taxable","shipping-taxable","purchasable","product-type-simple"],"jetpack_sharing_enabled":true,"_links":{"self":[{"href":"https:\/\/originhobbies.com\/fi\/wp-json\/wp\/v2\/product\/16319","targetHints":{"allow":["GET"]}}],"collection":[{"href":"https:\/\/originhobbies.com\/fi\/wp-json\/wp\/v2\/product"}],"about":[{"href":"https:\/\/originhobbies.com\/fi\/wp-json\/wp\/v2\/types\/product"}],"replies":[{"embeddable":true,"href":"https:\/\/originhobbies.com\/fi\/wp-json\/wp\/v2\/comments?post=16319"}],"wp:featuredmedia":[{"embeddable":true,"href":"https:\/\/originhobbies.com\/fi\/wp-json\/wp\/v2\/media\/16318"}],"wp:attachment":[{"href":"https:\/\/originhobbies.com\/fi\/wp-json\/wp\/v2\/media?parent=16319"}],"wp:term":[{"taxonomy":"product_brand","embeddable":true,"href":"https:\/\/originhobbies.com\/fi\/wp-json\/wp\/v2\/product_brand?post=16319"},{"taxonomy":"product_cat","embeddable":true,"href":"https:\/\/originhobbies.com\/fi\/wp-json\/wp\/v2\/product_cat?post=16319"},{"taxonomy":"product_tag","embeddable":true,"href":"https:\/\/originhobbies.com\/fi\/wp-json\/wp\/v2\/product_tag?post=16319"}],"curies":[{"name":"wp","href":"https:\/\/api.w.org\/{rel}","templated":true}]}}