{"id":16317,"date":"2025-04-19T22:28:51","date_gmt":"2025-04-19T20:28:51","guid":{"rendered":"http:\/\/originhobbies.com\/shop\/uncategorized\/oshm5119-omp-m5-canopy-nebula-pink\/"},"modified":"2026-04-06T01:04:50","modified_gmt":"2026-04-05T23:04:50","slug":"oshm5119-omp-m5-canopy-nebula-pink","status":"publish","type":"product","link":"https:\/\/originhobbies.com\/fi\/shop\/helicopter-parts\/omphobby-spare-parts\/omphobby-m6-spare-parts\/oshm5119-omp-m5-canopy-nebula-pink\/","title":{"rendered":"OSHM5119 OMP M5 Canopy (Nebula Pink)"},"content":{"rendered":"<p>Canopy (Nebula Pink) for OMPHobby M5 Helicopter, OSHM5119<\/p>\n<h4>Sis\u00e4lt\u00e4\u00e4<\/h4>\n<p>Canopy(\u00d71)(5-128P)<\/p>","protected":false},"excerpt":{"rendered":"<p>Canopy (Nebula Pink) for OMPHobby M5 Helicopter, OSHM5119 Includes Canopy(\u00d71)(5-128P)<\/p>","protected":false},"featured_media":16316,"comment_status":"open","ping_status":"closed","template":"","meta":{"_eb_attr":""},"product_brand":[],"product_cat":[345,344],"product_tag":[],"class_list":{"0":"post-16317","1":"product","2":"type-product","3":"status-publish","4":"has-post-thumbnail","6":"product_cat-omphobby-m6-spare-parts","7":"product_cat-omphobby-m5-spare-parts","9":"first","10":"instock","11":"taxable","12":"shipping-taxable","13":"purchasable","14":"product-type-simple"},"jetpack_sharing_enabled":true,"_links":{"self":[{"href":"https:\/\/originhobbies.com\/fi\/wp-json\/wp\/v2\/product\/16317","targetHints":{"allow":["GET"]}}],"collection":[{"href":"https:\/\/originhobbies.com\/fi\/wp-json\/wp\/v2\/product"}],"about":[{"href":"https:\/\/originhobbies.com\/fi\/wp-json\/wp\/v2\/types\/product"}],"replies":[{"embeddable":true,"href":"https:\/\/originhobbies.com\/fi\/wp-json\/wp\/v2\/comments?post=16317"}],"wp:featuredmedia":[{"embeddable":true,"href":"https:\/\/originhobbies.com\/fi\/wp-json\/wp\/v2\/media\/16316"}],"wp:attachment":[{"href":"https:\/\/originhobbies.com\/fi\/wp-json\/wp\/v2\/media?parent=16317"}],"wp:term":[{"taxonomy":"product_brand","embeddable":true,"href":"https:\/\/originhobbies.com\/fi\/wp-json\/wp\/v2\/product_brand?post=16317"},{"taxonomy":"product_cat","embeddable":true,"href":"https:\/\/originhobbies.com\/fi\/wp-json\/wp\/v2\/product_cat?post=16317"},{"taxonomy":"product_tag","embeddable":true,"href":"https:\/\/originhobbies.com\/fi\/wp-json\/wp\/v2\/product_tag?post=16317"}],"curies":[{"name":"wp","href":"https:\/\/api.w.org\/{rel}","templated":true}]}}