{"id":16293,"date":"2025-04-19T22:28:46","date_gmt":"2025-04-19T20:28:46","guid":{"rendered":"http:\/\/originhobbies.com\/shop\/uncategorized\/oshm5107-omp-m5-m6-washer-%cf%868x%cf%8610x1\/"},"modified":"2026-04-06T01:04:50","modified_gmt":"2026-04-05T23:04:50","slug":"oshm5107-omp-m5-m6-washer-%cf%868x%cf%8610x1","status":"publish","type":"product","link":"https:\/\/originhobbies.com\/fi\/shop\/helicopter-parts\/omphobby-spare-parts\/omphobby-m5-spare-parts\/oshm5107-omp-m5-m6-washer-%cf%868x%cf%8610x1\/","title":{"rendered":"OSHM5107 OMP M5, M6 Washer \u03a68x\u03a610&#215;1"},"content":{"rendered":"<p>Washer \u03a68x\u03a610&#215;1 for OMPHobby M5, M6 Helicopter, OSHM5107<\/p>\n<h4>Sis\u00e4lt\u00e4\u00e4<\/h4>\n<p>Thrust Bearing Washer \u03c68x\u03c610&#215;1(\u00d76) (5-108)<\/p>","protected":false},"excerpt":{"rendered":"<p>Washer \u03a68x\u03a610&#215;1 for OMPHobby M5, M6 Helicopter, OSHM5107 Includes Thrust Bearing Washer \u03c68x\u03c610&#215;1(\u00d76) (5-108)<\/p>","protected":false},"featured_media":16292,"comment_status":"open","ping_status":"closed","template":"","meta":{"_eb_attr":""},"product_brand":[],"product_cat":[344,345],"product_tag":[],"class_list":{"0":"post-16293","1":"product","2":"type-product","3":"status-publish","4":"has-post-thumbnail","6":"product_cat-omphobby-m5-spare-parts","7":"product_cat-omphobby-m6-spare-parts","9":"first","10":"instock","11":"taxable","12":"shipping-taxable","13":"purchasable","14":"product-type-simple"},"jetpack_sharing_enabled":true,"_links":{"self":[{"href":"https:\/\/originhobbies.com\/fi\/wp-json\/wp\/v2\/product\/16293","targetHints":{"allow":["GET"]}}],"collection":[{"href":"https:\/\/originhobbies.com\/fi\/wp-json\/wp\/v2\/product"}],"about":[{"href":"https:\/\/originhobbies.com\/fi\/wp-json\/wp\/v2\/types\/product"}],"replies":[{"embeddable":true,"href":"https:\/\/originhobbies.com\/fi\/wp-json\/wp\/v2\/comments?post=16293"}],"wp:featuredmedia":[{"embeddable":true,"href":"https:\/\/originhobbies.com\/fi\/wp-json\/wp\/v2\/media\/16292"}],"wp:attachment":[{"href":"https:\/\/originhobbies.com\/fi\/wp-json\/wp\/v2\/media?parent=16293"}],"wp:term":[{"taxonomy":"product_brand","embeddable":true,"href":"https:\/\/originhobbies.com\/fi\/wp-json\/wp\/v2\/product_brand?post=16293"},{"taxonomy":"product_cat","embeddable":true,"href":"https:\/\/originhobbies.com\/fi\/wp-json\/wp\/v2\/product_cat?post=16293"},{"taxonomy":"product_tag","embeddable":true,"href":"https:\/\/originhobbies.com\/fi\/wp-json\/wp\/v2\/product_tag?post=16293"}],"curies":[{"name":"wp","href":"https:\/\/api.w.org\/{rel}","templated":true}]}}