{"id":16281,"date":"2025-04-19T22:28:44","date_gmt":"2025-04-19T20:28:44","guid":{"rendered":"http:\/\/originhobbies.com\/shop\/uncategorized\/oshm5079-omp-m5-m6-spherical-bearing-sets\/"},"modified":"2026-04-28T15:53:01","modified_gmt":"2026-04-28T13:53:01","slug":"oshm5079-omp-m5-m6-spherical-bearing-sets","status":"publish","type":"product","link":"https:\/\/originhobbies.com\/fi\/shop\/helicopter-parts\/omphobby-spare-parts\/omphobby-m5-spare-parts\/oshm5079-omp-m5-m6-spherical-bearing-sets\/","title":{"rendered":"OSHM5079 OMP M5, M6 Spherical Bearing Sets"},"content":{"rendered":"<p>Spherical Bearing Sets for OMPHobby M5, M6 Helicopter, OSHM5079<\/p>\n<h4>Sis\u00e4lt\u00e4\u00e4<\/h4>\n<p>Spherical Bearing(\u00d71)(5-011)<br \/>\nSpherical Bearing Races(\u00d72)(5-020)<\/p>","protected":false},"excerpt":{"rendered":"<p>Spherical Bearing Sets for OMPHobby M5, M6 Helicopter, OSHM5079 Includes Spherical Bearing(\u00d71)(5-011) Spherical Bearing Races(\u00d72)(5-020)<\/p>","protected":false},"featured_media":16280,"comment_status":"open","ping_status":"closed","template":"","meta":{"_eb_attr":""},"product_brand":[],"product_cat":[344,345],"product_tag":[],"class_list":["post-16281","product","type-product","status-publish","has-post-thumbnail","product_cat-omphobby-m5-spare-parts","product_cat-omphobby-m6-spare-parts","first","instock","taxable","shipping-taxable","purchasable","product-type-simple"],"jetpack_sharing_enabled":true,"_links":{"self":[{"href":"https:\/\/originhobbies.com\/fi\/wp-json\/wp\/v2\/product\/16281","targetHints":{"allow":["GET"]}}],"collection":[{"href":"https:\/\/originhobbies.com\/fi\/wp-json\/wp\/v2\/product"}],"about":[{"href":"https:\/\/originhobbies.com\/fi\/wp-json\/wp\/v2\/types\/product"}],"replies":[{"embeddable":true,"href":"https:\/\/originhobbies.com\/fi\/wp-json\/wp\/v2\/comments?post=16281"}],"wp:featuredmedia":[{"embeddable":true,"href":"https:\/\/originhobbies.com\/fi\/wp-json\/wp\/v2\/media\/16280"}],"wp:attachment":[{"href":"https:\/\/originhobbies.com\/fi\/wp-json\/wp\/v2\/media?parent=16281"}],"wp:term":[{"taxonomy":"product_brand","embeddable":true,"href":"https:\/\/originhobbies.com\/fi\/wp-json\/wp\/v2\/product_brand?post=16281"},{"taxonomy":"product_cat","embeddable":true,"href":"https:\/\/originhobbies.com\/fi\/wp-json\/wp\/v2\/product_cat?post=16281"},{"taxonomy":"product_tag","embeddable":true,"href":"https:\/\/originhobbies.com\/fi\/wp-json\/wp\/v2\/product_tag?post=16281"}],"curies":[{"name":"wp","href":"https:\/\/api.w.org\/{rel}","templated":true}]}}