{"id":16239,"date":"2025-04-19T22:28:34","date_gmt":"2025-04-19T20:28:34","guid":{"rendered":"http:\/\/originhobbies.com\/shop\/uncategorized\/oshm5058-omp-m5-m6-tail-rotor-shaft\/"},"modified":"2026-04-29T07:36:56","modified_gmt":"2026-04-29T05:36:56","slug":"oshm5058-omp-m5-m6-tail-rotor-shaft","status":"publish","type":"product","link":"https:\/\/originhobbies.com\/fi\/shop\/helicopter-parts\/omphobby-spare-parts\/omphobby-m5-spare-parts\/oshm5058-omp-m5-m6-tail-rotor-shaft\/","title":{"rendered":"OSHM5058 OMP M5, M6 Tail Rotor Shaft"},"content":{"rendered":"<p>Tail Rotor Shaft for OMPHobby M5, M6 Helicopter, OSHM5058<\/p>\n<h4>Sis\u00e4lt\u00e4\u00e4<\/h4>\n<p>Tail Rotor Shaft(\u00d71)(5-087)<\/p>","protected":false},"excerpt":{"rendered":"<p>Tail Rotor Shaft for OMPHobby M5, M6 Helicopter, OSHM5058 Includes Tail Rotor Shaft(\u00d71)(5-087)<\/p>","protected":false},"featured_media":16238,"comment_status":"open","ping_status":"closed","template":"","meta":{"_eb_attr":""},"product_brand":[],"product_cat":[344,345],"product_tag":[],"class_list":["post-16239","product","type-product","status-publish","has-post-thumbnail","product_cat-omphobby-m5-spare-parts","product_cat-omphobby-m6-spare-parts","first","instock","taxable","shipping-taxable","purchasable","product-type-simple"],"jetpack_sharing_enabled":true,"_links":{"self":[{"href":"https:\/\/originhobbies.com\/fi\/wp-json\/wp\/v2\/product\/16239","targetHints":{"allow":["GET"]}}],"collection":[{"href":"https:\/\/originhobbies.com\/fi\/wp-json\/wp\/v2\/product"}],"about":[{"href":"https:\/\/originhobbies.com\/fi\/wp-json\/wp\/v2\/types\/product"}],"replies":[{"embeddable":true,"href":"https:\/\/originhobbies.com\/fi\/wp-json\/wp\/v2\/comments?post=16239"}],"wp:featuredmedia":[{"embeddable":true,"href":"https:\/\/originhobbies.com\/fi\/wp-json\/wp\/v2\/media\/16238"}],"wp:attachment":[{"href":"https:\/\/originhobbies.com\/fi\/wp-json\/wp\/v2\/media?parent=16239"}],"wp:term":[{"taxonomy":"product_brand","embeddable":true,"href":"https:\/\/originhobbies.com\/fi\/wp-json\/wp\/v2\/product_brand?post=16239"},{"taxonomy":"product_cat","embeddable":true,"href":"https:\/\/originhobbies.com\/fi\/wp-json\/wp\/v2\/product_cat?post=16239"},{"taxonomy":"product_tag","embeddable":true,"href":"https:\/\/originhobbies.com\/fi\/wp-json\/wp\/v2\/product_tag?post=16239"}],"curies":[{"name":"wp","href":"https:\/\/api.w.org\/{rel}","templated":true}]}}