{"id":16235,"date":"2025-04-19T22:28:33","date_gmt":"2025-04-19T20:28:33","guid":{"rendered":"http:\/\/originhobbies.com\/shop\/uncategorized\/oshm5056-omp-m5-m6-tail-center-hub\/"},"modified":"2026-04-07T17:18:46","modified_gmt":"2026-04-07T15:18:46","slug":"oshm5056-omp-m5-m6-tail-center-hub","status":"publish","type":"product","link":"https:\/\/originhobbies.com\/fi\/shop\/helicopter-parts\/omphobby-spare-parts\/omphobby-m5-spare-parts\/oshm5056-omp-m5-m6-tail-center-hub\/","title":{"rendered":"OSHM5056 OMP M5, M6 Tail Center Hub"},"content":{"rendered":"<p>Tail Center Hub for OMPHobby M5, M6 Helicopter, OSHM5056<\/p>\n<h4>Sis\u00e4lt\u00e4\u00e4<\/h4>\n<p>Tail Rotor Yoke(\u00d71)(5-075)<br \/>\nBolt(Partial Thread)M2.5\u00d714(\u00d71) (7-125)<br \/>\nM2.5 Nyloc Nut(\u00d71)(4-031)<\/p>","protected":false},"excerpt":{"rendered":"<p>Tail Center Hub for OMPHobby M5, M6 Helicopter, OSHM5056 Includes Tail Rotor Yoke(\u00d71)(5-075) Bolt(Partial Thread)M2.5\u00d714(\u00d71) (7-125) M2.5 Nyloc Nut(\u00d71)(4-031)<\/p>","protected":false},"featured_media":16234,"comment_status":"open","ping_status":"closed","template":"","meta":{"_eb_attr":""},"product_brand":[],"product_cat":[344,345],"product_tag":[],"class_list":{"0":"post-16235","1":"product","2":"type-product","3":"status-publish","4":"has-post-thumbnail","6":"product_cat-omphobby-m5-spare-parts","7":"product_cat-omphobby-m6-spare-parts","9":"first","10":"instock","11":"taxable","12":"shipping-taxable","13":"purchasable","14":"product-type-simple"},"jetpack_sharing_enabled":true,"_links":{"self":[{"href":"https:\/\/originhobbies.com\/fi\/wp-json\/wp\/v2\/product\/16235","targetHints":{"allow":["GET"]}}],"collection":[{"href":"https:\/\/originhobbies.com\/fi\/wp-json\/wp\/v2\/product"}],"about":[{"href":"https:\/\/originhobbies.com\/fi\/wp-json\/wp\/v2\/types\/product"}],"replies":[{"embeddable":true,"href":"https:\/\/originhobbies.com\/fi\/wp-json\/wp\/v2\/comments?post=16235"}],"wp:featuredmedia":[{"embeddable":true,"href":"https:\/\/originhobbies.com\/fi\/wp-json\/wp\/v2\/media\/16234"}],"wp:attachment":[{"href":"https:\/\/originhobbies.com\/fi\/wp-json\/wp\/v2\/media?parent=16235"}],"wp:term":[{"taxonomy":"product_brand","embeddable":true,"href":"https:\/\/originhobbies.com\/fi\/wp-json\/wp\/v2\/product_brand?post=16235"},{"taxonomy":"product_cat","embeddable":true,"href":"https:\/\/originhobbies.com\/fi\/wp-json\/wp\/v2\/product_cat?post=16235"},{"taxonomy":"product_tag","embeddable":true,"href":"https:\/\/originhobbies.com\/fi\/wp-json\/wp\/v2\/product_tag?post=16235"}],"curies":[{"name":"wp","href":"https:\/\/api.w.org\/{rel}","templated":true}]}}