{"id":16201,"date":"2025-04-19T22:28:27","date_gmt":"2025-04-19T20:28:27","guid":{"rendered":"http:\/\/originhobbies.com\/shop\/uncategorized\/oshm5039-omp-m5-receiver-plate\/"},"modified":"2026-04-06T01:05:02","modified_gmt":"2026-04-05T23:05:02","slug":"oshm5039-omp-m5-receiver-plate","status":"publish","type":"product","link":"https:\/\/originhobbies.com\/fi\/shop\/helicopter-parts\/omphobby-spare-parts\/omphobby-m5-spare-parts\/oshm5039-omp-m5-receiver-plate\/","title":{"rendered":"OSHM5039 OMP M5 Receiver Plate"},"content":{"rendered":"<p>Receiver Plate for OMPHobby M5 Helicopter, OSHM5039<\/p>\n<h4>Sis\u00e4lt\u00e4\u00e4<\/h4>\n<p>Receiver Plate(\u00d71)(5-067)<\/p>","protected":false},"excerpt":{"rendered":"<p>Receiver Plate for OMPHobby M5 Helicopter, OSHM5039 Includes Receiver Plate(\u00d71)(5-067)<\/p>","protected":false},"featured_media":16200,"comment_status":"open","ping_status":"closed","template":"","meta":{"_eb_attr":""},"product_brand":[],"product_cat":[344,345],"product_tag":[],"class_list":{"0":"post-16201","1":"product","2":"type-product","3":"status-publish","4":"has-post-thumbnail","6":"product_cat-omphobby-m5-spare-parts","7":"product_cat-omphobby-m6-spare-parts","9":"first","10":"instock","11":"taxable","12":"shipping-taxable","13":"purchasable","14":"product-type-simple"},"jetpack_sharing_enabled":true,"_links":{"self":[{"href":"https:\/\/originhobbies.com\/fi\/wp-json\/wp\/v2\/product\/16201","targetHints":{"allow":["GET"]}}],"collection":[{"href":"https:\/\/originhobbies.com\/fi\/wp-json\/wp\/v2\/product"}],"about":[{"href":"https:\/\/originhobbies.com\/fi\/wp-json\/wp\/v2\/types\/product"}],"replies":[{"embeddable":true,"href":"https:\/\/originhobbies.com\/fi\/wp-json\/wp\/v2\/comments?post=16201"}],"wp:featuredmedia":[{"embeddable":true,"href":"https:\/\/originhobbies.com\/fi\/wp-json\/wp\/v2\/media\/16200"}],"wp:attachment":[{"href":"https:\/\/originhobbies.com\/fi\/wp-json\/wp\/v2\/media?parent=16201"}],"wp:term":[{"taxonomy":"product_brand","embeddable":true,"href":"https:\/\/originhobbies.com\/fi\/wp-json\/wp\/v2\/product_brand?post=16201"},{"taxonomy":"product_cat","embeddable":true,"href":"https:\/\/originhobbies.com\/fi\/wp-json\/wp\/v2\/product_cat?post=16201"},{"taxonomy":"product_tag","embeddable":true,"href":"https:\/\/originhobbies.com\/fi\/wp-json\/wp\/v2\/product_tag?post=16201"}],"curies":[{"name":"wp","href":"https:\/\/api.w.org\/{rel}","templated":true}]}}