{"id":16157,"date":"2025-04-19T22:28:16","date_gmt":"2025-04-19T20:28:16","guid":{"rendered":"http:\/\/originhobbies.com\/shop\/uncategorized\/oshm5017-omp-m5-m6-mounting-crossmember\/"},"modified":"2026-04-28T15:53:01","modified_gmt":"2026-04-28T13:53:01","slug":"oshm5017-omp-m5-m6-mounting-crossmember","status":"publish","type":"product","link":"https:\/\/originhobbies.com\/fi\/shop\/helicopter-parts\/omphobby-spare-parts\/omphobby-m5-spare-parts\/oshm5017-omp-m5-m6-mounting-crossmember\/","title":{"rendered":"OSHM5017 OMP M5, M6 Mounting Crossmember"},"content":{"rendered":"<p>Mounting Crossmember for OMPHobby M5, M6 Helicopter, OSHM5017<\/p>\n<h4>Sis\u00e4lt\u00e4\u00e4<\/h4>\n<p>Mounting Crossmember(x2)(5-041)<\/p>","protected":false},"excerpt":{"rendered":"<p>Mounting Crossmember for OMPHobby M5, M6 Helicopter, OSHM5017 Includes Mounting Crossmember(x2)(5-041)<\/p>","protected":false},"featured_media":16156,"comment_status":"open","ping_status":"closed","template":"","meta":{"_eb_attr":""},"product_brand":[],"product_cat":[344,345],"product_tag":[],"class_list":{"0":"post-16157","1":"product","2":"type-product","3":"status-publish","4":"has-post-thumbnail","6":"product_cat-omphobby-m5-spare-parts","7":"product_cat-omphobby-m6-spare-parts","9":"first","10":"instock","11":"taxable","12":"shipping-taxable","13":"purchasable","14":"product-type-simple"},"jetpack_sharing_enabled":true,"_links":{"self":[{"href":"https:\/\/originhobbies.com\/fi\/wp-json\/wp\/v2\/product\/16157","targetHints":{"allow":["GET"]}}],"collection":[{"href":"https:\/\/originhobbies.com\/fi\/wp-json\/wp\/v2\/product"}],"about":[{"href":"https:\/\/originhobbies.com\/fi\/wp-json\/wp\/v2\/types\/product"}],"replies":[{"embeddable":true,"href":"https:\/\/originhobbies.com\/fi\/wp-json\/wp\/v2\/comments?post=16157"}],"wp:featuredmedia":[{"embeddable":true,"href":"https:\/\/originhobbies.com\/fi\/wp-json\/wp\/v2\/media\/16156"}],"wp:attachment":[{"href":"https:\/\/originhobbies.com\/fi\/wp-json\/wp\/v2\/media?parent=16157"}],"wp:term":[{"taxonomy":"product_brand","embeddable":true,"href":"https:\/\/originhobbies.com\/fi\/wp-json\/wp\/v2\/product_brand?post=16157"},{"taxonomy":"product_cat","embeddable":true,"href":"https:\/\/originhobbies.com\/fi\/wp-json\/wp\/v2\/product_cat?post=16157"},{"taxonomy":"product_tag","embeddable":true,"href":"https:\/\/originhobbies.com\/fi\/wp-json\/wp\/v2\/product_tag?post=16157"}],"curies":[{"name":"wp","href":"https:\/\/api.w.org\/{rel}","templated":true}]}}