{"id":16117,"date":"2025-04-19T22:28:06","date_gmt":"2025-04-19T20:28:06","guid":{"rendered":"http:\/\/originhobbies.com\/shop\/uncategorized\/oshf5095-omp-m5-m6-tail-bellcrank-pin-m2-5x7x2\/"},"modified":"2026-04-28T15:52:01","modified_gmt":"2026-04-28T13:52:01","slug":"oshf5095-omp-m5-m6-tail-bellcrank-pin-m2-5x7x2","status":"publish","type":"product","link":"https:\/\/originhobbies.com\/fi\/shop\/helicopter-parts\/omphobby-spare-parts\/omphobby-m5-spare-parts\/oshf5095-omp-m5-m6-tail-bellcrank-pin-m2-5x7x2\/","title":{"rendered":"OSHF5095 OMP M5, M6 Tail Bellcrank Pin M2.5x7x2"},"content":{"rendered":"<p>Tail Bellcrank Pin M2.5x7x2 for OMPHobby M5, M6 Helicopter, OSHF5095<\/p>\n<h4>Sis\u00e4lt\u00e4\u00e4<\/h4>\n<p>Tail Bellcrank Pin M2.5x7x2(\u00d74)(7-111)<\/p>","protected":false},"excerpt":{"rendered":"<p>Tail Bellcrank Pin M2.5x7x2 for OMPHobby M5, M6 Helicopter, OSHF5095 Includes Tail Bellcrank Pin M2.5x7x2(\u00d74)(7-111)<\/p>","protected":false},"featured_media":16116,"comment_status":"open","ping_status":"closed","template":"","meta":{"_eb_attr":""},"product_brand":[],"product_cat":[344,345],"product_tag":[],"class_list":["post-16117","product","type-product","status-publish","has-post-thumbnail","product_cat-omphobby-m5-spare-parts","product_cat-omphobby-m6-spare-parts","first","instock","taxable","shipping-taxable","purchasable","product-type-simple"],"jetpack_sharing_enabled":true,"_links":{"self":[{"href":"https:\/\/originhobbies.com\/fi\/wp-json\/wp\/v2\/product\/16117","targetHints":{"allow":["GET"]}}],"collection":[{"href":"https:\/\/originhobbies.com\/fi\/wp-json\/wp\/v2\/product"}],"about":[{"href":"https:\/\/originhobbies.com\/fi\/wp-json\/wp\/v2\/types\/product"}],"replies":[{"embeddable":true,"href":"https:\/\/originhobbies.com\/fi\/wp-json\/wp\/v2\/comments?post=16117"}],"wp:featuredmedia":[{"embeddable":true,"href":"https:\/\/originhobbies.com\/fi\/wp-json\/wp\/v2\/media\/16116"}],"wp:attachment":[{"href":"https:\/\/originhobbies.com\/fi\/wp-json\/wp\/v2\/media?parent=16117"}],"wp:term":[{"taxonomy":"product_brand","embeddable":true,"href":"https:\/\/originhobbies.com\/fi\/wp-json\/wp\/v2\/product_brand?post=16117"},{"taxonomy":"product_cat","embeddable":true,"href":"https:\/\/originhobbies.com\/fi\/wp-json\/wp\/v2\/product_cat?post=16117"},{"taxonomy":"product_tag","embeddable":true,"href":"https:\/\/originhobbies.com\/fi\/wp-json\/wp\/v2\/product_tag?post=16117"}],"curies":[{"name":"wp","href":"https:\/\/api.w.org\/{rel}","templated":true}]}}