{"id":15191,"date":"2025-03-05T18:08:38","date_gmt":"2025-03-05T16:08:38","guid":{"rendered":"http:\/\/originhobbies.com\/?post_type=product&#038;p=15191"},"modified":"2026-04-06T01:05:02","modified_gmt":"2026-04-05T23:05:02","slug":"kst-x15-1809-v8-0-hv-mini-cyclic-servo-24kg-0-07sec-480-570-helis","status":"publish","type":"product","link":"https:\/\/originhobbies.com\/fi\/shop\/radio-control\/servos\/kst-x15-1809-v8-0-hv-mini-cyclic-servo-24kg-0-07sec-480-570-helis\/","title":{"rendered":"KST X15-1809 V8.0 Brushless HV Mini Cyclic Servo 24Kg 0.07s 480-570 Helis"},"content":{"rendered":"<p>KST X15-1809 V8.0 Brushless Mini Size Coreless Digital Servo is a great choice for helicopters ranging from 430mm-570mm rotor blade size requiring mini servos such as the Align T-Rex 500, Mikado Logo 480, MSH Protos 500, and SAB Goblin 570. Additionally these servos can be used in other RC applications where the physical dimensions, and torque\/speed ratings suit the need of the RC application.<\/p>\n<p>Ideal for helicopters of the 480 to 570 class.<\/p>\n<h4>Yhteensopivat helikopterit<\/h4>\n<p>Cyclic servo for: Align T-Rex 500, Mikado Logo 480, MSH Protos 500, and SAB Goblin 570<\/p>\n<p><img loading=\"lazy\" decoding=\"async\" class=\"alignnone size-full wp-image-15197\" src=\"https:\/\/originhobbies.com\/wp-content\/uploads\/2025\/03\/X15-1809_pd.jpg\" alt=\"\" width=\"1024\" height=\"768\" srcset=\"https:\/\/originhobbies.com\/wp-content\/uploads\/2025\/03\/X15-1809_pd.jpg 1024w, https:\/\/originhobbies.com\/wp-content\/uploads\/2025\/03\/X15-1809_pd-300x225.jpg 300w, https:\/\/originhobbies.com\/wp-content\/uploads\/2025\/03\/X15-1809_pd-768x576.jpg 768w, https:\/\/originhobbies.com\/wp-content\/uploads\/2025\/03\/X15-1809_pd-50x38.jpg 50w, https:\/\/originhobbies.com\/wp-content\/uploads\/2025\/03\/X15-1809_pd-16x12.jpg 16w, https:\/\/originhobbies.com\/wp-content\/uploads\/2025\/03\/X15-1809_pd-416x312.jpg 416w\" sizes=\"auto, (max-width: 1024px) 100vw, 1024px\" \/><\/p>\n<h4>Features<\/h4>\n<ul>\n<li>Hardened Steel Gears<\/li>\n<li>Extreme Torque and Excellent Speed<\/li>\n<li>CNC Aluminium Case<\/li>\n<li>Two Ball Bearings<\/li>\n<li>Support High Voltage 8.4V<\/li>\n<li>Programmable Via Programming Card<\/li>\n<\/ul>\n<h4>Specification<\/h4>\n<ul>\n<li>Rated Voltage: DC7.4V<\/li>\n<li>Voltage Range: DC6.0V-8.4V<\/li>\n<li>V\u00e4\u00e4nt\u00f6momentti:<br \/>\n18Kgf.cm@6.0V<br \/>\n22Kgf.cm@7.4V<br \/>\n24Kgf.cm@8.4V<\/li>\n<li>Nopeus:<br \/>\n0.09sec\/60\u00b0@6.0V<br \/>\n0.08sec\/60\u00b0@7.4V<br \/>\n0.07sec\/60\u00b0@8.4V<\/li>\n<li>Working Frequency: 1520\u03bcs\/333Hz (Default), 760\u03bcs\/560Hz (Programming Tool Required)<\/li>\n<li>Default Travel Angle: \u00b150\u00b0 = 100\u00b0 Total<\/li>\n<li>Temperature Range: -10\u2103\u2026\u2026+65\u2103<\/li>\n<li>Soft Start: Programable<\/li>\n<li>Programmable: Yes<\/li>\n<li>Case Material: Aluminum Alloy<\/li>\n<li>Motor Type: Brushless DC Motor<\/li>\n<li>Gear Set Material: Hardened Steel<\/li>\n<li>Position Sensor: Potentiometer<\/li>\n<li>Ball Bearing:\u00a02 Ball Bearings<\/li>\n<li>Case Dimensions: 35.5mm*15mm*35.5mm\u00b10.2mm<\/li>\n<li>Weight: 45g\u00b110%<\/li>\n<\/ul>\n<div><\/div>\n<h4>Size<\/h4>\n<p><img loading=\"lazy\" decoding=\"async\" class=\"alignnone size-full wp-image-15192\" src=\"https:\/\/originhobbies.com\/wp-content\/uploads\/2025\/03\/X15-855X_size.jpg\" alt=\"\" width=\"1000\" height=\"454\" srcset=\"https:\/\/originhobbies.com\/wp-content\/uploads\/2025\/03\/X15-855X_size.jpg 1000w, https:\/\/originhobbies.com\/wp-content\/uploads\/2025\/03\/X15-855X_size-300x136.jpg 300w, https:\/\/originhobbies.com\/wp-content\/uploads\/2025\/03\/X15-855X_size-768x349.jpg 768w, https:\/\/originhobbies.com\/wp-content\/uploads\/2025\/03\/X15-855X_size-50x23.jpg 50w, https:\/\/originhobbies.com\/wp-content\/uploads\/2025\/03\/X15-855X_size-18x8.jpg 18w, https:\/\/originhobbies.com\/wp-content\/uploads\/2025\/03\/X15-855X_size-416x189.jpg 416w\" sizes=\"auto, (max-width: 1000px) 100vw, 1000px\" \/><\/p>\n<h4>Package Includes<\/h4>\n<ul>\n<li>1 * X15-1809 V8.0 HV\u00a0 Coreless Servo<\/li>\n<li>1 Pack of Accessories<\/li>\n<\/ul>\n<p><img loading=\"lazy\" decoding=\"async\" class=\"alignnone wp-image-15193\" src=\"https:\/\/originhobbies.com\/wp-content\/uploads\/2025\/03\/X15-1809_02.jpg\" alt=\"\" width=\"480\" height=\"480\" srcset=\"https:\/\/originhobbies.com\/wp-content\/uploads\/2025\/03\/X15-1809_02.jpg 1000w, https:\/\/originhobbies.com\/wp-content\/uploads\/2025\/03\/X15-1809_02-300x300.jpg 300w, https:\/\/originhobbies.com\/wp-content\/uploads\/2025\/03\/X15-1809_02-150x150.jpg 150w, https:\/\/originhobbies.com\/wp-content\/uploads\/2025\/03\/X15-1809_02-768x768.jpg 768w, https:\/\/originhobbies.com\/wp-content\/uploads\/2025\/03\/X15-1809_02-50x50.jpg 50w, https:\/\/originhobbies.com\/wp-content\/uploads\/2025\/03\/X15-1809_02-12x12.jpg 12w, https:\/\/originhobbies.com\/wp-content\/uploads\/2025\/03\/X15-1809_02-324x324.jpg 324w, https:\/\/originhobbies.com\/wp-content\/uploads\/2025\/03\/X15-1809_02-416x416.jpg 416w, https:\/\/originhobbies.com\/wp-content\/uploads\/2025\/03\/X15-1809_02-100x100.jpg 100w\" sizes=\"auto, (max-width: 480px) 100vw, 480px\" \/><\/p>\n<div><\/div>\n<h4>Download<\/h4>\n<ul>\n<li><a title=\"BLS915 Technical Specification\" href=\"https:\/\/originhobbies.com\/wp-content\/uploads\/2025\/03\/X15-1809_Technical_Specifcation.pdf\" target=\"_blank\" rel=\"noopener noreferrer\">KST X15-1809 Technical Specification<\/a><\/li>\n<\/ul>","protected":false},"excerpt":{"rendered":"<p>KST X15-1809 V8.0 Brushless Mini Size Coreless Digital Servo is a great choice for helicopters ranging from 430mm-570mm rotor blade size requiring mini servos such as the Align T-Rex 500, Mikado Logo 480, MSH Protos 500, and SAB Goblin 570. Additionally these servos can be used in other RC applications where the physical dimensions, and [&hellip;]<\/p>\n","protected":false},"featured_media":15201,"comment_status":"open","ping_status":"closed","template":"","meta":{"_eb_attr":""},"product_brand":[],"product_cat":[66],"product_tag":[],"class_list":{"0":"post-15191","1":"product","2":"type-product","3":"status-publish","4":"has-post-thumbnail","6":"product_cat-servos","8":"first","9":"instock","10":"taxable","11":"shipping-taxable","12":"purchasable","13":"product-type-simple"},"jetpack_sharing_enabled":true,"_links":{"self":[{"href":"https:\/\/originhobbies.com\/fi\/wp-json\/wp\/v2\/product\/15191","targetHints":{"allow":["GET"]}}],"collection":[{"href":"https:\/\/originhobbies.com\/fi\/wp-json\/wp\/v2\/product"}],"about":[{"href":"https:\/\/originhobbies.com\/fi\/wp-json\/wp\/v2\/types\/product"}],"replies":[{"embeddable":true,"href":"https:\/\/originhobbies.com\/fi\/wp-json\/wp\/v2\/comments?post=15191"}],"wp:featuredmedia":[{"embeddable":true,"href":"https:\/\/originhobbies.com\/fi\/wp-json\/wp\/v2\/media\/15201"}],"wp:attachment":[{"href":"https:\/\/originhobbies.com\/fi\/wp-json\/wp\/v2\/media?parent=15191"}],"wp:term":[{"taxonomy":"product_brand","embeddable":true,"href":"https:\/\/originhobbies.com\/fi\/wp-json\/wp\/v2\/product_brand?post=15191"},{"taxonomy":"product_cat","embeddable":true,"href":"https:\/\/originhobbies.com\/fi\/wp-json\/wp\/v2\/product_cat?post=15191"},{"taxonomy":"product_tag","embeddable":true,"href":"https:\/\/originhobbies.com\/fi\/wp-json\/wp\/v2\/product_tag?post=15191"}],"curies":[{"name":"wp","href":"https:\/\/api.w.org\/{rel}","templated":true}]}}