{"id":14904,"date":"2025-02-14T23:36:10","date_gmt":"2025-02-14T21:36:10","guid":{"rendered":"http:\/\/originhobbies.com\/?post_type=product&#038;p=14904"},"modified":"2026-04-06T01:05:13","modified_gmt":"2026-04-05T23:05:13","slug":"flywing-bo-105-fuselage-red-blue","status":"publish","type":"product","link":"https:\/\/originhobbies.com\/fi\/shop\/helicopter-parts\/flywing-spare-parts\/flywing-bo-105-spare-parts\/flywing-bo-105-fuselage-red-blue\/","title":{"rendered":"Flywing BO-105 Fuselage Red Blue with Landing skids &amp; Tail motor"},"content":{"rendered":"<p>Flywing BO-105 Fuselage Red Blue with Landing skids &amp; Tail motor.<\/p>\n<h4>Compatible helicopters<\/h4>\n<p>BO-105<\/p>\n<h4>Sis\u00e4lt\u00e4\u00e4<\/h4>\n<p>BO-105 Fuselage, Landing Skids, Tail motor and Tail blade<\/p>","protected":false},"excerpt":{"rendered":"<p>Flywing BO-105 Fuselage Red Blue with Landing skids &amp; Tail motor. Compatible helicopters BO-105 Includes BO-105 Fuselage, Landing Skids, Tail motor and Tail blade<\/p>","protected":false},"featured_media":18926,"comment_status":"open","ping_status":"closed","template":"","meta":{"_eb_attr":""},"product_brand":[],"product_cat":[331,371],"product_tag":[],"class_list":{"0":"post-14904","1":"product","2":"type-product","3":"status-publish","4":"has-post-thumbnail","6":"product_cat-flywing-bo-105-spare-parts","7":"product_cat-flywing-spare-parts","9":"first","10":"outofstock","11":"taxable","12":"shipping-taxable","13":"purchasable","14":"product-type-simple"},"jetpack_sharing_enabled":true,"_links":{"self":[{"href":"https:\/\/originhobbies.com\/fi\/wp-json\/wp\/v2\/product\/14904","targetHints":{"allow":["GET"]}}],"collection":[{"href":"https:\/\/originhobbies.com\/fi\/wp-json\/wp\/v2\/product"}],"about":[{"href":"https:\/\/originhobbies.com\/fi\/wp-json\/wp\/v2\/types\/product"}],"replies":[{"embeddable":true,"href":"https:\/\/originhobbies.com\/fi\/wp-json\/wp\/v2\/comments?post=14904"}],"wp:featuredmedia":[{"embeddable":true,"href":"https:\/\/originhobbies.com\/fi\/wp-json\/wp\/v2\/media\/18926"}],"wp:attachment":[{"href":"https:\/\/originhobbies.com\/fi\/wp-json\/wp\/v2\/media?parent=14904"}],"wp:term":[{"taxonomy":"product_brand","embeddable":true,"href":"https:\/\/originhobbies.com\/fi\/wp-json\/wp\/v2\/product_brand?post=14904"},{"taxonomy":"product_cat","embeddable":true,"href":"https:\/\/originhobbies.com\/fi\/wp-json\/wp\/v2\/product_cat?post=14904"},{"taxonomy":"product_tag","embeddable":true,"href":"https:\/\/originhobbies.com\/fi\/wp-json\/wp\/v2\/product_tag?post=14904"}],"curies":[{"name":"wp","href":"https:\/\/api.w.org\/{rel}","templated":true}]}}