{"id":14651,"date":"2025-02-01T21:46:58","date_gmt":"2025-02-01T19:46:58","guid":{"rendered":"http:\/\/originhobbies.com\/?post_type=product&#038;p=14651"},"modified":"2026-04-06T01:05:13","modified_gmt":"2026-04-05T23:05:13","slug":"jst-gh-1-25mm-pitch-4-pin-to-jr-male-sevo-plug-cable-100mm","status":"publish","type":"product","link":"https:\/\/originhobbies.com\/fi\/shop\/radio-control\/gyro\/radiomaster-nexus\/jst-gh-1-25mm-pitch-4-pin-to-jr-male-sevo-plug-cable-100mm\/","title":{"rendered":"JST GH 1.25mm Pitch 4 Pin to JR Male Servo Plug Cable 100mm"},"content":{"rendered":"<p>JST GH 1.25mm Pitch 4 Pin to JR Male Servo Plug 100mm is suitable for connecting traditional receivers with JR Servo Plug to Radiomaster Nexus Gyro.<\/p>\n<h4>Tekniset tiedot<\/h4>\n<ul>\n<li>Connector A: JST GH 1.25mm 4 pin<\/li>\n<li>Connector B: JR Servo Male<\/li>\n<li>Cable Length: 100mm<\/li>\n<\/ul>\n<h4>Sis\u00e4lt\u00e4\u00e4<\/h4>\n<p>1 x JST-GH 1.25mm Pitch 4 Pin to JR Male Servo Plug Cable 100mm<\/p>","protected":false},"excerpt":{"rendered":"<p>JST GH 1.25mm Pitch 4 Pin to JR Male Servo Plug 100mm is suitable for connecting traditional receivers with JR Servo Plug to Radiomaster Nexus Gyro. Specifications Connector A: JST GH 1.25mm 4 pin Connector B: JR Servo Male Cable Length: 100mm Includes 1 x JST-GH 1.25mm Pitch 4 Pin to JR Male Servo Plug [&hellip;]<\/p>\n","protected":false},"featured_media":14652,"comment_status":"open","ping_status":"closed","template":"","meta":{"_eb_attr":""},"product_brand":[],"product_cat":[301,327],"product_tag":[],"class_list":{"0":"post-14651","1":"product","2":"type-product","3":"status-publish","4":"has-post-thumbnail","6":"product_cat-radiomaster-nexus","7":"product_cat-wires-connectors-adapters","9":"first","10":"instock","11":"taxable","12":"shipping-taxable","13":"purchasable","14":"product-type-simple"},"jetpack_sharing_enabled":true,"_links":{"self":[{"href":"https:\/\/originhobbies.com\/fi\/wp-json\/wp\/v2\/product\/14651","targetHints":{"allow":["GET"]}}],"collection":[{"href":"https:\/\/originhobbies.com\/fi\/wp-json\/wp\/v2\/product"}],"about":[{"href":"https:\/\/originhobbies.com\/fi\/wp-json\/wp\/v2\/types\/product"}],"replies":[{"embeddable":true,"href":"https:\/\/originhobbies.com\/fi\/wp-json\/wp\/v2\/comments?post=14651"}],"wp:featuredmedia":[{"embeddable":true,"href":"https:\/\/originhobbies.com\/fi\/wp-json\/wp\/v2\/media\/14652"}],"wp:attachment":[{"href":"https:\/\/originhobbies.com\/fi\/wp-json\/wp\/v2\/media?parent=14651"}],"wp:term":[{"taxonomy":"product_brand","embeddable":true,"href":"https:\/\/originhobbies.com\/fi\/wp-json\/wp\/v2\/product_brand?post=14651"},{"taxonomy":"product_cat","embeddable":true,"href":"https:\/\/originhobbies.com\/fi\/wp-json\/wp\/v2\/product_cat?post=14651"},{"taxonomy":"product_tag","embeddable":true,"href":"https:\/\/originhobbies.com\/fi\/wp-json\/wp\/v2\/product_tag?post=14651"}],"curies":[{"name":"wp","href":"https:\/\/api.w.org\/{rel}","templated":true}]}}