{"id":1463,"date":"2021-09-04T21:03:16","date_gmt":"2021-09-04T19:03:16","guid":{"rendered":"http:\/\/originhobbies.com\/shop\/uncategorized\/oshm2059-omp-m2-servo-swing-arm%ef%bc%886pcs%ef%bc%89\/"},"modified":"2026-05-09T12:34:02","modified_gmt":"2026-05-09T10:34:02","slug":"oshm2059-omp-m2-servo-swing-arm","status":"publish","type":"product","link":"https:\/\/originhobbies.com\/fi\/shop\/helicopter-parts\/omphobby-spare-parts\/omp-m2-parts\/oshm2059-omp-m2-servo-swing-arm\/","title":{"rendered":"OSHM2059 OMP M2 Series &#8211; Servo Swing Arm (6pcs)"},"content":{"rendered":"<p>Servo Swing Arm (6pcs) for OMPHobby M2 V3, EVO, V2 and OMP M2 Explore Helicopter &#8211; OSHM2059<\/p>\n<h4>Sis\u00e4lt\u00e4\u00e4<\/h4>\n<p>Servo arm *6pcs<\/p>","protected":false},"excerpt":{"rendered":"<p>Servo Swing Arm (6pcs) for OMPHobby M2 V3, EVO, V2 and OMP M2 Explore Helicopter &#8211; OSHM2059 Includes Servo arm *6pcs<\/p>","protected":false},"featured_media":4872,"comment_status":"open","ping_status":"closed","template":"","meta":{"_eb_attr":""},"product_brand":[],"product_cat":[78,165,334,370],"product_tag":[],"class_list":["post-1463","product","type-product","status-publish","has-post-thumbnail","product_cat-omp-m2-parts","product_cat-omphobby-m2-evo-spare-parts","product_cat-omp-m2-evo-mk2-spare-parts","product_cat-omp-m2-v3-pro-spare-parts","first","instock","taxable","shipping-taxable","purchasable","product-type-simple"],"jetpack_sharing_enabled":true,"_links":{"self":[{"href":"https:\/\/originhobbies.com\/fi\/wp-json\/wp\/v2\/product\/1463","targetHints":{"allow":["GET"]}}],"collection":[{"href":"https:\/\/originhobbies.com\/fi\/wp-json\/wp\/v2\/product"}],"about":[{"href":"https:\/\/originhobbies.com\/fi\/wp-json\/wp\/v2\/types\/product"}],"replies":[{"embeddable":true,"href":"https:\/\/originhobbies.com\/fi\/wp-json\/wp\/v2\/comments?post=1463"}],"wp:featuredmedia":[{"embeddable":true,"href":"https:\/\/originhobbies.com\/fi\/wp-json\/wp\/v2\/media\/4872"}],"wp:attachment":[{"href":"https:\/\/originhobbies.com\/fi\/wp-json\/wp\/v2\/media?parent=1463"}],"wp:term":[{"taxonomy":"product_brand","embeddable":true,"href":"https:\/\/originhobbies.com\/fi\/wp-json\/wp\/v2\/product_brand?post=1463"},{"taxonomy":"product_cat","embeddable":true,"href":"https:\/\/originhobbies.com\/fi\/wp-json\/wp\/v2\/product_cat?post=1463"},{"taxonomy":"product_tag","embeddable":true,"href":"https:\/\/originhobbies.com\/fi\/wp-json\/wp\/v2\/product_tag?post=1463"}],"curies":[{"name":"wp","href":"https:\/\/api.w.org\/{rel}","templated":true}]}}