{"id":14415,"date":"2025-01-14T11:02:34","date_gmt":"2025-01-14T09:02:34","guid":{"rendered":"http:\/\/originhobbies.com\/?post_type=product&#038;p=14415"},"modified":"2026-04-06T01:05:13","modified_gmt":"2026-04-05T23:05:13","slug":"1-25mm-pitch-4-pin-cable-10cm-molex-picoblade-compatible","status":"publish","type":"product","link":"https:\/\/originhobbies.com\/fi\/shop\/helicopter-parts\/omphobby-spare-parts\/omp-m2-evo-mk2-spare-parts\/1-25mm-pitch-4-pin-cable-10cm-molex-picoblade-compatible\/","title":{"rendered":"1.25mm pitch 4-pin Cable 4cm &#8211; Picoblade OFS3 CRSF ELRS"},"content":{"rendered":"<p>1.25mm pitch 4-pin Female Cable can be used to connect receivers to OMP M2 EVO MK2 \/ OFS3 4-pin CRSF receiver port. It is compatible with OMP part# <a href=\"https:\/\/originhobbies.com\/fi\/shop\/helikopterin-osat-2\/omp-m2-evo-mk2-spare-parts\/oshm2113-4-pin-crsf-cable-for-ofs3-elrs-receiver\/\">OSHM2133<\/a><\/p>\n\n\n\n<p>You can connect the CRSF or ELRS receiver to the OFS3 flight controller as shown below.<\/p>\n\n\n<div class=\"wp-block-image\">\n<figure class=\"aligncenter size-large\"><img loading=\"lazy\" decoding=\"async\" width=\"1024\" height=\"669\" src=\"https:\/\/originhobbies.com\/wp-content\/uploads\/2025\/01\/oh-crsf-receiver-connection-w-1024x669.jpg\" alt=\"\" class=\"wp-image-16699\" srcset=\"https:\/\/originhobbies.com\/wp-content\/uploads\/2025\/01\/oh-crsf-receiver-connection-w-1024x669.jpg 1024w, https:\/\/originhobbies.com\/wp-content\/uploads\/2025\/01\/oh-crsf-receiver-connection-w-300x196.jpg 300w, https:\/\/originhobbies.com\/wp-content\/uploads\/2025\/01\/oh-crsf-receiver-connection-w-768x502.jpg 768w, https:\/\/originhobbies.com\/wp-content\/uploads\/2025\/01\/oh-crsf-receiver-connection-w-50x33.jpg 50w, https:\/\/originhobbies.com\/wp-content\/uploads\/2025\/01\/oh-crsf-receiver-connection-w-18x12.jpg 18w, https:\/\/originhobbies.com\/wp-content\/uploads\/2025\/01\/oh-crsf-receiver-connection-w-416x272.jpg 416w, https:\/\/originhobbies.com\/wp-content\/uploads\/2025\/01\/oh-crsf-receiver-connection-w.jpg 1132w\" sizes=\"auto, (max-width: 1024px) 100vw, 1024px\" \/><figcaption class=\"wp-element-caption\">Created with GIMP<\/figcaption><\/figure>\n<\/div>\n\n\n<p><\/p>\n\n\n\n<p>We also have <a href=\"https:\/\/originhobbies.com\/fi\/shop\/radio-control\/radiovastaanottimet\/radiomaster-rp2-v2-elrs-2-4ghz-nano-receiver-lbt-for-omp-ofs3\/\">XR2\/RP2 receiver<\/a> pre-installed with this connector so you don&#8217;t need to do any soldering.<\/p>\n\n\n\n<h4 class=\"wp-block-heading\">Tekniset tiedot<\/h4>\n\n\n\n<ul class=\"wp-block-list\">\n<li>Connector: JST 1.25mm 4 pin Female \/ Molex PicoBlade 4 pin Female Compatible<\/li>\n\n\n\n<li>Wire length: 4 cm<\/li>\n<\/ul>\n\n\n\n<h4 class=\"wp-block-heading\">Sis\u00e4lt\u00e4\u00e4<\/h4>\n\n\n\n<p>1* 4-pin CRSF Cable for ELRS receiver.<\/p>","protected":false},"excerpt":{"rendered":"<p>1.25mm pitch 4-pin Female Cable can be used to connect receivers to OMP M2 EVO MK2 \/ OFS3 4-pin CRSF receiver port. It is compatible with OMP part# OSHM2133 You can connect the CRSF or ELRS receiver to the OFS3 flight controller as shown below. We also have XR2\/RP2 receiver pre-installed with this connector so [&hellip;]<\/p>\n","protected":false},"featured_media":16697,"comment_status":"open","ping_status":"closed","template":"","meta":{"_eb_attr":""},"product_brand":[],"product_cat":[334,370],"product_tag":[],"class_list":{"0":"post-14415","1":"product","2":"type-product","3":"status-publish","4":"has-post-thumbnail","6":"product_cat-omp-m2-evo-mk2-spare-parts","7":"product_cat-omp-m2-v3-pro-spare-parts","9":"first","10":"outofstock","11":"taxable","12":"shipping-taxable","13":"purchasable","14":"product-type-simple"},"jetpack_sharing_enabled":true,"_links":{"self":[{"href":"https:\/\/originhobbies.com\/fi\/wp-json\/wp\/v2\/product\/14415","targetHints":{"allow":["GET"]}}],"collection":[{"href":"https:\/\/originhobbies.com\/fi\/wp-json\/wp\/v2\/product"}],"about":[{"href":"https:\/\/originhobbies.com\/fi\/wp-json\/wp\/v2\/types\/product"}],"replies":[{"embeddable":true,"href":"https:\/\/originhobbies.com\/fi\/wp-json\/wp\/v2\/comments?post=14415"}],"wp:featuredmedia":[{"embeddable":true,"href":"https:\/\/originhobbies.com\/fi\/wp-json\/wp\/v2\/media\/16697"}],"wp:attachment":[{"href":"https:\/\/originhobbies.com\/fi\/wp-json\/wp\/v2\/media?parent=14415"}],"wp:term":[{"taxonomy":"product_brand","embeddable":true,"href":"https:\/\/originhobbies.com\/fi\/wp-json\/wp\/v2\/product_brand?post=14415"},{"taxonomy":"product_cat","embeddable":true,"href":"https:\/\/originhobbies.com\/fi\/wp-json\/wp\/v2\/product_cat?post=14415"},{"taxonomy":"product_tag","embeddable":true,"href":"https:\/\/originhobbies.com\/fi\/wp-json\/wp\/v2\/product_tag?post=14415"}],"curies":[{"name":"wp","href":"https:\/\/api.w.org\/{rel}","templated":true}]}}