{"id":13821,"date":"2024-11-20T22:51:37","date_gmt":"2024-11-20T20:51:37","guid":{"rendered":"http:\/\/originhobbies.com\/?post_type=product&#038;p=13821"},"modified":"2026-04-06T01:05:13","modified_gmt":"2026-04-05T23:05:13","slug":"flywing-fs68-wooden-base-plate-for-bell-206","status":"publish","type":"product","link":"https:\/\/originhobbies.com\/fi\/shop\/helicopter-parts\/flywing-spare-parts\/flywing-bell-206-v3-spare-parts\/flywing-fs68-wooden-base-plate-for-bell-206\/","title":{"rendered":"Flywing FS68 Wooden Base Plate for Bell-206"},"content":{"rendered":"<p>Flywing FS68 Wooden Base Plate for Bell-206<\/p>\n<h4>Compatible helicopters<\/h4>\n<p>Bell-206<\/p>\n<h4>Sis\u00e4lt\u00e4\u00e4<\/h4>\n<p>1x Wooden Base Plate<\/p>","protected":false},"excerpt":{"rendered":"<p>Flywing FS68 Wooden Base Plate for Bell-206 Compatible helicopters Bell-206 Includes 1x Wooden Base Plate<\/p>","protected":false},"featured_media":13825,"comment_status":"open","ping_status":"closed","template":"","meta":{"_eb_attr":""},"product_brand":[],"product_cat":[311,371],"product_tag":[],"class_list":{"0":"post-13821","1":"product","2":"type-product","3":"status-publish","4":"has-post-thumbnail","6":"product_cat-flywing-bell-206-v3-spare-parts","7":"product_cat-flywing-spare-parts","9":"first","10":"instock","11":"taxable","12":"shipping-taxable","13":"purchasable","14":"product-type-simple"},"jetpack_sharing_enabled":true,"_links":{"self":[{"href":"https:\/\/originhobbies.com\/fi\/wp-json\/wp\/v2\/product\/13821","targetHints":{"allow":["GET"]}}],"collection":[{"href":"https:\/\/originhobbies.com\/fi\/wp-json\/wp\/v2\/product"}],"about":[{"href":"https:\/\/originhobbies.com\/fi\/wp-json\/wp\/v2\/types\/product"}],"replies":[{"embeddable":true,"href":"https:\/\/originhobbies.com\/fi\/wp-json\/wp\/v2\/comments?post=13821"}],"wp:featuredmedia":[{"embeddable":true,"href":"https:\/\/originhobbies.com\/fi\/wp-json\/wp\/v2\/media\/13825"}],"wp:attachment":[{"href":"https:\/\/originhobbies.com\/fi\/wp-json\/wp\/v2\/media?parent=13821"}],"wp:term":[{"taxonomy":"product_brand","embeddable":true,"href":"https:\/\/originhobbies.com\/fi\/wp-json\/wp\/v2\/product_brand?post=13821"},{"taxonomy":"product_cat","embeddable":true,"href":"https:\/\/originhobbies.com\/fi\/wp-json\/wp\/v2\/product_cat?post=13821"},{"taxonomy":"product_tag","embeddable":true,"href":"https:\/\/originhobbies.com\/fi\/wp-json\/wp\/v2\/product_tag?post=13821"}],"curies":[{"name":"wp","href":"https:\/\/api.w.org\/{rel}","templated":true}]}}