{"id":13414,"date":"2024-10-12T22:17:41","date_gmt":"2024-10-12T20:17:41","guid":{"rendered":"http:\/\/originhobbies.com\/shop\/uncategorized\/oshm7194-omp-m7-mks-metal-servo-arm-lock-right\/"},"modified":"2026-04-06T01:05:13","modified_gmt":"2026-04-05T23:05:13","slug":"oshm7194-omp-m7-mks-metal-servo-arm-lock-right","status":"publish","type":"product","link":"https:\/\/originhobbies.com\/fi\/shop\/helicopter-parts\/omphobby-spare-parts\/omphobby-m7-spare-parts\/oshm7194-omp-m7-mks-metal-servo-arm-lock-right\/","title":{"rendered":"OSHM7194 OMP M7 MKS Metal Servo Arm Lock Right 25t 8mm"},"content":{"rendered":"<p>MKS Metal Servo Arm Lock Right for OMPHobby M7 Helicopter, OSHM7194<\/p>\n<p>25t, 8mm spline servo horns, specifically for the larger output splines on MKS servos e.g. HBL8x0, HBL380.<\/p>\n<p>18mm ball mounting distance from centre.<\/p>\n<h4>Sis\u00e4lt\u00e4\u00e4<\/h4>\n<p>Hex Screw M2.5&#215;6 (\u00d71) (7-122)<br \/>\nHex Screw M3x6 (\u00d71) (7-126)<br \/>\nBall Joint Screw M3x\u03a66&#215;4.2 (\u00d71) (7-144)<br \/>\nMKS Metal Servo Arm Lock-Right (\u00d71) (7-258)<\/p>","protected":false},"excerpt":{"rendered":"<p>MKS Metal Servo Arm Lock Right for OMPHobby M7 Helicopter, OSHM7194 25t, 8mm spline servo horns, specifically for the larger output splines on MKS servos e.g. HBL8x0, HBL380. 18mm ball mounting distance from centre. Includes Hex Screw M2.5&#215;6 (\u00d71) (7-122) Hex Screw M3x6 (\u00d71) (7-126) Ball Joint Screw M3x\u03a66&#215;4.2 (\u00d71) (7-144) MKS Metal Servo Arm [&hellip;]<\/p>\n","protected":false},"featured_media":13413,"comment_status":"open","ping_status":"closed","template":"","meta":{"_eb_attr":""},"product_brand":[],"product_cat":[278,416],"product_tag":[],"class_list":{"0":"post-13414","1":"product","2":"type-product","3":"status-publish","4":"has-post-thumbnail","6":"product_cat-omphobby-m7-spare-parts","7":"product_cat-omphobby-m7r-spare-parts","9":"first","10":"outofstock","11":"taxable","12":"shipping-taxable","13":"purchasable","14":"product-type-simple"},"jetpack_sharing_enabled":true,"_links":{"self":[{"href":"https:\/\/originhobbies.com\/fi\/wp-json\/wp\/v2\/product\/13414","targetHints":{"allow":["GET"]}}],"collection":[{"href":"https:\/\/originhobbies.com\/fi\/wp-json\/wp\/v2\/product"}],"about":[{"href":"https:\/\/originhobbies.com\/fi\/wp-json\/wp\/v2\/types\/product"}],"replies":[{"embeddable":true,"href":"https:\/\/originhobbies.com\/fi\/wp-json\/wp\/v2\/comments?post=13414"}],"wp:featuredmedia":[{"embeddable":true,"href":"https:\/\/originhobbies.com\/fi\/wp-json\/wp\/v2\/media\/13413"}],"wp:attachment":[{"href":"https:\/\/originhobbies.com\/fi\/wp-json\/wp\/v2\/media?parent=13414"}],"wp:term":[{"taxonomy":"product_brand","embeddable":true,"href":"https:\/\/originhobbies.com\/fi\/wp-json\/wp\/v2\/product_brand?post=13414"},{"taxonomy":"product_cat","embeddable":true,"href":"https:\/\/originhobbies.com\/fi\/wp-json\/wp\/v2\/product_cat?post=13414"},{"taxonomy":"product_tag","embeddable":true,"href":"https:\/\/originhobbies.com\/fi\/wp-json\/wp\/v2\/product_tag?post=13414"}],"curies":[{"name":"wp","href":"https:\/\/api.w.org\/{rel}","templated":true}]}}