{"id":13408,"date":"2024-10-12T22:17:40","date_gmt":"2024-10-12T20:17:40","guid":{"rendered":"http:\/\/originhobbies.com\/shop\/uncategorized\/oshm7191-omp-m7-servo-mount-upper-l\/"},"modified":"2026-04-29T22:27:34","modified_gmt":"2026-04-29T20:27:34","slug":"oshm7191-omp-m7-servo-mount-upper-l","status":"publish","type":"product","link":"https:\/\/originhobbies.com\/fi\/shop\/helicopter-parts\/omphobby-spare-parts\/omphobby-m7-spare-parts\/oshm7191-omp-m7-servo-mount-upper-l\/","title":{"rendered":"OSHM7191 OMP M7 Servo Mount Upper L"},"content":{"rendered":"<p>Servo Mount Upper L for OMPHobby M7 Helicopter, OSHM7191<\/p>\n<h4>Sis\u00e4lt\u00e4\u00e4<\/h4>\n<p>Servo Mount Upper L (\u00d71) (7-232)<br \/>\nHex Screw M2.5&#215;12 (\u00d72) (7-124)<\/p>","protected":false},"excerpt":{"rendered":"<p>Servo Mount Upper L for OMPHobby M7 Helicopter, OSHM7191 Includes Servo Mount Upper L (\u00d71) (7-232) Hex Screw M2.5&#215;12 (\u00d72) (7-124)<\/p>","protected":false},"featured_media":13407,"comment_status":"open","ping_status":"closed","template":"","meta":{"_eb_attr":""},"product_brand":[],"product_cat":[278],"product_tag":[],"class_list":["post-13408","product","type-product","status-publish","has-post-thumbnail","product_cat-omphobby-m7-spare-parts","first","instock","taxable","shipping-taxable","purchasable","product-type-simple"],"jetpack_sharing_enabled":true,"_links":{"self":[{"href":"https:\/\/originhobbies.com\/fi\/wp-json\/wp\/v2\/product\/13408","targetHints":{"allow":["GET"]}}],"collection":[{"href":"https:\/\/originhobbies.com\/fi\/wp-json\/wp\/v2\/product"}],"about":[{"href":"https:\/\/originhobbies.com\/fi\/wp-json\/wp\/v2\/types\/product"}],"replies":[{"embeddable":true,"href":"https:\/\/originhobbies.com\/fi\/wp-json\/wp\/v2\/comments?post=13408"}],"wp:featuredmedia":[{"embeddable":true,"href":"https:\/\/originhobbies.com\/fi\/wp-json\/wp\/v2\/media\/13407"}],"wp:attachment":[{"href":"https:\/\/originhobbies.com\/fi\/wp-json\/wp\/v2\/media?parent=13408"}],"wp:term":[{"taxonomy":"product_brand","embeddable":true,"href":"https:\/\/originhobbies.com\/fi\/wp-json\/wp\/v2\/product_brand?post=13408"},{"taxonomy":"product_cat","embeddable":true,"href":"https:\/\/originhobbies.com\/fi\/wp-json\/wp\/v2\/product_cat?post=13408"},{"taxonomy":"product_tag","embeddable":true,"href":"https:\/\/originhobbies.com\/fi\/wp-json\/wp\/v2\/product_tag?post=13408"}],"curies":[{"name":"wp","href":"https:\/\/api.w.org\/{rel}","templated":true}]}}