{"id":13406,"date":"2024-10-12T22:17:40","date_gmt":"2024-10-12T20:17:40","guid":{"rendered":"http:\/\/originhobbies.com\/shop\/uncategorized\/oshm7190-omp-m7-landing-gear-rubber-ring-blue\/"},"modified":"2026-04-06T01:05:13","modified_gmt":"2026-04-05T23:05:13","slug":"oshm7190-omp-m7-landing-gear-rubber-ring-blue","status":"publish","type":"product","link":"https:\/\/originhobbies.com\/fi\/shop\/helicopter-parts\/omphobby-spare-parts\/omphobby-m7-spare-parts\/oshm7190-omp-m7-landing-gear-rubber-ring-blue\/","title":{"rendered":"OSHM7190 OMP M7 Landing Gear Rubber Ring &#8211; Blue"},"content":{"rendered":"<p>Landing Gear Rubber Ring &#8211; Blue for OMPHobby M7 Helicopter, OSHM7190<\/p>\n<h4>Sis\u00e4lt\u00e4\u00e4<\/h4>\n<p>Landing Gear Rubber Ring(Blue)(\u00d74) (7-250)<\/p>","protected":false},"excerpt":{"rendered":"<p>Landing Gear Rubber Ring &#8211; Blue for OMPHobby M7 Helicopter, OSHM7190 Includes Landing Gear Rubber Ring(Blue)(\u00d74) (7-250)<\/p>","protected":false},"featured_media":13405,"comment_status":"open","ping_status":"closed","template":"","meta":{"_eb_attr":""},"product_brand":[],"product_cat":[278],"product_tag":[],"class_list":{"0":"post-13406","1":"product","2":"type-product","3":"status-publish","4":"has-post-thumbnail","6":"product_cat-omphobby-m7-spare-parts","8":"first","9":"instock","10":"taxable","11":"shipping-taxable","12":"purchasable","13":"product-type-simple"},"jetpack_sharing_enabled":true,"_links":{"self":[{"href":"https:\/\/originhobbies.com\/fi\/wp-json\/wp\/v2\/product\/13406","targetHints":{"allow":["GET"]}}],"collection":[{"href":"https:\/\/originhobbies.com\/fi\/wp-json\/wp\/v2\/product"}],"about":[{"href":"https:\/\/originhobbies.com\/fi\/wp-json\/wp\/v2\/types\/product"}],"replies":[{"embeddable":true,"href":"https:\/\/originhobbies.com\/fi\/wp-json\/wp\/v2\/comments?post=13406"}],"wp:featuredmedia":[{"embeddable":true,"href":"https:\/\/originhobbies.com\/fi\/wp-json\/wp\/v2\/media\/13405"}],"wp:attachment":[{"href":"https:\/\/originhobbies.com\/fi\/wp-json\/wp\/v2\/media?parent=13406"}],"wp:term":[{"taxonomy":"product_brand","embeddable":true,"href":"https:\/\/originhobbies.com\/fi\/wp-json\/wp\/v2\/product_brand?post=13406"},{"taxonomy":"product_cat","embeddable":true,"href":"https:\/\/originhobbies.com\/fi\/wp-json\/wp\/v2\/product_cat?post=13406"},{"taxonomy":"product_tag","embeddable":true,"href":"https:\/\/originhobbies.com\/fi\/wp-json\/wp\/v2\/product_tag?post=13406"}],"curies":[{"name":"wp","href":"https:\/\/api.w.org\/{rel}","templated":true}]}}