{"id":13367,"date":"2024-10-10T18:48:07","date_gmt":"2024-10-10T16:48:07","guid":{"rendered":"http:\/\/originhobbies.com\/?post_type=product&#038;p=13367"},"modified":"2026-04-06T01:05:13","modified_gmt":"2026-04-05T23:05:13","slug":"skyrc-efuel-1200w-50a-regulated-power-supply-psu-50a","status":"publish","type":"product","link":"https:\/\/originhobbies.com\/fi\/shop\/charging\/power-supplies\/skyrc-efuel-1200w-50a-regulated-power-supply-psu-50a\/","title":{"rendered":"SkyRC eFUEL 1200W 50A Regulated Power Supply PSU 50A"},"content":{"rendered":"<div class=\"level-txt txt-white-b xl-font\">SkyRC eFUEL 1200W 50A Regulated Power Supply is a High Power High Output Power supply with Protection features. It is an ideal companion for DC Battery Chargers.<\/div>\n<div><\/div>\n<h3>Features<\/h3>\n<h4>Multiple Output Ports<\/h4>\n<p>The maximum output of the two main ports is 50A, while each of other three deputy outlets provides up to 10A output with a switch to control respectively.<br \/>\n1200W output with 5 outlets to power your charger, you deserve to have one such power supply. It also supports 2 USB Power Ports with 2.1A current.<\/p>\n<p><img loading=\"lazy\" decoding=\"async\" class=\"alignnone wp-image-13376 size-large\" src=\"https:\/\/originhobbies.com\/wp-content\/uploads\/2024\/10\/skykrc-psu-50a-pc-3-1024x453.jpg\" alt=\"\" width=\"980\" height=\"434\" srcset=\"https:\/\/originhobbies.com\/wp-content\/uploads\/2024\/10\/skykrc-psu-50a-pc-3-1024x453.jpg 1024w, https:\/\/originhobbies.com\/wp-content\/uploads\/2024\/10\/skykrc-psu-50a-pc-3-300x133.jpg 300w, https:\/\/originhobbies.com\/wp-content\/uploads\/2024\/10\/skykrc-psu-50a-pc-3-768x340.jpg 768w, https:\/\/originhobbies.com\/wp-content\/uploads\/2024\/10\/skykrc-psu-50a-pc-3-50x22.jpg 50w, https:\/\/originhobbies.com\/wp-content\/uploads\/2024\/10\/skykrc-psu-50a-pc-3-1600x708.jpg 1600w, https:\/\/originhobbies.com\/wp-content\/uploads\/2024\/10\/skykrc-psu-50a-pc-3-1536x680.jpg 1536w, https:\/\/originhobbies.com\/wp-content\/uploads\/2024\/10\/skykrc-psu-50a-pc-3-18x8.jpg 18w, https:\/\/originhobbies.com\/wp-content\/uploads\/2024\/10\/skykrc-psu-50a-pc-3-416x184.jpg 416w, https:\/\/originhobbies.com\/wp-content\/uploads\/2024\/10\/skykrc-psu-50a-pc-3.jpg 1920w\" sizes=\"auto, (max-width: 980px) 100vw, 980px\" \/><\/p>\n<h4>Intelligent Air Cooling System<\/h4>\n<p>Adopting the cooling system, the fan will be initiated automatically when the operating temperature reaches 50 degrees C.<\/p>\n<p><img loading=\"lazy\" decoding=\"async\" class=\"alignnone wp-image-13375 size-large\" src=\"https:\/\/originhobbies.com\/wp-content\/uploads\/2024\/10\/skykrc-psu-50a-pc-2-1024x791.png\" alt=\"\" width=\"980\" height=\"757\" srcset=\"https:\/\/originhobbies.com\/wp-content\/uploads\/2024\/10\/skykrc-psu-50a-pc-2-1024x791.png 1024w, https:\/\/originhobbies.com\/wp-content\/uploads\/2024\/10\/skykrc-psu-50a-pc-2-300x232.png 300w, https:\/\/originhobbies.com\/wp-content\/uploads\/2024\/10\/skykrc-psu-50a-pc-2-768x594.png 768w, https:\/\/originhobbies.com\/wp-content\/uploads\/2024\/10\/skykrc-psu-50a-pc-2-50x39.png 50w, https:\/\/originhobbies.com\/wp-content\/uploads\/2024\/10\/skykrc-psu-50a-pc-2-16x12.png 16w, https:\/\/originhobbies.com\/wp-content\/uploads\/2024\/10\/skykrc-psu-50a-pc-2-416x322.png 416w, https:\/\/originhobbies.com\/wp-content\/uploads\/2024\/10\/skykrc-psu-50a-pc-2.png 1035w\" sizes=\"auto, (max-width: 980px) 100vw, 980px\" \/><\/p>\n<h4>Active PFC<\/h4>\n<div class=\"level-txt txt-white\">\n<div class=\"f-ti2\">Active PFC (Power Factor Correction) is integrated into SkyRC 1200W\/50A regulated power supply, can provide higher power utilization. Active PFC is the use of power electronics to change the waveform of current drawn by a load to improve the power factor, thus achieving the purpose of higher efficiency. It\u2019s capable of correction on AC input voltage and universal on a global basis.<\/div>\n<div><\/div>\n<\/div>\n<div><img loading=\"lazy\" decoding=\"async\" class=\"alignnone wp-image-13374 size-large\" src=\"https:\/\/originhobbies.com\/wp-content\/uploads\/2024\/10\/skykrc-psu-50a-pc-1-1024x427.jpg\" alt=\"\" width=\"980\" height=\"409\" srcset=\"https:\/\/originhobbies.com\/wp-content\/uploads\/2024\/10\/skykrc-psu-50a-pc-1-1024x427.jpg 1024w, https:\/\/originhobbies.com\/wp-content\/uploads\/2024\/10\/skykrc-psu-50a-pc-1-300x125.jpg 300w, https:\/\/originhobbies.com\/wp-content\/uploads\/2024\/10\/skykrc-psu-50a-pc-1-768x320.jpg 768w, https:\/\/originhobbies.com\/wp-content\/uploads\/2024\/10\/skykrc-psu-50a-pc-1-50x21.jpg 50w, https:\/\/originhobbies.com\/wp-content\/uploads\/2024\/10\/skykrc-psu-50a-pc-1-1600x667.jpg 1600w, https:\/\/originhobbies.com\/wp-content\/uploads\/2024\/10\/skykrc-psu-50a-pc-1-1536x640.jpg 1536w, https:\/\/originhobbies.com\/wp-content\/uploads\/2024\/10\/skykrc-psu-50a-pc-1-18x8.jpg 18w, https:\/\/originhobbies.com\/wp-content\/uploads\/2024\/10\/skykrc-psu-50a-pc-1-416x173.jpg 416w, https:\/\/originhobbies.com\/wp-content\/uploads\/2024\/10\/skykrc-psu-50a-pc-1.jpg 1920w\" sizes=\"auto, (max-width: 980px) 100vw, 980px\" \/><\/div>\n<div class=\"level-txt txt-white\">\n<div><\/div>\n<\/div>\n<h4><\/h4>\n<h4>Protection features<\/h4>\n<div class=\"lv1-icons\">\n<ul>\n<li class=\"lv1-icon\"><i class=\"i i-guorebaohu\"><\/i> Over Temperature Protection<\/li>\n<li class=\"lv1-icon\">Over Current Protection<\/li>\n<li class=\"lv1-icon\">Short Circuit Protection<\/li>\n<\/ul>\n<h3>Tekniset tiedot<\/h3>\n<div class=\"sf-item first\">\n<div class=\"sf-item\">\n<ul>\n<li>Input Voltage: 100-240V AC<\/li>\n<li>Output Current: 50A\u00b11A<\/li>\n<li>Cooling Method: Cooling Fan<\/li>\n<li>Input AC Frequency: 50-60Hz<\/li>\n<li>Input Fuse: 20A Fuse<\/li>\n<li>Operating Temperature: 0-40\u2103<\/li>\n<li>Output Voltage Ripple: &lt; 1200mV<\/li>\n<li>Over Temperature Protection: &lt; 65\u2103<\/li>\n<li>Power Efficiency: 89%<\/li>\n<li>Power Factor: &gt; 0.98<\/li>\n<li>LCD Display: Voltage Precision \u00b10.3V, Current Precision \u00b10.5A<\/li>\n<li>Size: 268 x 165 x 74 mm<\/li>\n<li>Weight: 3.08 Kg<\/li>\n<\/ul>\n<h3>Dimensions<\/h3>\n<p>268 x 165 x 74 mm<\/p>\n<p><img loading=\"lazy\" decoding=\"async\" class=\"alignnone wp-image-13370\" src=\"https:\/\/originhobbies.com\/wp-content\/uploads\/2024\/10\/skykrc-psu-50a-1-dimensions.jpg\" alt=\"\" width=\"600\" height=\"438\" srcset=\"https:\/\/originhobbies.com\/wp-content\/uploads\/2024\/10\/skykrc-psu-50a-1-dimensions.jpg 742w, https:\/\/originhobbies.com\/wp-content\/uploads\/2024\/10\/skykrc-psu-50a-1-dimensions-300x219.jpg 300w, https:\/\/originhobbies.com\/wp-content\/uploads\/2024\/10\/skykrc-psu-50a-1-dimensions-50x37.jpg 50w, https:\/\/originhobbies.com\/wp-content\/uploads\/2024\/10\/skykrc-psu-50a-1-dimensions-16x12.jpg 16w, https:\/\/originhobbies.com\/wp-content\/uploads\/2024\/10\/skykrc-psu-50a-1-dimensions-416x304.jpg 416w\" sizes=\"auto, (max-width: 600px) 100vw, 600px\" \/><\/p>\n<p>&nbsp;<\/p>\n<\/div>\n<\/div>\n<h3>Lataukset<\/h3>\n<ul>\n<li><a href=\"https:\/\/originhobbies.com\/wp-content\/uploads\/2024\/10\/eFUEL-1200W_Instruction_Manual_EN_V2.0.pdf\">SkyRC eFuel 1200 PSU 50A Instruction Manual<\/a><\/li>\n<\/ul>\n<h3>Sis\u00e4lt\u00e4\u00e4<\/h3>\n<ul>\n<li>Power Supply PSU 50A<\/li>\n<li>AC Power Cord (EU)<\/li>\n<li>Instruction Manual<\/li>\n<\/ul>\n<p><img loading=\"lazy\" decoding=\"async\" class=\"alignnone size-full wp-image-13377\" src=\"https:\/\/originhobbies.com\/wp-content\/uploads\/2024\/10\/skyrc-psu-50a-contents.jpg\" alt=\"\" width=\"888\" height=\"371\" srcset=\"https:\/\/originhobbies.com\/wp-content\/uploads\/2024\/10\/skyrc-psu-50a-contents.jpg 888w, https:\/\/originhobbies.com\/wp-content\/uploads\/2024\/10\/skyrc-psu-50a-contents-300x125.jpg 300w, https:\/\/originhobbies.com\/wp-content\/uploads\/2024\/10\/skyrc-psu-50a-contents-768x321.jpg 768w, https:\/\/originhobbies.com\/wp-content\/uploads\/2024\/10\/skyrc-psu-50a-contents-50x21.jpg 50w, https:\/\/originhobbies.com\/wp-content\/uploads\/2024\/10\/skyrc-psu-50a-contents-18x8.jpg 18w, https:\/\/originhobbies.com\/wp-content\/uploads\/2024\/10\/skyrc-psu-50a-contents-416x174.jpg 416w\" sizes=\"auto, (max-width: 888px) 100vw, 888px\" \/><\/p>\n<\/div>\n<div class=\"height20\"><\/div>","protected":false},"excerpt":{"rendered":"<p>SkyRC eFUEL 1200W 50A Regulated Power Supply is a High Power High Output Power supply with Protection features. It is an ideal companion for DC Battery Chargers. Features Multiple Output Ports The maximum output of the two main ports is 50A, while each of other three deputy outlets provides up to 10A output with a [&hellip;]<\/p>\n","protected":false},"featured_media":13369,"comment_status":"open","ping_status":"closed","template":"","meta":{"_eb_attr":""},"product_brand":[],"product_cat":[107,329],"product_tag":[],"class_list":{"0":"post-13367","1":"product","2":"type-product","3":"status-publish","4":"has-post-thumbnail","6":"product_cat-charging","7":"product_cat-power-supplies","9":"first","10":"instock","11":"taxable","12":"shipping-taxable","13":"purchasable","14":"product-type-simple"},"jetpack_sharing_enabled":true,"_links":{"self":[{"href":"https:\/\/originhobbies.com\/fi\/wp-json\/wp\/v2\/product\/13367","targetHints":{"allow":["GET"]}}],"collection":[{"href":"https:\/\/originhobbies.com\/fi\/wp-json\/wp\/v2\/product"}],"about":[{"href":"https:\/\/originhobbies.com\/fi\/wp-json\/wp\/v2\/types\/product"}],"replies":[{"embeddable":true,"href":"https:\/\/originhobbies.com\/fi\/wp-json\/wp\/v2\/comments?post=13367"}],"wp:featuredmedia":[{"embeddable":true,"href":"https:\/\/originhobbies.com\/fi\/wp-json\/wp\/v2\/media\/13369"}],"wp:attachment":[{"href":"https:\/\/originhobbies.com\/fi\/wp-json\/wp\/v2\/media?parent=13367"}],"wp:term":[{"taxonomy":"product_brand","embeddable":true,"href":"https:\/\/originhobbies.com\/fi\/wp-json\/wp\/v2\/product_brand?post=13367"},{"taxonomy":"product_cat","embeddable":true,"href":"https:\/\/originhobbies.com\/fi\/wp-json\/wp\/v2\/product_cat?post=13367"},{"taxonomy":"product_tag","embeddable":true,"href":"https:\/\/originhobbies.com\/fi\/wp-json\/wp\/v2\/product_tag?post=13367"}],"curies":[{"name":"wp","href":"https:\/\/api.w.org\/{rel}","templated":true}]}}