{"id":13064,"date":"2024-09-26T15:00:10","date_gmt":"2024-09-26T13:00:10","guid":{"rendered":"http:\/\/originhobbies.com\/shop\/uncategorized\/flywing-fs58-main-blades-for-4-blade-head-4-pcs\/"},"modified":"2026-04-06T01:05:13","modified_gmt":"2026-04-05T23:05:13","slug":"flywing-fs58-main-blades-for-4-blade-head-4-pcs","status":"publish","type":"product","link":"https:\/\/originhobbies.com\/fi\/shop\/helicopter-parts\/flywing-spare-parts\/flywing-bell-206-v3-spare-parts\/flywing-fs58-main-blades-for-4-blade-head-4-pcs\/","title":{"rendered":"Flywing FS58 Main Blades for 4 Blade Head (4 pcs)"},"content":{"rendered":"<p>Flywing FS58 Main Blades for 4 Blade Head (4 pcs) for Flywing helicopters<\/p>\n<h4>Compatible helicopters<\/h4>\n<p>Bell-206, UH-1<\/p>\n<h4>Sis\u00e4lt\u00e4\u00e4<\/h4>\n<p>Main Blades for 4 Blade Head (4 pcs)<\/p>","protected":false},"excerpt":{"rendered":"<p>Flywing FS58 Main Blades for 4 Blade Head (4 pcs) for Flywing helicopters Compatible helicopters Bell-206, UH-1 Includes Main Blades for 4 Blade Head (4 pcs)<\/p>","protected":false},"featured_media":13063,"comment_status":"open","ping_status":"closed","template":"","meta":{"_eb_attr":""},"product_brand":[],"product_cat":[311,371,312],"product_tag":[],"class_list":{"0":"post-13064","1":"product","2":"type-product","3":"status-publish","4":"has-post-thumbnail","6":"product_cat-flywing-bell-206-v3-spare-parts","7":"product_cat-flywing-spare-parts","8":"product_cat-flywing-uh-1-huey-v4-spare-parts","10":"first","11":"instock","12":"taxable","13":"shipping-taxable","14":"purchasable","15":"product-type-simple"},"jetpack_sharing_enabled":true,"_links":{"self":[{"href":"https:\/\/originhobbies.com\/fi\/wp-json\/wp\/v2\/product\/13064","targetHints":{"allow":["GET"]}}],"collection":[{"href":"https:\/\/originhobbies.com\/fi\/wp-json\/wp\/v2\/product"}],"about":[{"href":"https:\/\/originhobbies.com\/fi\/wp-json\/wp\/v2\/types\/product"}],"replies":[{"embeddable":true,"href":"https:\/\/originhobbies.com\/fi\/wp-json\/wp\/v2\/comments?post=13064"}],"wp:featuredmedia":[{"embeddable":true,"href":"https:\/\/originhobbies.com\/fi\/wp-json\/wp\/v2\/media\/13063"}],"wp:attachment":[{"href":"https:\/\/originhobbies.com\/fi\/wp-json\/wp\/v2\/media?parent=13064"}],"wp:term":[{"taxonomy":"product_brand","embeddable":true,"href":"https:\/\/originhobbies.com\/fi\/wp-json\/wp\/v2\/product_brand?post=13064"},{"taxonomy":"product_cat","embeddable":true,"href":"https:\/\/originhobbies.com\/fi\/wp-json\/wp\/v2\/product_cat?post=13064"},{"taxonomy":"product_tag","embeddable":true,"href":"https:\/\/originhobbies.com\/fi\/wp-json\/wp\/v2\/product_tag?post=13064"}],"curies":[{"name":"wp","href":"https:\/\/api.w.org\/{rel}","templated":true}]}}