{"id":13002,"date":"2024-09-26T14:59:37","date_gmt":"2024-09-26T12:59:37","guid":{"rendered":"http:\/\/originhobbies.com\/shop\/uncategorized\/flywing-fs08-main-shaft-long-117mm\/"},"modified":"2026-05-13T17:51:40","modified_gmt":"2026-05-13T15:51:40","slug":"flywing-fs08-main-shaft-long-117mm","status":"publish","type":"product","link":"https:\/\/originhobbies.com\/fi\/shop\/helicopter-parts\/flywing-spare-parts\/flywing-uh-1-huey-v4-spare-parts\/flywing-fs08-main-shaft-long-117mm\/","title":{"rendered":"Flywing FS08 Main Shaft long (117mm)"},"content":{"rendered":"<p>Flywing FS08 Main Shaft long (117mm) for Flywing helicopters<\/p>\n<h4>Compatible helicopters<\/h4>\n<p>Bell-206, UH-1, BO-105<\/p>\n<h4>Sis\u00e4lt\u00e4\u00e4<\/h4>\n<p>Main Shaft long (117mm)<\/p>","protected":false},"excerpt":{"rendered":"<p>Flywing FS08 Main Shaft long (117mm) for Flywing helicopters Compatible helicopters Bell-206, UH-1, BO-105 Includes Main Shaft long (117mm)<\/p>","protected":false},"featured_media":17854,"comment_status":"open","ping_status":"closed","template":"","meta":{"_eb_attr":""},"product_brand":[],"product_cat":[312,311,371,387,331,372,435],"product_tag":[],"class_list":["post-13002","product","type-product","status-publish","has-post-thumbnail","product_cat-flywing-uh-1-huey-v4-spare-parts","product_cat-flywing-bell-206-v3-spare-parts","product_cat-flywing-spare-parts","product_cat-flywing-bell-412-spare-parts","product_cat-flywing-bo-105-spare-parts","product_cat-flywing-ec-135-spare-parts","product_cat-flywing-mh-60t-jayhawk-spare-parts","first","instock","taxable","shipping-taxable","purchasable","product-type-simple"],"jetpack_sharing_enabled":true,"_links":{"self":[{"href":"https:\/\/originhobbies.com\/fi\/wp-json\/wp\/v2\/product\/13002","targetHints":{"allow":["GET"]}}],"collection":[{"href":"https:\/\/originhobbies.com\/fi\/wp-json\/wp\/v2\/product"}],"about":[{"href":"https:\/\/originhobbies.com\/fi\/wp-json\/wp\/v2\/types\/product"}],"replies":[{"embeddable":true,"href":"https:\/\/originhobbies.com\/fi\/wp-json\/wp\/v2\/comments?post=13002"}],"wp:featuredmedia":[{"embeddable":true,"href":"https:\/\/originhobbies.com\/fi\/wp-json\/wp\/v2\/media\/17854"}],"wp:attachment":[{"href":"https:\/\/originhobbies.com\/fi\/wp-json\/wp\/v2\/media?parent=13002"}],"wp:term":[{"taxonomy":"product_brand","embeddable":true,"href":"https:\/\/originhobbies.com\/fi\/wp-json\/wp\/v2\/product_brand?post=13002"},{"taxonomy":"product_cat","embeddable":true,"href":"https:\/\/originhobbies.com\/fi\/wp-json\/wp\/v2\/product_cat?post=13002"},{"taxonomy":"product_tag","embeddable":true,"href":"https:\/\/originhobbies.com\/fi\/wp-json\/wp\/v2\/product_tag?post=13002"}],"curies":[{"name":"wp","href":"https:\/\/api.w.org\/{rel}","templated":true}]}}