{"id":12982,"date":"2024-09-26T14:59:26","date_gmt":"2024-09-26T12:59:26","guid":{"rendered":"http:\/\/originhobbies.com\/shop\/uncategorized\/flywing-fv328-metal-rotor-head-set-with-quick-release\/"},"modified":"2026-04-06T01:05:26","modified_gmt":"2026-04-05T23:05:26","slug":"flywing-fv328-metal-rotor-head-set-with-quick-release","status":"publish","type":"product","link":"https:\/\/originhobbies.com\/fi\/shop\/helicopter-parts\/flywing-spare-parts\/flywing-fw450l-v3-spare-parts\/flywing-fv328-metal-rotor-head-set-with-quick-release\/","title":{"rendered":"Flywing FV328 Metal Rotor Head Set with Quick Release"},"content":{"rendered":"<p>Flywing FV328 Metal Rotor Head Set with Quick Release for Flywing helicopters<\/p>\n<h4>Compatible helicopters<\/h4>\n<p>450L-v3, Bell-206<\/p>\n<h4>Sis\u00e4lt\u00e4\u00e4<\/h4>\n<p>Metal Rotor Head Set with Quick Release<\/p>","protected":false},"excerpt":{"rendered":"<p>Flywing FV328 Metal Rotor Head Set with Quick Release for Flywing helicopters Compatible helicopters 450L-v3, Bell-206 Includes Metal Rotor Head Set with Quick Release<\/p>","protected":false},"featured_media":12981,"comment_status":"open","ping_status":"closed","template":"","meta":{"_eb_attr":""},"product_brand":[],"product_cat":[310,311,371],"product_tag":[],"class_list":{"0":"post-12982","1":"product","2":"type-product","3":"status-publish","4":"has-post-thumbnail","6":"product_cat-flywing-fw450l-v3-spare-parts","7":"product_cat-flywing-bell-206-v3-spare-parts","8":"product_cat-flywing-spare-parts","10":"first","11":"instock","12":"taxable","13":"shipping-taxable","14":"purchasable","15":"product-type-simple"},"jetpack_sharing_enabled":true,"_links":{"self":[{"href":"https:\/\/originhobbies.com\/fi\/wp-json\/wp\/v2\/product\/12982","targetHints":{"allow":["GET"]}}],"collection":[{"href":"https:\/\/originhobbies.com\/fi\/wp-json\/wp\/v2\/product"}],"about":[{"href":"https:\/\/originhobbies.com\/fi\/wp-json\/wp\/v2\/types\/product"}],"replies":[{"embeddable":true,"href":"https:\/\/originhobbies.com\/fi\/wp-json\/wp\/v2\/comments?post=12982"}],"wp:featuredmedia":[{"embeddable":true,"href":"https:\/\/originhobbies.com\/fi\/wp-json\/wp\/v2\/media\/12981"}],"wp:attachment":[{"href":"https:\/\/originhobbies.com\/fi\/wp-json\/wp\/v2\/media?parent=12982"}],"wp:term":[{"taxonomy":"product_brand","embeddable":true,"href":"https:\/\/originhobbies.com\/fi\/wp-json\/wp\/v2\/product_brand?post=12982"},{"taxonomy":"product_cat","embeddable":true,"href":"https:\/\/originhobbies.com\/fi\/wp-json\/wp\/v2\/product_cat?post=12982"},{"taxonomy":"product_tag","embeddable":true,"href":"https:\/\/originhobbies.com\/fi\/wp-json\/wp\/v2\/product_tag?post=12982"}],"curies":[{"name":"wp","href":"https:\/\/api.w.org\/{rel}","templated":true}]}}