{"id":11656,"date":"2024-05-15T20:54:24","date_gmt":"2024-05-15T18:54:24","guid":{"rendered":"http:\/\/originhobbies.com\/shop\/uncategorized\/oshm7176-omp-m7-swash-leveling-tool\/"},"modified":"2026-04-29T22:27:34","modified_gmt":"2026-04-29T20:27:34","slug":"oshm7176-omp-m7-swash-leveling-tool","status":"publish","type":"product","link":"https:\/\/originhobbies.com\/fi\/shop\/helicopter-parts\/omphobby-spare-parts\/omphobby-m7-spare-parts\/oshm7176-omp-m7-swash-leveling-tool\/","title":{"rendered":"OSHM7176 OMP M7 Swash Leveling Tool"},"content":{"rendered":"<p>Swash Leveling Tool for OMPHobby M7 Helicopter, OSHM7176<\/p>\n<h4>Sis\u00e4lt\u00e4\u00e4<\/h4>\n<p>Swashplate Levelling Tool (\u00d71) (7-215)<\/p>","protected":false},"excerpt":{"rendered":"<p>Swash Leveling Tool for OMPHobby M7 Helicopter, OSHM7176 Includes Swashplate Levelling Tool (\u00d71) (7-215)<\/p>","protected":false},"featured_media":11655,"comment_status":"open","ping_status":"closed","template":"","meta":{"_eb_attr":""},"product_brand":[],"product_cat":[278],"product_tag":[],"class_list":["post-11656","product","type-product","status-publish","has-post-thumbnail","product_cat-omphobby-m7-spare-parts","first","instock","taxable","shipping-taxable","purchasable","product-type-simple"],"jetpack_sharing_enabled":true,"_links":{"self":[{"href":"https:\/\/originhobbies.com\/fi\/wp-json\/wp\/v2\/product\/11656","targetHints":{"allow":["GET"]}}],"collection":[{"href":"https:\/\/originhobbies.com\/fi\/wp-json\/wp\/v2\/product"}],"about":[{"href":"https:\/\/originhobbies.com\/fi\/wp-json\/wp\/v2\/types\/product"}],"replies":[{"embeddable":true,"href":"https:\/\/originhobbies.com\/fi\/wp-json\/wp\/v2\/comments?post=11656"}],"wp:featuredmedia":[{"embeddable":true,"href":"https:\/\/originhobbies.com\/fi\/wp-json\/wp\/v2\/media\/11655"}],"wp:attachment":[{"href":"https:\/\/originhobbies.com\/fi\/wp-json\/wp\/v2\/media?parent=11656"}],"wp:term":[{"taxonomy":"product_brand","embeddable":true,"href":"https:\/\/originhobbies.com\/fi\/wp-json\/wp\/v2\/product_brand?post=11656"},{"taxonomy":"product_cat","embeddable":true,"href":"https:\/\/originhobbies.com\/fi\/wp-json\/wp\/v2\/product_cat?post=11656"},{"taxonomy":"product_tag","embeddable":true,"href":"https:\/\/originhobbies.com\/fi\/wp-json\/wp\/v2\/product_tag?post=11656"}],"curies":[{"name":"wp","href":"https:\/\/api.w.org\/{rel}","templated":true}]}}