{"id":11640,"date":"2024-05-15T20:54:21","date_gmt":"2024-05-15T18:54:21","guid":{"rendered":"http:\/\/originhobbies.com\/shop\/uncategorized\/oshm7167-omp-m7-blade-caddy\/"},"modified":"2026-04-06T01:05:26","modified_gmt":"2026-04-05T23:05:26","slug":"oshm7167-omp-m7-blade-caddy","status":"publish","type":"product","link":"https:\/\/originhobbies.com\/fi\/shop\/helicopter-parts\/omphobby-spare-parts\/omphobby-m7-spare-parts\/oshm7167-omp-m7-blade-caddy\/","title":{"rendered":"OSHM7167 OMP M7 Blade Caddy"},"content":{"rendered":"<p>Blade Caddy for OMPHobby M7 Helicopter, OSHM7167<\/p>\n<h4>Sis\u00e4lt\u00e4\u00e4<\/h4>\n<p>Blade Caddy (\u00d71) (7-203)<\/p>","protected":false},"excerpt":{"rendered":"<p>Blade Caddy for OMPHobby M7 Helicopter, OSHM7167 Includes Blade Caddy (\u00d71) (7-203)<\/p>","protected":false},"featured_media":11639,"comment_status":"open","ping_status":"closed","template":"","meta":{"_eb_attr":""},"product_brand":[],"product_cat":[278,416],"product_tag":[],"class_list":{"0":"post-11640","1":"product","2":"type-product","3":"status-publish","4":"has-post-thumbnail","6":"product_cat-omphobby-m7-spare-parts","7":"product_cat-omphobby-m7r-spare-parts","9":"first","10":"instock","11":"taxable","12":"shipping-taxable","13":"purchasable","14":"product-type-simple"},"jetpack_sharing_enabled":true,"_links":{"self":[{"href":"https:\/\/originhobbies.com\/fi\/wp-json\/wp\/v2\/product\/11640","targetHints":{"allow":["GET"]}}],"collection":[{"href":"https:\/\/originhobbies.com\/fi\/wp-json\/wp\/v2\/product"}],"about":[{"href":"https:\/\/originhobbies.com\/fi\/wp-json\/wp\/v2\/types\/product"}],"replies":[{"embeddable":true,"href":"https:\/\/originhobbies.com\/fi\/wp-json\/wp\/v2\/comments?post=11640"}],"wp:featuredmedia":[{"embeddable":true,"href":"https:\/\/originhobbies.com\/fi\/wp-json\/wp\/v2\/media\/11639"}],"wp:attachment":[{"href":"https:\/\/originhobbies.com\/fi\/wp-json\/wp\/v2\/media?parent=11640"}],"wp:term":[{"taxonomy":"product_brand","embeddable":true,"href":"https:\/\/originhobbies.com\/fi\/wp-json\/wp\/v2\/product_brand?post=11640"},{"taxonomy":"product_cat","embeddable":true,"href":"https:\/\/originhobbies.com\/fi\/wp-json\/wp\/v2\/product_cat?post=11640"},{"taxonomy":"product_tag","embeddable":true,"href":"https:\/\/originhobbies.com\/fi\/wp-json\/wp\/v2\/product_tag?post=11640"}],"curies":[{"name":"wp","href":"https:\/\/api.w.org\/{rel}","templated":true}]}}