{"id":11596,"date":"2024-05-15T20:54:12","date_gmt":"2024-05-15T18:54:12","guid":{"rendered":"http:\/\/originhobbies.com\/shop\/uncategorized\/oshm7145-omp-m7-spacer-%cf%864x%cf%866x0-65\/"},"modified":"2026-04-06T01:05:36","modified_gmt":"2026-04-05T23:05:36","slug":"oshm7145-omp-m7-spacer-%cf%864x%cf%866x0-65","status":"publish","type":"product","link":"https:\/\/originhobbies.com\/fi\/shop\/helicopter-parts\/omphobby-spare-parts\/omphobby-m7-spare-parts\/oshm7145-omp-m7-spacer-%cf%864x%cf%866x0-65\/","title":{"rendered":"OSHM7145 OMP M7 Spacer \u03a64x\u03a66&#215;0.65"},"content":{"rendered":"<p>Spacer \u03a64x\u03a66&#215;0.65 for OMPHobby M7 Helicopter, OSHM7145<\/p>\n<h4>Sis\u00e4lt\u00e4\u00e4<\/h4>\n<p>Washer \u00d84x6x0.65 (\u00d76) (7-183)<\/p>","protected":false},"excerpt":{"rendered":"<p>Spacer \u03a64x\u03a66&#215;0.65 for OMPHobby M7 Helicopter, OSHM7145 Includes Washer \u00d84x6x0.65 (\u00d76) (7-183)<\/p>","protected":false},"featured_media":11595,"comment_status":"open","ping_status":"closed","template":"","meta":{"_eb_attr":""},"product_brand":[],"product_cat":[278,416],"product_tag":[],"class_list":{"0":"post-11596","1":"product","2":"type-product","3":"status-publish","4":"has-post-thumbnail","6":"product_cat-omphobby-m7-spare-parts","7":"product_cat-omphobby-m7r-spare-parts","9":"first","10":"instock","11":"taxable","12":"shipping-taxable","13":"purchasable","14":"product-type-simple"},"jetpack_sharing_enabled":true,"_links":{"self":[{"href":"https:\/\/originhobbies.com\/fi\/wp-json\/wp\/v2\/product\/11596","targetHints":{"allow":["GET"]}}],"collection":[{"href":"https:\/\/originhobbies.com\/fi\/wp-json\/wp\/v2\/product"}],"about":[{"href":"https:\/\/originhobbies.com\/fi\/wp-json\/wp\/v2\/types\/product"}],"replies":[{"embeddable":true,"href":"https:\/\/originhobbies.com\/fi\/wp-json\/wp\/v2\/comments?post=11596"}],"wp:featuredmedia":[{"embeddable":true,"href":"https:\/\/originhobbies.com\/fi\/wp-json\/wp\/v2\/media\/11595"}],"wp:attachment":[{"href":"https:\/\/originhobbies.com\/fi\/wp-json\/wp\/v2\/media?parent=11596"}],"wp:term":[{"taxonomy":"product_brand","embeddable":true,"href":"https:\/\/originhobbies.com\/fi\/wp-json\/wp\/v2\/product_brand?post=11596"},{"taxonomy":"product_cat","embeddable":true,"href":"https:\/\/originhobbies.com\/fi\/wp-json\/wp\/v2\/product_cat?post=11596"},{"taxonomy":"product_tag","embeddable":true,"href":"https:\/\/originhobbies.com\/fi\/wp-json\/wp\/v2\/product_tag?post=11596"}],"curies":[{"name":"wp","href":"https:\/\/api.w.org\/{rel}","templated":true}]}}