{"id":11588,"date":"2024-05-15T20:54:11","date_gmt":"2024-05-15T18:54:11","guid":{"rendered":"http:\/\/originhobbies.com\/shop\/uncategorized\/oshm7141-omp-m7-spacer-%cf%863x%cf%864-5x1-6\/"},"modified":"2026-04-06T01:05:36","modified_gmt":"2026-04-05T23:05:36","slug":"oshm7141-omp-m7-spacer-%cf%863x%cf%864-5x1-6","status":"publish","type":"product","link":"https:\/\/originhobbies.com\/fi\/shop\/helicopter-parts\/omphobby-spare-parts\/omphobby-m5-spare-parts\/oshm7141-omp-m7-spacer-%cf%863x%cf%864-5x1-6\/","title":{"rendered":"OSHM7141 OMP M5, M6, M7 Spacer \u03a63x\u03a64.5&#215;1.6"},"content":{"rendered":"<p>Spacer \u03a63x\u03a64.5&#215;1.6 for OMPHobby M5, M6, M7 Helicopter, OSHM7141<\/p>\n<h4>Sis\u00e4lt\u00e4\u00e4<\/h4>\n<p>Spacer\u03a63X\u03a64.5X1.6 (\u00d76) (7-189)<\/p>","protected":false},"excerpt":{"rendered":"<p>Spacer \u03a63x\u03a64.5&#215;1.6 for OMPHobby M5, M6, M7 Helicopter, OSHM7141 Includes Spacer\u03a63X\u03a64.5X1.6 (\u00d76) (7-189)<\/p>","protected":false},"featured_media":11587,"comment_status":"open","ping_status":"closed","template":"","meta":{"_eb_attr":""},"product_brand":[],"product_cat":[344,345,278,416],"product_tag":[],"class_list":{"0":"post-11588","1":"product","2":"type-product","3":"status-publish","4":"has-post-thumbnail","6":"product_cat-omphobby-m5-spare-parts","7":"product_cat-omphobby-m6-spare-parts","8":"product_cat-omphobby-m7-spare-parts","9":"product_cat-omphobby-m7r-spare-parts","11":"first","12":"instock","13":"taxable","14":"shipping-taxable","15":"purchasable","16":"product-type-simple"},"jetpack_sharing_enabled":true,"_links":{"self":[{"href":"https:\/\/originhobbies.com\/fi\/wp-json\/wp\/v2\/product\/11588","targetHints":{"allow":["GET"]}}],"collection":[{"href":"https:\/\/originhobbies.com\/fi\/wp-json\/wp\/v2\/product"}],"about":[{"href":"https:\/\/originhobbies.com\/fi\/wp-json\/wp\/v2\/types\/product"}],"replies":[{"embeddable":true,"href":"https:\/\/originhobbies.com\/fi\/wp-json\/wp\/v2\/comments?post=11588"}],"wp:featuredmedia":[{"embeddable":true,"href":"https:\/\/originhobbies.com\/fi\/wp-json\/wp\/v2\/media\/11587"}],"wp:attachment":[{"href":"https:\/\/originhobbies.com\/fi\/wp-json\/wp\/v2\/media?parent=11588"}],"wp:term":[{"taxonomy":"product_brand","embeddable":true,"href":"https:\/\/originhobbies.com\/fi\/wp-json\/wp\/v2\/product_brand?post=11588"},{"taxonomy":"product_cat","embeddable":true,"href":"https:\/\/originhobbies.com\/fi\/wp-json\/wp\/v2\/product_cat?post=11588"},{"taxonomy":"product_tag","embeddable":true,"href":"https:\/\/originhobbies.com\/fi\/wp-json\/wp\/v2\/product_tag?post=11588"}],"curies":[{"name":"wp","href":"https:\/\/api.w.org\/{rel}","templated":true}]}}