{"id":11574,"date":"2024-05-15T20:54:08","date_gmt":"2024-05-15T18:54:08","guid":{"rendered":"http:\/\/originhobbies.com\/shop\/uncategorized\/oshm7134-omp-m7-m2-5-nyloc-nut\/"},"modified":"2026-04-06T01:05:36","modified_gmt":"2026-04-05T23:05:36","slug":"oshm7134-omp-m7-m2-5-nyloc-nut","status":"publish","type":"product","link":"https:\/\/originhobbies.com\/fi\/shop\/helicopter-parts\/omphobby-spare-parts\/omphobby-m5-spare-parts\/oshm7134-omp-m7-m2-5-nyloc-nut\/","title":{"rendered":"OSHM7134 OMP M5, M6, M7 M2.5 Nyloc Nut"},"content":{"rendered":"<p>M2.5 Nyloc Nut for OMPHobby M5, M6, M7 Helicopter, OSHM7134<\/p>\n<h4>Sis\u00e4lt\u00e4\u00e4<\/h4>\n<p>M2.5 Nyloc Nut (\u00d78) (7-162)<\/p>","protected":false},"excerpt":{"rendered":"<p>M2.5 Nyloc Nut for OMPHobby M5, M6, M7 Helicopter, OSHM7134 Includes M2.5 Nyloc Nut (\u00d78) (7-162)<\/p>","protected":false},"featured_media":11573,"comment_status":"open","ping_status":"closed","template":"","meta":{"_eb_attr":""},"product_brand":[],"product_cat":[344,345,278],"product_tag":[],"class_list":{"0":"post-11574","1":"product","2":"type-product","3":"status-publish","4":"has-post-thumbnail","6":"product_cat-omphobby-m5-spare-parts","7":"product_cat-omphobby-m6-spare-parts","8":"product_cat-omphobby-m7-spare-parts","10":"first","11":"instock","12":"taxable","13":"shipping-taxable","14":"purchasable","15":"product-type-simple"},"jetpack_sharing_enabled":true,"_links":{"self":[{"href":"https:\/\/originhobbies.com\/fi\/wp-json\/wp\/v2\/product\/11574","targetHints":{"allow":["GET"]}}],"collection":[{"href":"https:\/\/originhobbies.com\/fi\/wp-json\/wp\/v2\/product"}],"about":[{"href":"https:\/\/originhobbies.com\/fi\/wp-json\/wp\/v2\/types\/product"}],"replies":[{"embeddable":true,"href":"https:\/\/originhobbies.com\/fi\/wp-json\/wp\/v2\/comments?post=11574"}],"wp:featuredmedia":[{"embeddable":true,"href":"https:\/\/originhobbies.com\/fi\/wp-json\/wp\/v2\/media\/11573"}],"wp:attachment":[{"href":"https:\/\/originhobbies.com\/fi\/wp-json\/wp\/v2\/media?parent=11574"}],"wp:term":[{"taxonomy":"product_brand","embeddable":true,"href":"https:\/\/originhobbies.com\/fi\/wp-json\/wp\/v2\/product_brand?post=11574"},{"taxonomy":"product_cat","embeddable":true,"href":"https:\/\/originhobbies.com\/fi\/wp-json\/wp\/v2\/product_cat?post=11574"},{"taxonomy":"product_tag","embeddable":true,"href":"https:\/\/originhobbies.com\/fi\/wp-json\/wp\/v2\/product_tag?post=11574"}],"curies":[{"name":"wp","href":"https:\/\/api.w.org\/{rel}","templated":true}]}}