{"id":11550,"date":"2024-05-15T20:54:04","date_gmt":"2024-05-15T18:54:04","guid":{"rendered":"http:\/\/originhobbies.com\/shop\/uncategorized\/oshm7122-omp-m7-hex-screw-half-thread-m4x24\/"},"modified":"2026-04-29T22:27:34","modified_gmt":"2026-04-29T20:27:34","slug":"oshm7122-omp-m7-hex-screw-half-thread-m4x24","status":"publish","type":"product","link":"https:\/\/originhobbies.com\/fi\/shop\/helicopter-parts\/omphobby-spare-parts\/omphobby-m7-spare-parts\/oshm7122-omp-m7-hex-screw-half-thread-m4x24\/","title":{"rendered":"OSHM7122 OMP M7 Hex Screw (Half Thread) M4x24"},"content":{"rendered":"<p>Hex Screw (Half Thread) M4x24 for OMPHobby M7 Helicopter, OSHM7122<\/p>\n<h4>Sis\u00e4lt\u00e4\u00e4<\/h4>\n<p>Hex Screw (Half Thread) M4x24 (\u00d78) (7-138)<\/p>","protected":false},"excerpt":{"rendered":"<p>Hex Screw (Half Thread) M4x24 for OMPHobby M7 Helicopter, OSHM7122 Includes Hex Screw (Half Thread) M4x24 (\u00d78) (7-138)<\/p>","protected":false},"featured_media":11549,"comment_status":"open","ping_status":"closed","template":"","meta":{"_eb_attr":""},"product_brand":[],"product_cat":[278,416],"product_tag":[],"class_list":["post-11550","product","type-product","status-publish","has-post-thumbnail","product_cat-omphobby-m7-spare-parts","product_cat-omphobby-m7r-spare-parts","first","instock","taxable","shipping-taxable","purchasable","product-type-simple"],"jetpack_sharing_enabled":true,"_links":{"self":[{"href":"https:\/\/originhobbies.com\/fi\/wp-json\/wp\/v2\/product\/11550","targetHints":{"allow":["GET"]}}],"collection":[{"href":"https:\/\/originhobbies.com\/fi\/wp-json\/wp\/v2\/product"}],"about":[{"href":"https:\/\/originhobbies.com\/fi\/wp-json\/wp\/v2\/types\/product"}],"replies":[{"embeddable":true,"href":"https:\/\/originhobbies.com\/fi\/wp-json\/wp\/v2\/comments?post=11550"}],"wp:featuredmedia":[{"embeddable":true,"href":"https:\/\/originhobbies.com\/fi\/wp-json\/wp\/v2\/media\/11549"}],"wp:attachment":[{"href":"https:\/\/originhobbies.com\/fi\/wp-json\/wp\/v2\/media?parent=11550"}],"wp:term":[{"taxonomy":"product_brand","embeddable":true,"href":"https:\/\/originhobbies.com\/fi\/wp-json\/wp\/v2\/product_brand?post=11550"},{"taxonomy":"product_cat","embeddable":true,"href":"https:\/\/originhobbies.com\/fi\/wp-json\/wp\/v2\/product_cat?post=11550"},{"taxonomy":"product_tag","embeddable":true,"href":"https:\/\/originhobbies.com\/fi\/wp-json\/wp\/v2\/product_tag?post=11550"}],"curies":[{"name":"wp","href":"https:\/\/api.w.org\/{rel}","templated":true}]}}