{"id":11534,"date":"2024-05-15T20:54:00","date_gmt":"2024-05-15T18:54:00","guid":{"rendered":"http:\/\/originhobbies.com\/shop\/uncategorized\/oshm7114-omp-m7-hex-screw-half-thread-m3x20\/"},"modified":"2026-04-06T01:05:36","modified_gmt":"2026-04-05T23:05:36","slug":"oshm7114-omp-m7-hex-screw-half-thread-m3x20","status":"publish","type":"product","link":"https:\/\/originhobbies.com\/fi\/shop\/helicopter-parts\/omphobby-spare-parts\/omphobby-m5-spare-parts\/oshm7114-omp-m7-hex-screw-half-thread-m3x20\/","title":{"rendered":"OSHM7114 OMP M5, M6, M7 Hex Screw (Half Thread) M3x20"},"content":{"rendered":"<p>Hex Screw (Half Thread) M3x20 for OMPHobby M5, M6, M7 Helicopter, OSHM7114<\/p>\n<h4>Sis\u00e4lt\u00e4\u00e4<\/h4>\n<p>Hex Screw (Half Thread) M3x20 (\u00d78) (7-131)<\/p>","protected":false},"excerpt":{"rendered":"<p>Hex Screw (Half Thread) M3x20 for OMPHobby M5, M6, M7 Helicopter, OSHM7114 Includes Hex Screw (Half Thread) M3x20 (\u00d78) (7-131)<\/p>","protected":false},"featured_media":11533,"comment_status":"open","ping_status":"closed","template":"","meta":{"_eb_attr":""},"product_brand":[],"product_cat":[344,345,278,416],"product_tag":[],"class_list":{"0":"post-11534","1":"product","2":"type-product","3":"status-publish","4":"has-post-thumbnail","6":"product_cat-omphobby-m5-spare-parts","7":"product_cat-omphobby-m6-spare-parts","8":"product_cat-omphobby-m7-spare-parts","9":"product_cat-omphobby-m7r-spare-parts","11":"first","12":"instock","13":"taxable","14":"shipping-taxable","15":"purchasable","16":"product-type-simple"},"jetpack_sharing_enabled":true,"_links":{"self":[{"href":"https:\/\/originhobbies.com\/fi\/wp-json\/wp\/v2\/product\/11534","targetHints":{"allow":["GET"]}}],"collection":[{"href":"https:\/\/originhobbies.com\/fi\/wp-json\/wp\/v2\/product"}],"about":[{"href":"https:\/\/originhobbies.com\/fi\/wp-json\/wp\/v2\/types\/product"}],"replies":[{"embeddable":true,"href":"https:\/\/originhobbies.com\/fi\/wp-json\/wp\/v2\/comments?post=11534"}],"wp:featuredmedia":[{"embeddable":true,"href":"https:\/\/originhobbies.com\/fi\/wp-json\/wp\/v2\/media\/11533"}],"wp:attachment":[{"href":"https:\/\/originhobbies.com\/fi\/wp-json\/wp\/v2\/media?parent=11534"}],"wp:term":[{"taxonomy":"product_brand","embeddable":true,"href":"https:\/\/originhobbies.com\/fi\/wp-json\/wp\/v2\/product_brand?post=11534"},{"taxonomy":"product_cat","embeddable":true,"href":"https:\/\/originhobbies.com\/fi\/wp-json\/wp\/v2\/product_cat?post=11534"},{"taxonomy":"product_tag","embeddable":true,"href":"https:\/\/originhobbies.com\/fi\/wp-json\/wp\/v2\/product_tag?post=11534"}],"curies":[{"name":"wp","href":"https:\/\/api.w.org\/{rel}","templated":true}]}}