{"id":11514,"date":"2024-05-15T20:53:57","date_gmt":"2024-05-15T18:53:57","guid":{"rendered":"http:\/\/originhobbies.com\/shop\/uncategorized\/oshm7104-omp-m7-hex-screw-m2x8\/"},"modified":"2026-04-29T22:27:34","modified_gmt":"2026-04-29T20:27:34","slug":"oshm7104-omp-m7-hex-screw-m2x8","status":"publish","type":"product","link":"https:\/\/originhobbies.com\/fi\/shop\/helicopter-parts\/omphobby-spare-parts\/omphobby-m7-spare-parts\/oshm7104-omp-m7-hex-screw-m2x8\/","title":{"rendered":"OSHM7104 OMP M5, M6, M7 Hex Screw M2x8"},"content":{"rendered":"<p>Hex Screw M2x8 for OMPHobby M5, M6, M7 Helicopter, OSHM7104<\/p>\n<h4>Sis\u00e4lt\u00e4\u00e4<\/h4>\n<p>Hex Screw M2x8 (\u00d78) (7-121)<\/p>","protected":false},"excerpt":{"rendered":"<p>Hex Screw M2x8 for OMPHobby M5, M6, M7 Helicopter, OSHM7104 Includes Hex Screw M2x8 (\u00d78) (7-121)<\/p>","protected":false},"featured_media":11513,"comment_status":"open","ping_status":"closed","template":"","meta":{"_eb_attr":""},"product_brand":[],"product_cat":[278,344,345,416],"product_tag":[],"class_list":{"0":"post-11514","1":"product","2":"type-product","3":"status-publish","4":"has-post-thumbnail","6":"product_cat-omphobby-m7-spare-parts","7":"product_cat-omphobby-m5-spare-parts","8":"product_cat-omphobby-m6-spare-parts","9":"product_cat-omphobby-m7r-spare-parts","11":"first","12":"instock","13":"taxable","14":"shipping-taxable","15":"purchasable","16":"product-type-simple"},"jetpack_sharing_enabled":true,"_links":{"self":[{"href":"https:\/\/originhobbies.com\/fi\/wp-json\/wp\/v2\/product\/11514","targetHints":{"allow":["GET"]}}],"collection":[{"href":"https:\/\/originhobbies.com\/fi\/wp-json\/wp\/v2\/product"}],"about":[{"href":"https:\/\/originhobbies.com\/fi\/wp-json\/wp\/v2\/types\/product"}],"replies":[{"embeddable":true,"href":"https:\/\/originhobbies.com\/fi\/wp-json\/wp\/v2\/comments?post=11514"}],"wp:featuredmedia":[{"embeddable":true,"href":"https:\/\/originhobbies.com\/fi\/wp-json\/wp\/v2\/media\/11513"}],"wp:attachment":[{"href":"https:\/\/originhobbies.com\/fi\/wp-json\/wp\/v2\/media?parent=11514"}],"wp:term":[{"taxonomy":"product_brand","embeddable":true,"href":"https:\/\/originhobbies.com\/fi\/wp-json\/wp\/v2\/product_brand?post=11514"},{"taxonomy":"product_cat","embeddable":true,"href":"https:\/\/originhobbies.com\/fi\/wp-json\/wp\/v2\/product_cat?post=11514"},{"taxonomy":"product_tag","embeddable":true,"href":"https:\/\/originhobbies.com\/fi\/wp-json\/wp\/v2\/product_tag?post=11514"}],"curies":[{"name":"wp","href":"https:\/\/api.w.org\/{rel}","templated":true}]}}