{"id":11484,"date":"2024-05-15T20:53:51","date_gmt":"2024-05-15T18:53:51","guid":{"rendered":"http:\/\/originhobbies.com\/shop\/uncategorized\/oshm7089-omp-m7-tail-housing-set\/"},"modified":"2026-04-06T01:05:36","modified_gmt":"2026-04-05T23:05:36","slug":"oshm7089-omp-m7-tail-housing-set","status":"publish","type":"product","link":"https:\/\/originhobbies.com\/fi\/shop\/helicopter-parts\/omphobby-spare-parts\/omphobby-m7-spare-parts\/oshm7089-omp-m7-tail-housing-set\/","title":{"rendered":"OSHM7089 OMP M7 Tail Housing Set"},"content":{"rendered":"<p>Tail Housing Set for OMPHobby M7 Helicopter, OSHM7089<\/p>\n<h4>Sis\u00e4lt\u00e4\u00e4<\/h4>\n<p>Tail Housing (\u00d71) (7-107)<br \/>\nFlanged Bearing \u03a66x\u03a615&#215;5 (\u00d72) (7-168)<\/p>","protected":false},"excerpt":{"rendered":"<p>Tail Housing Set for OMPHobby M7 Helicopter, OSHM7089 Includes Tail Housing (\u00d71) (7-107) Flanged Bearing \u03a66x\u03a615&#215;5 (\u00d72) (7-168)<\/p>","protected":false},"featured_media":11483,"comment_status":"open","ping_status":"closed","template":"","meta":{"_eb_attr":""},"product_brand":[],"product_cat":[278,416],"product_tag":[],"class_list":{"0":"post-11484","1":"product","2":"type-product","3":"status-publish","4":"has-post-thumbnail","6":"product_cat-omphobby-m7-spare-parts","7":"product_cat-omphobby-m7r-spare-parts","9":"first","10":"instock","11":"taxable","12":"shipping-taxable","13":"purchasable","14":"product-type-simple"},"jetpack_sharing_enabled":true,"_links":{"self":[{"href":"https:\/\/originhobbies.com\/fi\/wp-json\/wp\/v2\/product\/11484","targetHints":{"allow":["GET"]}}],"collection":[{"href":"https:\/\/originhobbies.com\/fi\/wp-json\/wp\/v2\/product"}],"about":[{"href":"https:\/\/originhobbies.com\/fi\/wp-json\/wp\/v2\/types\/product"}],"replies":[{"embeddable":true,"href":"https:\/\/originhobbies.com\/fi\/wp-json\/wp\/v2\/comments?post=11484"}],"wp:featuredmedia":[{"embeddable":true,"href":"https:\/\/originhobbies.com\/fi\/wp-json\/wp\/v2\/media\/11483"}],"wp:attachment":[{"href":"https:\/\/originhobbies.com\/fi\/wp-json\/wp\/v2\/media?parent=11484"}],"wp:term":[{"taxonomy":"product_brand","embeddable":true,"href":"https:\/\/originhobbies.com\/fi\/wp-json\/wp\/v2\/product_brand?post=11484"},{"taxonomy":"product_cat","embeddable":true,"href":"https:\/\/originhobbies.com\/fi\/wp-json\/wp\/v2\/product_cat?post=11484"},{"taxonomy":"product_tag","embeddable":true,"href":"https:\/\/originhobbies.com\/fi\/wp-json\/wp\/v2\/product_tag?post=11484"}],"curies":[{"name":"wp","href":"https:\/\/api.w.org\/{rel}","templated":true}]}}