{"id":11430,"date":"2024-05-15T20:53:41","date_gmt":"2024-05-15T18:53:41","guid":{"rendered":"http:\/\/originhobbies.com\/shop\/uncategorized\/oshm7062-omp-m7-main-pulley-110t-assembly\/"},"modified":"2026-04-06T01:05:36","modified_gmt":"2026-04-05T23:05:36","slug":"oshm7062-omp-m7-main-pulley-110t-assembly","status":"publish","type":"product","link":"https:\/\/originhobbies.com\/fi\/shop\/helicopter-parts\/omphobby-spare-parts\/omphobby-m7-spare-parts\/oshm7062-omp-m7-main-pulley-110t-assembly\/","title":{"rendered":"OSHM7062 OMP M7 Main Pulley 110T Assembly"},"content":{"rendered":"<p>Main Pulley 110T Assembly for OMPHobby M7 Helicopter, OSHM7062<\/p>\n<h4>Sis\u00e4lt\u00e4\u00e4<\/h4>\n<p>Main Pulley 110t (\u00d71) (7-052)<br \/>\nMain Pulley Flange (\u00d72) (7-011)<br \/>\nCountersunk Screw M2.5&#215;5 (\u00d712) (7-155)<br \/>\nHex Bolt (Half Thread) M4x23 (\u00d71) (7-137)<br \/>\nM4 Nyloc Nut (\u00d71) (7-164)<\/p>","protected":false},"excerpt":{"rendered":"<p>Main Pulley 110T Assembly for OMPHobby M7 Helicopter, OSHM7062 Includes Main Pulley 110t (\u00d71) (7-052) Main Pulley Flange (\u00d72) (7-011) Countersunk Screw M2.5&#215;5 (\u00d712) (7-155) Hex Bolt (Half Thread) M4x23 (\u00d71) (7-137) M4 Nyloc Nut (\u00d71) (7-164)<\/p>","protected":false},"featured_media":11429,"comment_status":"open","ping_status":"closed","template":"","meta":{"_eb_attr":""},"product_brand":[],"product_cat":[278,416],"product_tag":[],"class_list":{"0":"post-11430","1":"product","2":"type-product","3":"status-publish","4":"has-post-thumbnail","6":"product_cat-omphobby-m7-spare-parts","7":"product_cat-omphobby-m7r-spare-parts","9":"first","10":"instock","11":"taxable","12":"shipping-taxable","13":"purchasable","14":"product-type-simple"},"jetpack_sharing_enabled":true,"_links":{"self":[{"href":"https:\/\/originhobbies.com\/fi\/wp-json\/wp\/v2\/product\/11430","targetHints":{"allow":["GET"]}}],"collection":[{"href":"https:\/\/originhobbies.com\/fi\/wp-json\/wp\/v2\/product"}],"about":[{"href":"https:\/\/originhobbies.com\/fi\/wp-json\/wp\/v2\/types\/product"}],"replies":[{"embeddable":true,"href":"https:\/\/originhobbies.com\/fi\/wp-json\/wp\/v2\/comments?post=11430"}],"wp:featuredmedia":[{"embeddable":true,"href":"https:\/\/originhobbies.com\/fi\/wp-json\/wp\/v2\/media\/11429"}],"wp:attachment":[{"href":"https:\/\/originhobbies.com\/fi\/wp-json\/wp\/v2\/media?parent=11430"}],"wp:term":[{"taxonomy":"product_brand","embeddable":true,"href":"https:\/\/originhobbies.com\/fi\/wp-json\/wp\/v2\/product_brand?post=11430"},{"taxonomy":"product_cat","embeddable":true,"href":"https:\/\/originhobbies.com\/fi\/wp-json\/wp\/v2\/product_cat?post=11430"},{"taxonomy":"product_tag","embeddable":true,"href":"https:\/\/originhobbies.com\/fi\/wp-json\/wp\/v2\/product_tag?post=11430"}],"curies":[{"name":"wp","href":"https:\/\/api.w.org\/{rel}","templated":true}]}}